{"id":7863,"date":"2022-04-11T07:41:11","date_gmt":"2022-04-11T07:41:11","guid":{"rendered":"https:\/\/littlevintage.pl\/?post_type=product&#038;p=7863"},"modified":"2022-09-28T10:32:23","modified_gmt":"2022-09-28T10:32:23","slug":"sukienka-marie-white","status":"publish","type":"product","link":"https:\/\/littlevintage.pl\/en\/product\/sukienka-marie-white\/","title":{"rendered":"Sukienka Marie White"},"content":{"rendered":"<p>Lniana <strong>Marie<\/strong> w pi\u0119knym kolorze ciep\u0142ej bieli, to sukienka typu wrap dress (kopertowa). B\u0119dzie wspania\u0142\u0105 kompank\u0105 w letnie i wiosenne dni, przy mniej i bardziej formalnych okazjach. Szkopu\u0142 tkwi w dodatkach. Wiosn\u0105 pi\u0119knie wygl\u0105da w parze z balerinami, mokasynami, a nawet z par\u0105 kozak\u00f3w w be\u017cu czy br\u0105zie, latem cudownie sprawdz\u0105 si\u0119 do niej espardyle, sanda\u0142ki czy baleriny. Na formalne uroczysto\u015bci wystarczy p\u0142aszcz, lub delikatny kremowy sweter, czu\u0142enka i ulubion\u0105 torebka. Dla tych, kt\u00f3rzy odcienie bieli lubi\u0105 o ka\u017cdej porze roku Marie to sukienka ca\u0142oroczna! Na pewno nie warto chowa\u0107 jej g\u0142\u0119boko w szafie \ud83d\ude09 gruby len zapewnia oddech latem, chroni przed s\u0142o\u0144cem sk\u00f3r\u0119 ale w ch\u0142odniejsze wieczory ten materia\u0142 absolutnie nie jest przewiewny. Magia lnu sprawia, \u017ce mo\u017cemy cieszy\u0107 si\u0119 jednym ubraniem przez 4 pory roku.<\/p>\n<p>Zmi\u0119kczany len, z kt\u00f3rego powsta\u0142a <strong>Sukienka Marie <\/strong>ma certyfikat<strong> OEKO TEX STANDARD 100<\/strong>. To certyfikat \u015bwiadcz\u0105cy o jako\u015bci produkt\u00f3w tekstylnych i w\u0142\u00f3kienniczych, kt\u00f3re maj\u0105 bezpo\u015bredni\u0105 styczno\u015b\u0107 ze sk\u00f3r\u0105 cz\u0142owieka. Dzi\u0119ki badaniom przeprowadzonym w laboratoriach na ca\u0142ym \u015bwiecie certyfikowane produkty s\u0105 wolne od \u015brodk\u00f3w wp\u0142ywaj\u0105cych niekorzystnie na zdrowie ludzi (m.in. formaldehyd\u00f3w, pestycyd\u00f3w czy substancji, kt\u00f3re mog\u0105 by\u0107 przyczyn\u0105 wywo\u0142ywania alergii). Sukienka jest cudownie mi\u0119kka i bardzo przyjemna w noszeniu.<\/p>\n<p>&nbsp;<\/p>\n<p><strong>Czas Realizacji 14 dni roboczych.\u00a0<\/strong><\/p>\n<p>Zmierz si\u0119 i por\u00f3wnaj swoje wymiary do tych poni\u017cej, aby dobra\u0107 odpowiedni rozmiar sukienki:<\/p>\n<p><strong>ROZMIAR 36<\/strong><\/p>\n<p>Obw\u00f3d biustu: 84<\/p>\n<p>Obw\u00f3d Talii: 66<\/p>\n<p>Obw\u00f3d Bioder: 90<\/p>\n<p><strong>ROZMIAR 38\u00a0<\/strong><\/p>\n<p>Obw\u00f3d biustu: 88<\/p>\n<p>Obw\u00f3d Talii: 70<\/p>\n<p>Obw\u00f3d Bioder: 94<\/p>\n<p><strong>ROZMIAR 40<\/strong><\/p>\n<p>Obw\u00f3d biustu: 92<\/p>\n<p>Obw\u00f3d Talii: 74<\/p>\n<p>Obw\u00f3d Bioder: 98<\/p>\n<p><strong>ROZMIAR 42<\/strong><\/p>\n<p>Obw\u00f3d biustu: 96<\/p>\n<p>Obw\u00f3d Talii: 78<\/p>\n<p>Obw\u00f3d Bioder: 102<\/p>\n<p>&nbsp;<\/p>","protected":false},"excerpt":{"rendered":"<p>Lniana Marie w pi\u0119knym kolorze ciep\u0142ej bieli, to sukienka typu wrap dress. Sprawdzi si\u0119 w pracy, a tak\u017ce przy mniej formalnych okazjach. To zale\u017cy, jakie dodatki do niej dobierzesz.<\/p>\n<ul>\n<li>uszyta i zaprojektowana w Polsce<\/li>\n<li>czas realizacji 14 dni roboczych<\/li>\n<li>masz <strong>30 dni na zwrot\u00a0<\/strong><\/li>\n<li>dostawa do Polski za 17 z\u0142 kurierem DPD<\/li>\n<li>darmowa wysy\u0142ka powy\u017cej <strong>350 z\u0142<\/strong><\/li>\n<li>wysy\u0142amy za granic\u0119!<\/li>\n<\/ul>\n<p><strong>\u00a0<\/strong><\/p>","protected":false},"featured_media":7900,"comment_status":"open","ping_status":"closed","template":"","meta":{"_exactmetrics_skip_tracking":false,"_exactmetrics_sitenote_active":false,"_exactmetrics_sitenote_note":"","_exactmetrics_sitenote_category":0},"product_cat":[123,206,225],"product_tag":[],"_links":{"self":[{"href":"https:\/\/littlevintage.pl\/en\/wp-json\/wp\/v2\/product\/7863"}],"collection":[{"href":"https:\/\/littlevintage.pl\/en\/wp-json\/wp\/v2\/product"}],"about":[{"href":"https:\/\/littlevintage.pl\/en\/wp-json\/wp\/v2\/types\/product"}],"replies":[{"embeddable":true,"href":"https:\/\/littlevintage.pl\/en\/wp-json\/wp\/v2\/comments?post=7863"}],"version-history":[{"count":2,"href":"https:\/\/littlevintage.pl\/en\/wp-json\/wp\/v2\/product\/7863\/revisions"}],"predecessor-version":[{"id":7915,"href":"https:\/\/littlevintage.pl\/en\/wp-json\/wp\/v2\/product\/7863\/revisions\/7915"}],"wp:featuredmedia":[{"embeddable":true,"href":"https:\/\/littlevintage.pl\/en\/wp-json\/wp\/v2\/media\/7900"}],"wp:attachment":[{"href":"https:\/\/littlevintage.pl\/en\/wp-json\/wp\/v2\/media?parent=7863"}],"wp:term":[{"taxonomy":"product_cat","embeddable":true,"href":"https:\/\/littlevintage.pl\/en\/wp-json\/wp\/v2\/product_cat?post=7863"},{"taxonomy":"product_tag","embeddable":true,"href":"https:\/\/littlevintage.pl\/en\/wp-json\/wp\/v2\/product_tag?post=7863"}],"curies":[{"name":"wp","href":"https:\/\/api.w.org\/{rel}","templated":true}]}}