{"id":7857,"date":"2022-04-11T07:35:03","date_gmt":"2022-04-11T07:35:03","guid":{"rendered":"https:\/\/littlevintage.pl\/?post_type=product&#038;p=7857"},"modified":"2024-03-17T22:31:52","modified_gmt":"2024-03-17T22:31:52","slug":"sukienka-marie-wino","status":"publish","type":"product","link":"https:\/\/littlevintage.pl\/en\/product\/sukienka-marie-wino\/","title":{"rendered":"Sukienka Marie Wino"},"content":{"rendered":"<p>Lniana <strong>Marie<\/strong> w pi\u0119knym kolorze czerwonego wina, to sukienka typu wrap dress. Sprawdzi si\u0119 w pracy, a tak\u017ce przy mniej i bardziej formalnych okazjach. Wszystko zale\u017cy od dodatk\u00f3w. Jesieni\u0105 \u015bwietnie wygl\u0105da w parze\u00a0 wysokimi kozakami i kardiganem. Latem za\u0142\u00f3\u017c sanda\u0142ki na obcasie albo wygodne baleriny. A na spotkanie formalne po prostu eleganckie czu\u0142enka, p\u0142aszcz i ulubion\u0105 torebk\u0119. Marie to sukienka ca\u0142oroczna! Na pewno nie warto chowa\u0107 jej g\u0142\u0119boko w szafie \ud83d\ude09 Je\u015bli Twoja baza kolorystyczna to: br\u0105z, karmel, krem, be\u017c, bordo, ziele\u0144, czer\u0144, granat, rudy, to ta sukienka jest dla Ciebie!<\/p>\n<p>Zmi\u0119kczany len, z kt\u00f3rego powsta\u0142a <strong>Sukienka Marie <\/strong>ma certyfikat<strong> OEKO TEX STANDARD 100<\/strong>. To certyfikat \u015bwiadcz\u0105cy o jako\u015bci produkt\u00f3w tekstylnych i w\u0142\u00f3kienniczych, kt\u00f3re maj\u0105 bezpo\u015bredni\u0105 styczno\u015b\u0107 ze sk\u00f3r\u0105 cz\u0142owieka. Dzi\u0119ki badaniom przeprowadzonym w laboratoriach na ca\u0142ym \u015bwiecie certyfikowane produkty s\u0105 wolne od \u015brodk\u00f3w wp\u0142ywaj\u0105cych niekorzystnie na zdrowie ludzi (m.in. formaldehyd\u00f3w, pestycyd\u00f3w czy substancji, kt\u00f3re mog\u0105 by\u0107 przyczyn\u0105 wywo\u0142ywania alergii). Sukienka jest cudownie mi\u0119kka i bardzo przyjemna w noszeniu.<\/p>\n<p>&nbsp;<\/p>\n<p><strong>Czas Realizacji 14 dni roboczych.\u00a0<\/strong><\/p>\n<p>Zmierz si\u0119 i por\u00f3wnaj swoje wymiary do tych poni\u017cej, aby dobra\u0107 odpowiedni rozmiar sukienki:<\/p>\n<p><strong>ROZMIAR 36<\/strong><\/p>\n<p>Obw\u00f3d biustu: 84<\/p>\n<p>Obw\u00f3d Talii: 66<\/p>\n<p>Obw\u00f3d Bioder: 90<\/p>\n<p><strong>ROZMIAR 38\u00a0<\/strong><\/p>\n<p>Obw\u00f3d biustu: 88<\/p>\n<p>Obw\u00f3d Talii: 70<\/p>\n<p>Obw\u00f3d Bioder: 94<\/p>\n<p><strong>ROZMIAR 40<\/strong><\/p>\n<p>Obw\u00f3d biustu: 92<\/p>\n<p>Obw\u00f3d Talii: 74<\/p>\n<p>Obw\u00f3d Bioder: 98<\/p>\n<p><strong>ROZMIAR 42<\/strong><\/p>\n<p>Obw\u00f3d biustu: 96<\/p>\n<p>Obw\u00f3d Talii: 78<\/p>\n<p>Obw\u00f3d Bioder: 102<\/p>\n<p>&nbsp;<\/p>","protected":false},"excerpt":{"rendered":"<p>Lniana Marie w pi\u0119knym kolorze zgaszonego bordo, to sukienka typu wrap dress. Sprawdzi si\u0119 w pracy, a tak\u017ce przy mniej formalnych okazjach. To zale\u017cy, jakie dodatki do niej dobierzesz.<\/p>\n<ul>\n<li>uszyta i zaprojektowana w Polsce<\/li>\n<li>czas realizacji 14 dni roboczych<\/li>\n<li>masz <strong>30 dni na zwrot\u00a0<\/strong><\/li>\n<li>dostawa do Polski za 17 z\u0142 kurierem DPD<\/li>\n<li>darmowa wysy\u0142ka powy\u017cej <strong>350 z\u0142<\/strong><\/li>\n<li>wysy\u0142amy za granic\u0119!<\/li>\n<\/ul>\n<p><strong>\u00a0<\/strong><\/p>","protected":false},"featured_media":7843,"comment_status":"open","ping_status":"closed","template":"","meta":{"_exactmetrics_skip_tracking":false,"_exactmetrics_sitenote_active":false,"_exactmetrics_sitenote_note":"","_exactmetrics_sitenote_category":0},"product_cat":[123,206,225],"product_tag":[],"_links":{"self":[{"href":"https:\/\/littlevintage.pl\/en\/wp-json\/wp\/v2\/product\/7857"}],"collection":[{"href":"https:\/\/littlevintage.pl\/en\/wp-json\/wp\/v2\/product"}],"about":[{"href":"https:\/\/littlevintage.pl\/en\/wp-json\/wp\/v2\/types\/product"}],"replies":[{"embeddable":true,"href":"https:\/\/littlevintage.pl\/en\/wp-json\/wp\/v2\/comments?post=7857"}],"version-history":[{"count":1,"href":"https:\/\/littlevintage.pl\/en\/wp-json\/wp\/v2\/product\/7857\/revisions"}],"predecessor-version":[{"id":7862,"href":"https:\/\/littlevintage.pl\/en\/wp-json\/wp\/v2\/product\/7857\/revisions\/7862"}],"wp:featuredmedia":[{"embeddable":true,"href":"https:\/\/littlevintage.pl\/en\/wp-json\/wp\/v2\/media\/7843"}],"wp:attachment":[{"href":"https:\/\/littlevintage.pl\/en\/wp-json\/wp\/v2\/media?parent=7857"}],"wp:term":[{"taxonomy":"product_cat","embeddable":true,"href":"https:\/\/littlevintage.pl\/en\/wp-json\/wp\/v2\/product_cat?post=7857"},{"taxonomy":"product_tag","embeddable":true,"href":"https:\/\/littlevintage.pl\/en\/wp-json\/wp\/v2\/product_tag?post=7857"}],"curies":[{"name":"wp","href":"https:\/\/api.w.org\/{rel}","templated":true}]}}