{"id":7545,"date":"2021-12-04T21:22:16","date_gmt":"2021-12-04T21:22:16","guid":{"rendered":"https:\/\/littlevintage.pl\/?post_type=product&#038;p=7545"},"modified":"2022-09-28T10:25:46","modified_gmt":"2022-09-28T10:25:46","slug":"sukienka-bianca-bordo","status":"publish","type":"product","link":"https:\/\/littlevintage.pl\/en\/product\/sukienka-bianca-bordo\/","title":{"rendered":"Sukienka Bianca Bordo"},"content":{"rendered":"<p>Bianca Bordo to sukienka o pi\u0119knym, g\u0142\u0119bokim kolorze. Je\u015bli czeka Ci\u0119 rodzinna uroczysto\u015b\u0107, jak \u015awi\u0119ta, czy urodziny, Bianca Bordo sprawdzi si\u0119 doskonale. Nasze sukienki s\u0105 prawdziwie premium: pi\u0119knie uszyte, ze zmi\u0119kczanego lnu, z batystow\u0105 podszewk\u0105 na karczku. Je\u015bli szukasz czego\u015b pi\u0119knego, ale bez zb\u0119dnej przesady, to jeste\u015b w dobrym miejscu. Za ten wyb\u00f3r sobie podzi\u0119kujesz. \ud83d\ude42<\/p>","protected":false},"excerpt":{"rendered":"<p>Lniana Sukienka Bianca Bordo.<\/p>\n<ul>\n<li>uszyta i zaprojektowana w Polsce<\/li>\n<li>szyjemy cyklicznie niewielkie partie<\/li>\n<li>czas realizacji wynosi 2-3 dni robocze<\/li>\n<li>masz <strong>30 dni na zwrot\u00a0<\/strong><\/li>\n<li>dostawa do Polski za 17 z\u0142 kurierem DPD<\/li>\n<li>darmowa wysy\u0142ka powy\u017cej <strong>350 z\u0142<\/strong><\/li>\n<li>wysy\u0142amy za granic\u0119!<\/li>\n<li>nied\u0142ugo dost\u0119pne b\u0119d\u0105 p\u0142atno\u015bci\u00a0<strong>Przelewy24, w tej chwili przyjmujemy p\u0142atno\u015bci przelewem tradycyjnym.<\/strong><\/li>\n<\/ul>","protected":false},"featured_media":7598,"comment_status":"open","ping_status":"closed","template":"","meta":{"_exactmetrics_skip_tracking":false,"_exactmetrics_sitenote_active":false,"_exactmetrics_sitenote_note":"","_exactmetrics_sitenote_category":0},"product_cat":[20,114,225],"product_tag":[],"_links":{"self":[{"href":"https:\/\/littlevintage.pl\/en\/wp-json\/wp\/v2\/product\/7545"}],"collection":[{"href":"https:\/\/littlevintage.pl\/en\/wp-json\/wp\/v2\/product"}],"about":[{"href":"https:\/\/littlevintage.pl\/en\/wp-json\/wp\/v2\/types\/product"}],"replies":[{"embeddable":true,"href":"https:\/\/littlevintage.pl\/en\/wp-json\/wp\/v2\/comments?post=7545"}],"version-history":[{"count":6,"href":"https:\/\/littlevintage.pl\/en\/wp-json\/wp\/v2\/product\/7545\/revisions"}],"predecessor-version":[{"id":7736,"href":"https:\/\/littlevintage.pl\/en\/wp-json\/wp\/v2\/product\/7545\/revisions\/7736"}],"wp:featuredmedia":[{"embeddable":true,"href":"https:\/\/littlevintage.pl\/en\/wp-json\/wp\/v2\/media\/7598"}],"wp:attachment":[{"href":"https:\/\/littlevintage.pl\/en\/wp-json\/wp\/v2\/media?parent=7545"}],"wp:term":[{"taxonomy":"product_cat","embeddable":true,"href":"https:\/\/littlevintage.pl\/en\/wp-json\/wp\/v2\/product_cat?post=7545"},{"taxonomy":"product_tag","embeddable":true,"href":"https:\/\/littlevintage.pl\/en\/wp-json\/wp\/v2\/product_tag?post=7545"}],"curies":[{"name":"wp","href":"https:\/\/api.w.org\/{rel}","templated":true}]}}