{"id":7539,"date":"2021-12-03T22:47:22","date_gmt":"2021-12-03T22:47:22","guid":{"rendered":"https:\/\/littlevintage.pl\/?post_type=product&#038;p=7539"},"modified":"2024-03-17T06:57:40","modified_gmt":"2024-03-17T06:57:40","slug":"sukienka-marie-black","status":"publish","type":"product","link":"https:\/\/littlevintage.pl\/en\/product\/sukienka-marie-black\/","title":{"rendered":"Sukienka Marie Black"},"content":{"rendered":"<p>Lniana <strong>Marie<\/strong> w klasycznym czarnym kolorze, to sukienka typu wrap dress. Sprawdzi si\u0119 wsz\u0119dzie; na rodzinnym spotkaniu, w pracy, na kawie ze znajomymi, spacerze z dzieckiem, randce w restauracji. To sukienka ca\u0142oroczna! Gruby, mi\u0119kki len pi\u0119knie komponuje si\u0119 z p\u0142aszczem i kryj\u0105cymi rajstopami, a latem cudownie oddycha i chroni przed upalnym s\u0142o\u0144cem na go\u0142ej sk\u00f3rze.<\/p>\n<p>\u015awietnie wygl\u0105da w parze\u00a0 wysokimi kozakami, balerinkami, sanda\u0142kami czy cz\u00f3\u0142enkami. Na pewno nie schowasz jej g\u0142\u0119boko w szafie. \ud83d\ude42<\/p>\n<p>Zmi\u0119kczany i prany len, z kt\u00f3rego powsta\u0142a <strong>Sukienka Marie <\/strong>ma certyfikat<strong> OEKO TEX STANDARD 100<\/strong>. To certyfikat \u015bwiadcz\u0105cy o jako\u015bci produkt\u00f3w tekstylnych i w\u0142\u00f3kienniczych, kt\u00f3re maj\u0105 bezpo\u015bredni\u0105 styczno\u015b\u0107 ze sk\u00f3r\u0105 cz\u0142owieka. Dzi\u0119ki badaniom przeprowadzonym w laboratoriach na ca\u0142ym \u015bwiecie certyfikowane produkty s\u0105 wolne od \u015brodk\u00f3w wp\u0142ywaj\u0105cych niekorzystnie na zdrowie ludzi (m.in. formaldehyd\u00f3w, pestycyd\u00f3w czy substancji, kt\u00f3re mog\u0105 by\u0107 przyczyn\u0105 wywo\u0142ywania alergii). Sukienka jest cudownie mi\u0119kka i bardzo przyjemna w noszeniu, \u0142atwo si\u0119 prasuje, a dzi\u0119ki temu, \u017ce materia\u0142 prany jest jeszcze na etapie produkcyjnym nie ma mowy o kurczliwo\u015bci materia\u0142u.<\/p>\n<p>&nbsp;<\/p>\n<p><strong>Czas Realizacji 2-3 dni robocze.\u00a0<\/strong><\/p>\n<p>Zmierz si\u0119 i por\u00f3wnaj swoje wymiary do tych poni\u017cej, aby dobra\u0107 odpowiedni rozmiar sukienki:<\/p>\n<p><strong>ROZMIAR 36<\/strong><\/p>\n<p>Obw\u00f3d biustu: 84<\/p>\n<p>Obw\u00f3d Talii: 66<\/p>\n<p>Obw\u00f3d Bioder: 90<\/p>\n<p><strong>ROZMIAR 38\u00a0<\/strong><\/p>\n<p>Obw\u00f3d biustu: 88<\/p>\n<p>Obw\u00f3d Talii: 70<\/p>\n<p>Obw\u00f3d Bioder: 94<\/p>\n<p><strong>ROZMIAR 40<\/strong><\/p>\n<p>Obw\u00f3d biustu: 92<\/p>\n<p>Obw\u00f3d Talii: 74<\/p>\n<p>Obw\u00f3d Bioder: 98<\/p>\n<p><strong>ROZMIAR 42<\/strong><\/p>\n<p>Obw\u00f3d biustu: 96<\/p>\n<p>Obw\u00f3d Talii: 78<\/p>\n<p>Obw\u00f3d Bioder: 102<\/p>","protected":false},"excerpt":{"rendered":"<p>Lniana Sukienka Marie Black.<\/p>\n<ul>\n<li>uszyta i zaprojektowana w Polsce<\/li>\n<li>szyjemy cyklicznie niewielkie partie<\/li>\n<li>czas realizacji wynosi 2-3 dni robocze<\/li>\n<li>masz <strong>30 dni na zwrot\u00a0<\/strong><\/li>\n<li>dostawa do Polski za 17 z\u0142 kurierem DPD<\/li>\n<li>darmowa wysy\u0142ka powy\u017cej <strong>350 z\u0142<\/strong><\/li>\n<li>wysy\u0142amy za granic\u0119!<\/li>\n<li>nied\u0142ugo dost\u0119pne b\u0119d\u0105 p\u0142atno\u015bci\u00a0<strong>Przelewy24, w tej chwili przyjmujemy p\u0142atno\u015bci przelewem tradycyjnym.<\/strong><\/li>\n<\/ul>","protected":false},"featured_media":7548,"comment_status":"open","ping_status":"closed","template":"","meta":{"_exactmetrics_skip_tracking":false,"_exactmetrics_sitenote_active":false,"_exactmetrics_sitenote_note":"","_exactmetrics_sitenote_category":0},"product_cat":[123,120,206,225],"product_tag":[],"_links":{"self":[{"href":"https:\/\/littlevintage.pl\/en\/wp-json\/wp\/v2\/product\/7539"}],"collection":[{"href":"https:\/\/littlevintage.pl\/en\/wp-json\/wp\/v2\/product"}],"about":[{"href":"https:\/\/littlevintage.pl\/en\/wp-json\/wp\/v2\/types\/product"}],"replies":[{"embeddable":true,"href":"https:\/\/littlevintage.pl\/en\/wp-json\/wp\/v2\/comments?post=7539"}],"version-history":[{"count":4,"href":"https:\/\/littlevintage.pl\/en\/wp-json\/wp\/v2\/product\/7539\/revisions"}],"predecessor-version":[{"id":7738,"href":"https:\/\/littlevintage.pl\/en\/wp-json\/wp\/v2\/product\/7539\/revisions\/7738"}],"wp:featuredmedia":[{"embeddable":true,"href":"https:\/\/littlevintage.pl\/en\/wp-json\/wp\/v2\/media\/7548"}],"wp:attachment":[{"href":"https:\/\/littlevintage.pl\/en\/wp-json\/wp\/v2\/media?parent=7539"}],"wp:term":[{"taxonomy":"product_cat","embeddable":true,"href":"https:\/\/littlevintage.pl\/en\/wp-json\/wp\/v2\/product_cat?post=7539"},{"taxonomy":"product_tag","embeddable":true,"href":"https:\/\/littlevintage.pl\/en\/wp-json\/wp\/v2\/product_tag?post=7539"}],"curies":[{"name":"wp","href":"https:\/\/api.w.org\/{rel}","templated":true}]}}