{"id":6949,"date":"2021-04-28T09:33:37","date_gmt":"2021-04-28T09:33:37","guid":{"rendered":"https:\/\/littlevintage.pl\/?post_type=product&#038;p=6949"},"modified":"2024-03-17T00:28:34","modified_gmt":"2024-03-17T00:28:34","slug":"muslinowe-bloomersy-rose-quartz","status":"publish","type":"product","link":"https:\/\/littlevintage.pl\/en\/product\/muslinowe-bloomersy-rose-quartz\/","title":{"rendered":"Mu\u015blinowe Bloomersy &#8211; Rose Quartz"},"content":{"rendered":"<p>Bloomersy z falbank\u0105 to nasza nowo\u015b\u0107 na lato. \u015awietnie sprawdz\u0105 si\u0119 w upalne dni, zabierz je wi\u0119c na wakacje, lub weekend nad wod\u0105. S\u0105 mi\u0119kkie i wygodne, uszyli\u015bmy je z bawe\u0142nianego mu\u015blinu o surowej strukturze, przypominaj\u0105cej len. Dobierz do nich bluzeczk\u0119, aby stworzy\u0107 zestaw.<\/p>\n<p><strong>Ka\u017cdy produkt szyjemy specjalnie dla Ciebie, dlatego czas realizacji wynosi 14 dni roboczych. Wiemy, \u017ce to niema\u0142o, ale na dobre rzeczy warto poczeka\u0107 \ud83d\ude09 Jednak, je\u015bli potrzebujesz czego\u015b na ju\u017c, napisz na <a href=\"mailto:kontakt@littlevintage.pl\">kontakt@littlevintage.pl<\/a> , zrobimy co si\u0119 da \u017ceby pom\u00f3c!<\/strong><\/p>","protected":false},"excerpt":{"rendered":"<p>Mu\u015blinowe bloomersy z falbank\u0105.<\/p>\n<ul>\n<li>uszyte i zaprojektowane w Polsce<\/li>\n<li>czas realizacji wynosi <strong>14 dni<\/strong> roboczych.<br \/>\nWiemy, \u017ce to niema\u0142o, ale na dobre rzeczy warto poczeka\u0107 : )<\/li>\n<li>masz\u00a0<strong>30 dni na zwrot i wymian\u0119<\/strong><\/li>\n<li>dostawa do Polski za 17 z\u0142 kurierem DPD<\/li>\n<li>darmowa wysy\u0142ka powy\u017cej\u00a0<strong>350 z\u0142<\/strong><\/li>\n<li>wysy\u0142amy za granic\u0119!<\/li>\n<\/ul>","protected":false},"featured_media":7081,"comment_status":"open","ping_status":"closed","template":"","meta":{"_exactmetrics_skip_tracking":false,"_exactmetrics_sitenote_active":false,"_exactmetrics_sitenote_note":"","_exactmetrics_sitenote_category":0},"product_cat":[119,130,20,122],"product_tag":[97,107,104,105,106,111,110],"_links":{"self":[{"href":"https:\/\/littlevintage.pl\/en\/wp-json\/wp\/v2\/product\/6949"}],"collection":[{"href":"https:\/\/littlevintage.pl\/en\/wp-json\/wp\/v2\/product"}],"about":[{"href":"https:\/\/littlevintage.pl\/en\/wp-json\/wp\/v2\/types\/product"}],"replies":[{"embeddable":true,"href":"https:\/\/littlevintage.pl\/en\/wp-json\/wp\/v2\/comments?post=6949"}],"version-history":[{"count":5,"href":"https:\/\/littlevintage.pl\/en\/wp-json\/wp\/v2\/product\/6949\/revisions"}],"predecessor-version":[{"id":7748,"href":"https:\/\/littlevintage.pl\/en\/wp-json\/wp\/v2\/product\/6949\/revisions\/7748"}],"wp:featuredmedia":[{"embeddable":true,"href":"https:\/\/littlevintage.pl\/en\/wp-json\/wp\/v2\/media\/7081"}],"wp:attachment":[{"href":"https:\/\/littlevintage.pl\/en\/wp-json\/wp\/v2\/media?parent=6949"}],"wp:term":[{"taxonomy":"product_cat","embeddable":true,"href":"https:\/\/littlevintage.pl\/en\/wp-json\/wp\/v2\/product_cat?post=6949"},{"taxonomy":"product_tag","embeddable":true,"href":"https:\/\/littlevintage.pl\/en\/wp-json\/wp\/v2\/product_tag?post=6949"}],"curies":[{"name":"wp","href":"https:\/\/api.w.org\/{rel}","templated":true}]}}