{"id":6925,"date":"2021-04-28T09:32:18","date_gmt":"2021-04-28T09:32:18","guid":{"rendered":"https:\/\/littlevintage.pl\/?post_type=product&#038;p=6925"},"modified":"2022-04-29T07:19:17","modified_gmt":"2022-04-29T07:19:17","slug":"muslinowa-bluzeczka-rose-quartz","status":"publish","type":"product","link":"https:\/\/littlevintage.pl\/en\/product\/muslinowa-bluzeczka-rose-quartz\/","title":{"rendered":"Mu\u015blinowa Bluzeczka &#8211; Rose Quartz"},"content":{"rendered":"<p>Letnia bluzeczka wi\u0105zana na ramionach uroczymi troczkami. Wygodna, urocza i praktyczna. Zabierz j\u0105 na wakacje, lub za\u0142\u00f3\u017c C\u00f3reczce w upalny dzie\u0144. Na pewno si\u0119 sprawdzi. Uszyli\u015bmy j\u0105 z mi\u0119kkiego mu\u015blinu o surowej strukturze, przypominaj\u0105cej len. Do kompletu dobierz bloomersy! Stworz\u0105 \u015bwietny zestaw.<\/p>\n<p><strong>Ka\u017cdy produkt szyjemy specjalnie dla Ciebie, dlatego czas realizacji wynosi 14 dni roboczych. Wiemy, \u017ce to niema\u0142o, ale na dobre rzeczy warto poczeka\u0107 \ud83d\ude09 Jednak, je\u015bli potrzebujesz czego\u015b na ju\u017c, napisz na <a href=\"mailto:kontakt@littlevintage.pl\">kontakt@littlevintage.pl<\/a> , zrobimy co si\u0119 da \u017ceby pom\u00f3c!<\/strong><\/p>","protected":false},"excerpt":{"rendered":"<p>Mu\u015blinowa letnia bluzeczka.<\/p>\n<ul>\n<li>uszyta i zaprojektowana w Polsce<\/li>\n<li>czas realizacji wynosi <strong>14 dni<\/strong> roboczych.<br \/>\nWiemy, \u017ce to niema\u0142o, ale na dobre rzeczy warto poczeka\u0107 : )<\/li>\n<li>masz\u00a0<strong>30 dni na zwrot\u00a0<\/strong><\/li>\n<li>dostawa do Polski za 17 z\u0142 kurierem DPD<\/li>\n<li>darmowa wysy\u0142ka powy\u017cej\u00a0<strong>350 z\u0142<\/strong><\/li>\n<li>wysy\u0142amy za granic\u0119!<\/li>\n<\/ul>","protected":false},"featured_media":7087,"comment_status":"open","ping_status":"closed","template":"","meta":{"_exactmetrics_skip_tracking":false,"_exactmetrics_sitenote_active":false,"_exactmetrics_sitenote_note":"","_exactmetrics_sitenote_category":0},"product_cat":[118,20,122,131],"product_tag":[239,238,107,104,105,106,111,110],"_links":{"self":[{"href":"https:\/\/littlevintage.pl\/en\/wp-json\/wp\/v2\/product\/6925"}],"collection":[{"href":"https:\/\/littlevintage.pl\/en\/wp-json\/wp\/v2\/product"}],"about":[{"href":"https:\/\/littlevintage.pl\/en\/wp-json\/wp\/v2\/types\/product"}],"replies":[{"embeddable":true,"href":"https:\/\/littlevintage.pl\/en\/wp-json\/wp\/v2\/comments?post=6925"}],"version-history":[{"count":4,"href":"https:\/\/littlevintage.pl\/en\/wp-json\/wp\/v2\/product\/6925\/revisions"}],"predecessor-version":[{"id":7750,"href":"https:\/\/littlevintage.pl\/en\/wp-json\/wp\/v2\/product\/6925\/revisions\/7750"}],"wp:featuredmedia":[{"embeddable":true,"href":"https:\/\/littlevintage.pl\/en\/wp-json\/wp\/v2\/media\/7087"}],"wp:attachment":[{"href":"https:\/\/littlevintage.pl\/en\/wp-json\/wp\/v2\/media?parent=6925"}],"wp:term":[{"taxonomy":"product_cat","embeddable":true,"href":"https:\/\/littlevintage.pl\/en\/wp-json\/wp\/v2\/product_cat?post=6925"},{"taxonomy":"product_tag","embeddable":true,"href":"https:\/\/littlevintage.pl\/en\/wp-json\/wp\/v2\/product_tag?post=6925"}],"curies":[{"name":"wp","href":"https:\/\/api.w.org\/{rel}","templated":true}]}}