{"id":6895,"date":"2021-04-28T09:15:42","date_gmt":"2021-04-28T09:15:42","guid":{"rendered":"https:\/\/littlevintage.pl\/?post_type=product&#038;p=6895"},"modified":"2023-09-26T19:26:18","modified_gmt":"2023-09-26T19:26:18","slug":"spodnie-lniane-salty-caramel","status":"publish","type":"product","link":"https:\/\/littlevintage.pl\/en\/product\/spodnie-lniane-salty-caramel\/","title":{"rendered":"Spodnie Lniane Salty Caramel"},"content":{"rendered":"<p><b>Spodnie lniane Salty Caramel <\/b>dla ch\u0142opca. Wygodne i uniwersalne, a przede wszystkim wytrzyma\u0142e. Nie uwieraj\u0105 i daj\u0105 swobod\u0119 ma\u0142ym \u0141obuzom.\u00a0 Dobierz do nich nasz\u0105 lnian\u0105 koszul\u0119 i stw\u00f3rz <strong>Set.\u00a0<\/strong><\/p>\n<p><strong>Ka\u017cdy produkt szyjemy specjalnie dla Ciebie, dlatego czas realizacji wynosi 7-10 dni roboczych. Wiemy, \u017ce to niema\u0142o, ale na dobre rzeczy warto poczeka\u0107 \ud83d\ude09 Jednak, je\u015bli potrzebujesz czego\u015b na ju\u017c, napisz na <a href=\"mailto:kontakt@littlevintage.pl\">kontakt@littlevintage.pl<\/a> , zrobimy co si\u0119 da \u017ceby pom\u00f3c!<\/strong><\/p>","protected":false},"excerpt":{"rendered":"<p><b>spodnie <\/b>dla ch\u0142opca.<\/p>\n<ul>\n<li>uszyte i zaprojektowane w Polsce<\/li>\n<li>czas realizacji wynosi<strong> 7-10 dni<\/strong> roboczych.<br \/>\nWiemy, \u017ce to niema\u0142o, ale na dobre rzeczy warto poczeka\u0107 : )<\/li>\n<li>masz <strong>30 dni na zwrot\u00a0<\/strong><\/li>\n<li>dostawa do Polski za 14 z\u0142 kurierem DPD<\/li>\n<li>darmowa wysy\u0142ka powy\u017cej <strong>350 z\u0142<\/strong><\/li>\n<li>wysy\u0142amy za granic\u0119!<\/li>\n<li>zap\u0142a\u0107 bezpiecznie przez <strong>Przelewy24<\/strong> lub <strong>PayPal<\/strong><\/li>\n<\/ul>","protected":false},"featured_media":7301,"comment_status":"open","ping_status":"closed","template":"","meta":{"_exactmetrics_skip_tracking":false,"_exactmetrics_sitenote_active":false,"_exactmetrics_sitenote_note":"","_exactmetrics_sitenote_category":0},"product_cat":[29,120,204],"product_tag":[139,47,32,237,63,163],"_links":{"self":[{"href":"https:\/\/littlevintage.pl\/en\/wp-json\/wp\/v2\/product\/6895"}],"collection":[{"href":"https:\/\/littlevintage.pl\/en\/wp-json\/wp\/v2\/product"}],"about":[{"href":"https:\/\/littlevintage.pl\/en\/wp-json\/wp\/v2\/types\/product"}],"replies":[{"embeddable":true,"href":"https:\/\/littlevintage.pl\/en\/wp-json\/wp\/v2\/comments?post=6895"}],"version-history":[{"count":3,"href":"https:\/\/littlevintage.pl\/en\/wp-json\/wp\/v2\/product\/6895\/revisions"}],"predecessor-version":[{"id":7347,"href":"https:\/\/littlevintage.pl\/en\/wp-json\/wp\/v2\/product\/6895\/revisions\/7347"}],"wp:featuredmedia":[{"embeddable":true,"href":"https:\/\/littlevintage.pl\/en\/wp-json\/wp\/v2\/media\/7301"}],"wp:attachment":[{"href":"https:\/\/littlevintage.pl\/en\/wp-json\/wp\/v2\/media?parent=6895"}],"wp:term":[{"taxonomy":"product_cat","embeddable":true,"href":"https:\/\/littlevintage.pl\/en\/wp-json\/wp\/v2\/product_cat?post=6895"},{"taxonomy":"product_tag","embeddable":true,"href":"https:\/\/littlevintage.pl\/en\/wp-json\/wp\/v2\/product_tag?post=6895"}],"curies":[{"name":"wp","href":"https:\/\/api.w.org\/{rel}","templated":true}]}}