{"id":6788,"date":"2021-04-28T08:17:34","date_gmt":"2021-04-28T08:17:34","guid":{"rendered":"https:\/\/littlevintage.pl\/?post_type=product&#038;p=6788"},"modified":"2023-09-26T19:26:36","modified_gmt":"2023-09-26T19:26:36","slug":"sukienka-mist","status":"publish","type":"product","link":"https:\/\/littlevintage.pl\/en\/product\/sukienka-mist\/","title":{"rendered":"Sukienka Mist"},"content":{"rendered":"<p>Uszyta z delikatnego i mi\u0119kkiego mu\u015blinu, w odcieniu r\u00f3\u017cu, kt\u00f3ry b\u0119dzie pasowa\u0107 ka\u017cdej dziewczynce. Ma lu\u017any fason, kieszonki na skarby i urocz\u0105 falban\u0119. Idealna na upalne dni, sprawdzi si\u0119 te\u017c kiedy brak pogody, wystarczy za\u0142o\u017cy\u0107 podkolan\u00f3wki i sweterek. Ka\u017cda z naszych sukienek na podszewk\u0119 w g\u00f3rnej cz\u0119\u015bci (tal zwanym &#8222;karczku&#8221;) po to, aby jej wyko\u0144czenie by\u0142o jak najbardziej estetyczne a szwy ukryte.<\/p>\n<p>W tej sukience wygod\u0119 po\u0142\u0105czyli\u015bmy z urokiem i uwa\u017camy, \u017ce wysz\u0142o \u015bwietnie ; )<\/p>\n<p><strong>Ka\u017cdy produkt szyjemy specjalnie dla Ciebie, dlatego czas realizacji wynosi 14 dni roboczych. Wiemy, \u017ce to niema\u0142o, ale na dobre rzeczy warto poczeka\u0107 \ud83d\ude09 Jednak, je\u015bli potrzebujesz czego\u015b na ju\u017c, napisz na <a href=\"mailto:kontakt@littlevintage.pl\">kontakt@littlevintage.pl<\/a> , zrobimy co si\u0119 da \u017ceby pom\u00f3c!<\/strong><\/p>\n<p>&nbsp;<\/p>","protected":false},"excerpt":{"rendered":"<p>Mu\u015blinowa Sukienka Mist.<\/p>\n<ul>\n<li>uszyta i zaprojektowana w Polsce<\/li>\n<li>czas realizacji wynosi <strong>14 dni<\/strong> roboczych.<br \/>\nWiemy, \u017ce to niema\u0142o, ale na dobre rzeczy warto poczeka\u0107 : )<\/li>\n<li>masz <strong>30 dni na zwrot\u00a0<\/strong><\/li>\n<li>dostawa do Polski za 17 z\u0142 kurierem DPD<\/li>\n<li>darmowa wysy\u0142ka powy\u017cej <strong>350 z\u0142<\/strong><\/li>\n<li>wysy\u0142amy za granic\u0119!<\/li>\n<\/ul>\n<p>&nbsp;<\/p>","protected":false},"featured_media":7104,"comment_status":"open","ping_status":"closed","template":"","meta":{"_exactmetrics_skip_tracking":false,"_exactmetrics_sitenote_active":false,"_exactmetrics_sitenote_note":"","_exactmetrics_sitenote_category":0},"product_cat":[20,122,114,127],"product_tag":[38,183,36,219],"_links":{"self":[{"href":"https:\/\/littlevintage.pl\/en\/wp-json\/wp\/v2\/product\/6788"}],"collection":[{"href":"https:\/\/littlevintage.pl\/en\/wp-json\/wp\/v2\/product"}],"about":[{"href":"https:\/\/littlevintage.pl\/en\/wp-json\/wp\/v2\/types\/product"}],"replies":[{"embeddable":true,"href":"https:\/\/littlevintage.pl\/en\/wp-json\/wp\/v2\/comments?post=6788"}],"version-history":[{"count":5,"href":"https:\/\/littlevintage.pl\/en\/wp-json\/wp\/v2\/product\/6788\/revisions"}],"predecessor-version":[{"id":7758,"href":"https:\/\/littlevintage.pl\/en\/wp-json\/wp\/v2\/product\/6788\/revisions\/7758"}],"wp:featuredmedia":[{"embeddable":true,"href":"https:\/\/littlevintage.pl\/en\/wp-json\/wp\/v2\/media\/7104"}],"wp:attachment":[{"href":"https:\/\/littlevintage.pl\/en\/wp-json\/wp\/v2\/media?parent=6788"}],"wp:term":[{"taxonomy":"product_cat","embeddable":true,"href":"https:\/\/littlevintage.pl\/en\/wp-json\/wp\/v2\/product_cat?post=6788"},{"taxonomy":"product_tag","embeddable":true,"href":"https:\/\/littlevintage.pl\/en\/wp-json\/wp\/v2\/product_tag?post=6788"}],"curies":[{"name":"wp","href":"https:\/\/api.w.org\/{rel}","templated":true}]}}