{"id":6778,"date":"2021-04-28T08:14:16","date_gmt":"2021-04-28T08:14:16","guid":{"rendered":"https:\/\/littlevintage.pl\/?post_type=product&#038;p=6778"},"modified":"2022-04-29T07:11:29","modified_gmt":"2022-04-29T07:11:29","slug":"sukienka-wendy","status":"publish","type":"product","link":"https:\/\/littlevintage.pl\/en\/product\/sukienka-wendy\/","title":{"rendered":"Sukienka Wendy"},"content":{"rendered":"<p>Klasyczna i ponadczasowa forma tej sukienki daje wiele mo\u017cliwo\u015bci: mo\u017cesz za\u0142o\u017cy\u0107 j\u0105 swojej C\u00f3reczce na wyj\u0105tkow\u0105 okazj\u0119, ale je\u015bli lubi si\u0119 stroi\u0107, nasza Wendy sprawdzi si\u0119 te\u017c na co dzie\u0144.<\/p>\n<p>Jest uszyta z mi\u0119kkiego mu\u015blinu, haftowanego w urocze kwiatuszki. Sza\u0142wiowy odcie\u0144 zieleni to jeden z naszych ulubionych i pasuje ka\u017cdej dziewczynce. Sukienka Wendy pi\u0119knie komponuje si\u0119 z naszym ko\u0142nierzykiem Louise, znajdziesz go w kategorii &#8222;Akcesoria&#8221;. Ka\u017cda z naszych sukienek na podszewk\u0119 w g\u00f3rnej cz\u0119\u015bci (tak zwanym &#8222;karczku&#8221;) po to, aby jej wyko\u0144czenie by\u0142o jak najbardziej estetyczne a szwy ukryte.<\/p>\n<p><strong>Ka\u017cdy produkt szyjemy specjalnie dla Ciebie, dlatego czas realizacji wynosi 14 dni roboczych. Wiemy, \u017ce to niema\u0142o, ale na dobre rzeczy warto poczeka\u0107 \ud83d\ude09 Jednak, je\u015bli potrzebujesz czego\u015b na ju\u017c, napisz na <a href=\"mailto:kontakt@littlevintage.pl\">kontakt@littlevintage.pl<\/a> , zrobimy co si\u0119 da \u017ceby pom\u00f3c!<\/strong><\/p>\n<p>&nbsp;<\/p>","protected":false},"excerpt":{"rendered":"<p>Mu\u015blinowa Sukienka Wendy.<\/p>\n<ul>\n<li>uszyta i zaprojektowana w Polsce<\/li>\n<li>czas realizacji wynosi <strong>14 dni<\/strong> roboczych.<br \/>\nWiemy, \u017ce to niema\u0142o, ale na dobre rzeczy warto poczeka\u0107 : )<\/li>\n<li>masz <strong>30 dni na zwrot\u00a0<\/strong><\/li>\n<li>dostawa do Polski za 17 z\u0142 kurierem DPD<\/li>\n<li>darmowa wysy\u0142ka powy\u017cej <strong>350 z\u0142<\/strong><\/li>\n<li>wysy\u0142amy za granic\u0119!<\/li>\n<\/ul>\n<p>&nbsp;<\/p>","protected":false},"featured_media":7108,"comment_status":"open","ping_status":"closed","template":"","meta":{"_exactmetrics_skip_tracking":false,"_exactmetrics_sitenote_active":false,"_exactmetrics_sitenote_note":"","_exactmetrics_sitenote_category":0},"product_cat":[20,122,114,127],"product_tag":[38,183,36,219],"_links":{"self":[{"href":"https:\/\/littlevintage.pl\/en\/wp-json\/wp\/v2\/product\/6778"}],"collection":[{"href":"https:\/\/littlevintage.pl\/en\/wp-json\/wp\/v2\/product"}],"about":[{"href":"https:\/\/littlevintage.pl\/en\/wp-json\/wp\/v2\/types\/product"}],"replies":[{"embeddable":true,"href":"https:\/\/littlevintage.pl\/en\/wp-json\/wp\/v2\/comments?post=6778"}],"version-history":[{"count":10,"href":"https:\/\/littlevintage.pl\/en\/wp-json\/wp\/v2\/product\/6778\/revisions"}],"predecessor-version":[{"id":7904,"href":"https:\/\/littlevintage.pl\/en\/wp-json\/wp\/v2\/product\/6778\/revisions\/7904"}],"wp:featuredmedia":[{"embeddable":true,"href":"https:\/\/littlevintage.pl\/en\/wp-json\/wp\/v2\/media\/7108"}],"wp:attachment":[{"href":"https:\/\/littlevintage.pl\/en\/wp-json\/wp\/v2\/media?parent=6778"}],"wp:term":[{"taxonomy":"product_cat","embeddable":true,"href":"https:\/\/littlevintage.pl\/en\/wp-json\/wp\/v2\/product_cat?post=6778"},{"taxonomy":"product_tag","embeddable":true,"href":"https:\/\/littlevintage.pl\/en\/wp-json\/wp\/v2\/product_tag?post=6778"}],"curies":[{"name":"wp","href":"https:\/\/api.w.org\/{rel}","templated":true}]}}