{"id":6767,"date":"2021-04-28T08:09:40","date_gmt":"2021-04-28T08:09:40","guid":{"rendered":"https:\/\/littlevintage.pl\/?post_type=product&#038;p=6767"},"modified":"2022-12-09T13:11:47","modified_gmt":"2022-12-09T13:11:47","slug":"sukienka-avonlea","status":"publish","type":"product","link":"https:\/\/littlevintage.pl\/en\/product\/sukienka-avonlea\/","title":{"rendered":"Sukienka Avonlea"},"content":{"rendered":"<p>Kiedy patrzymy na t\u0119 sukienk\u0119, przychodzi nam na my\u015bl najbardziej znana Ania \u015bwiatowej literatury dla dzieci &#8211; ta z Zielonego Wzg\u00f3rza oczywi\u015bcie. Nasza sukienka Avonlea jest skromna, klasyczna, ale to zupe\u0142nie nie przeszkadza jej robi\u0107 wra\u017cenie! Minimalizm tej sukienki rzuca si\u0119 w oczy bardziej, ni\u017c spektakularne stroje.<\/p>\n<p>Avonlea uszyli\u015bmy z delikatnego, zmi\u0119kczanego lnu w naturalnym odcieniu, a bia\u0142y ko\u0142nierzyk do\u0142o\u017cyli\u015bmy dla kontrastu i efektu vintage. Ty\u0142 sukienki zdobi urocza kokarda. Ka\u017cda z naszych sukienek na podszewk\u0119 w g\u00f3rnej cz\u0119\u015bci (tal zwanym &#8222;karczku&#8221;) po to, aby jej wyko\u0144czenie by\u0142o jak najbardziej estetyczne a szwy ukryte.<\/p>\n<p>&nbsp;<\/p>","protected":false},"excerpt":{"rendered":"<p>Lniana Sukienka Avonlea.<\/p>\n<ul>\n<li>uszyta i zaprojektowana w Polsce<\/li>\n<li>szyjemy cyklicznie niewielkie partie<\/li>\n<li>czas realizacji wynosi 2-3 dni robocze.<\/li>\n<li>masz <strong>30 dni na zwrot\u00a0<\/strong><\/li>\n<li>dostawa do Polski za 17 z\u0142 kurierem DPD<\/li>\n<li>darmowa wysy\u0142ka powy\u017cej <strong>350 z\u0142<\/strong><\/li>\n<li>wysy\u0142amy za granic\u0119!<\/li>\n<li>nied\u0142ugo dost\u0119pne b\u0119d\u0105 p\u0142atno\u015bci\u00a0<strong>Przelewy24, w tej chwili przyjmujemy p\u0142atno\u015bci przelewem tradycyjnym.<\/strong><\/li>\n<\/ul>\n<p>&nbsp;<\/p>","protected":false},"featured_media":7592,"comment_status":"open","ping_status":"closed","template":"","meta":{"_exactmetrics_skip_tracking":false,"_exactmetrics_sitenote_active":false,"_exactmetrics_sitenote_note":"","_exactmetrics_sitenote_category":0},"product_cat":[20,122,120,114,127,225],"product_tag":[38,183,36,219],"_links":{"self":[{"href":"https:\/\/littlevintage.pl\/en\/wp-json\/wp\/v2\/product\/6767"}],"collection":[{"href":"https:\/\/littlevintage.pl\/en\/wp-json\/wp\/v2\/product"}],"about":[{"href":"https:\/\/littlevintage.pl\/en\/wp-json\/wp\/v2\/types\/product"}],"replies":[{"embeddable":true,"href":"https:\/\/littlevintage.pl\/en\/wp-json\/wp\/v2\/comments?post=6767"}],"version-history":[{"count":6,"href":"https:\/\/littlevintage.pl\/en\/wp-json\/wp\/v2\/product\/6767\/revisions"}],"predecessor-version":[{"id":7674,"href":"https:\/\/littlevintage.pl\/en\/wp-json\/wp\/v2\/product\/6767\/revisions\/7674"}],"wp:featuredmedia":[{"embeddable":true,"href":"https:\/\/littlevintage.pl\/en\/wp-json\/wp\/v2\/media\/7592"}],"wp:attachment":[{"href":"https:\/\/littlevintage.pl\/en\/wp-json\/wp\/v2\/media?parent=6767"}],"wp:term":[{"taxonomy":"product_cat","embeddable":true,"href":"https:\/\/littlevintage.pl\/en\/wp-json\/wp\/v2\/product_cat?post=6767"},{"taxonomy":"product_tag","embeddable":true,"href":"https:\/\/littlevintage.pl\/en\/wp-json\/wp\/v2\/product_tag?post=6767"}],"curies":[{"name":"wp","href":"https:\/\/api.w.org\/{rel}","templated":true}]}}