{"id":6490,"date":"2021-04-16T08:31:35","date_gmt":"2021-04-16T08:31:35","guid":{"rendered":"https:\/\/littlevintage.pl\/?post_type=product&#038;p=6490"},"modified":"2023-09-26T19:27:52","modified_gmt":"2023-09-26T19:27:52","slug":"bonetka-aura","status":"publish","type":"product","link":"https:\/\/littlevintage.pl\/en\/product\/bonetka-aura\/","title":{"rendered":"Bonetka Aura"},"content":{"rendered":"<p>Bonetka Aura. Powsta\u0142a jako dope\u0142nienie sukienki Aura &#8211; naszej nowo\u015bci na specjalne okazje. Jest uszyta z delikatnej bawe\u0142ny w kolorze czystej bieli, haftowanej w delikatne listki. Jednak, je\u015bli nie planujesz \u017cadnej uroczysto\u015bci, ta bonetka sprawdzi si\u0119 r\u00f3wnie\u017c jako letnie nakrycie g\u0142owy &#8211; jako mama niemowl\u0119cia wiesz zapewne, \u017ce zawsze trzeba mie\u0107 co\u015b pod r\u0119k\u0105 ; )<\/p>\n<p><strong>Ka\u017cdy produkt szyjemy specjalnie dla Ciebie, dlatego czas realizacji wynosi 14 dni roboczych. Wiemy, \u017ce to niema\u0142o, ale na dobre rzeczy warto poczeka\u0107 \ud83d\ude09 Jednak, je\u015bli potrzebujesz czego\u015b na ju\u017c, napisz na <a href=\"mailto:kontakt@littlevintage.pl\">kontakt@littlevintage.pl<\/a> , zrobimy co si\u0119 da \u017ceby pom\u00f3c! <\/strong><\/p>","protected":false},"excerpt":{"rendered":"<p>Bawe\u0142niana bonetka Aura.<\/p>\n<ul>\n<li>uszyta i zaprojektowana w Polsce<\/li>\n<li>czas realizacji wynosi 14 dni roboczych.<br \/>\nWiemy, \u017ce to niema\u0142o, ale na dobre rzeczy warto poczeka\u0107 : )<\/li>\n<li>masz <strong>30 dni na zwrot\u00a0<\/strong><\/li>\n<li>dostawa do Polski za 17 z\u0142 kurierem DPD<\/li>\n<li>darmowa wysy\u0142ka powy\u017cej <strong>350 z\u0142<\/strong><\/li>\n<li>wysy\u0142amy za granic\u0119!<\/li>\n<\/ul>\n<p>&nbsp;<\/p>","protected":false},"featured_media":6440,"comment_status":"closed","ping_status":"closed","template":"","meta":{"_exactmetrics_skip_tracking":false,"_exactmetrics_sitenote_active":false,"_exactmetrics_sitenote_note":"","_exactmetrics_sitenote_category":0},"product_cat":[15,90,124,126,122,129],"product_tag":[45,46,59,36],"_links":{"self":[{"href":"https:\/\/littlevintage.pl\/en\/wp-json\/wp\/v2\/product\/6490"}],"collection":[{"href":"https:\/\/littlevintage.pl\/en\/wp-json\/wp\/v2\/product"}],"about":[{"href":"https:\/\/littlevintage.pl\/en\/wp-json\/wp\/v2\/types\/product"}],"replies":[{"embeddable":true,"href":"https:\/\/littlevintage.pl\/en\/wp-json\/wp\/v2\/comments?post=6490"}],"version-history":[{"count":5,"href":"https:\/\/littlevintage.pl\/en\/wp-json\/wp\/v2\/product\/6490\/revisions"}],"predecessor-version":[{"id":7774,"href":"https:\/\/littlevintage.pl\/en\/wp-json\/wp\/v2\/product\/6490\/revisions\/7774"}],"wp:featuredmedia":[{"embeddable":true,"href":"https:\/\/littlevintage.pl\/en\/wp-json\/wp\/v2\/media\/6440"}],"wp:attachment":[{"href":"https:\/\/littlevintage.pl\/en\/wp-json\/wp\/v2\/media?parent=6490"}],"wp:term":[{"taxonomy":"product_cat","embeddable":true,"href":"https:\/\/littlevintage.pl\/en\/wp-json\/wp\/v2\/product_cat?post=6490"},{"taxonomy":"product_tag","embeddable":true,"href":"https:\/\/littlevintage.pl\/en\/wp-json\/wp\/v2\/product_tag?post=6490"}],"curies":[{"name":"wp","href":"https:\/\/api.w.org\/{rel}","templated":true}]}}