{"id":6473,"date":"2021-04-16T08:22:28","date_gmt":"2021-04-16T08:22:28","guid":{"rendered":"https:\/\/littlevintage.pl\/?post_type=product&#038;p=6473"},"modified":"2023-09-26T19:28:08","modified_gmt":"2023-09-26T19:28:08","slug":"sukienka-aura","status":"publish","type":"product","link":"https:\/\/littlevintage.pl\/en\/product\/sukienka-aura\/","title":{"rendered":"Sukienka Aura"},"content":{"rendered":"<p><strong>Aura<\/strong> &#8211; delikatna, skromna, a jednocze\u015bnie robi wra\u017cenie. To dzi\u0119ki detalom: uroczym falbankom i haftowanym listkom. Kiedy tworzyli\u015bmy Aur\u0119 my\u015bleli\u015bmy o wszystkich wa\u017cnych uroczysto\u015bciach, takich jak Chrzest \u015awi\u0119ty, roczek, \u015blub i inne wydarzenia, na kt\u00f3re chcemy pi\u0119knie ubra\u0107 nasze dzieci. To niesamowite, \u017ce cz\u0119sto proste rzeczy przykuwaj\u0105 uwag\u0119 bardziej, ni\u017c wymy\u015blne kreacje. Jeste\u015bmy przekonani, \u017ce w przypadku naszych dzieci ma to szczeg\u00f3lne znaczenie.<\/p>\n<p>Jednocze\u015bnie, zgodnie z nasz\u0105 misj\u0105 nie chcemy, aby dzieci przez d\u0142ugie godziny nosi\u0142y ubranka ze sztucznych tkanin, takich jak poliester. Dlatego nasza Aura uszyta jest z delikatnej, przewiewnej bawe\u0142ny z certyfikatem OEKO TEX 100. Dzi\u0119ki temu nie musisz rezygnowa\u0107 z wygody i bezpiecze\u0144stwa na rzecz pi\u0119knej kreacji: mo\u017cesz mie\u0107 to i to! Ma czysto bia\u0142y kolor i jest zapinana z ty\u0142u na guziki z naturalnego kokosa. Falbanki na ramionach tej sukienki s\u0105 haftowane, tak jak aplikacje w kszta\u0142cie ma\u0142ych listk\u00f3w.<\/p>\n<p>Do sukienki mo\u017cesz dobra\u0107 bonetk\u0119, uszyt\u0105 z tej samej tkaniny, znajdziesz j\u0105 w kategorii &#8222;Akcesoria&#8221;.<\/p>\n<p><strong>Ka\u017cdy produkt szyjemy specjalnie dla Ciebie, dlatego czas realizacji wynosi 14 dni roboczych. Wiemy, \u017ce to niema\u0142o, ale na dobre rzeczy warto poczeka\u0107 \ud83d\ude09 Jednak, je\u015bli potrzebujesz czego\u015b na ju\u017c, napisz na <a href=\"mailto:kontakt@littlevintage.pl\">kontakt@littlevintage.pl<\/a> , zrobimy co si\u0119 da \u017ceby pom\u00f3c!<\/strong><\/p>\n<p>&nbsp;<\/p>","protected":false},"excerpt":{"rendered":"<p>Bawe\u0142niana sukienka Aura.<\/p>\n<ul>\n<li>uszyta i zaprojektowana w Polsce<\/li>\n<li>czas realizacji wynosi <strong>14 dni<\/strong> roboczych.<br \/>\nWiemy, \u017ce to niema\u0142o, ale na dobre rzeczy warto poczeka\u0107 : )<\/li>\n<li>masz <strong>30 dni na zwrot\u00a0<\/strong><\/li>\n<li>dostawa do Polski za 17 z\u0142 kurierem DPD<\/li>\n<li>darmowa wysy\u0142ka powy\u017cej <strong>350 z\u0142<\/strong><\/li>\n<li>wysy\u0142amy za granic\u0119!<\/li>\n<\/ul>\n<p>&nbsp;<\/p>","protected":false},"featured_media":6441,"comment_status":"open","ping_status":"closed","template":"","meta":{"_exactmetrics_skip_tracking":false,"_exactmetrics_sitenote_active":false,"_exactmetrics_sitenote_note":"","_exactmetrics_sitenote_category":0},"product_cat":[15,20,122,114,127],"product_tag":[74,103,218,220,183,36,219],"_links":{"self":[{"href":"https:\/\/littlevintage.pl\/en\/wp-json\/wp\/v2\/product\/6473"}],"collection":[{"href":"https:\/\/littlevintage.pl\/en\/wp-json\/wp\/v2\/product"}],"about":[{"href":"https:\/\/littlevintage.pl\/en\/wp-json\/wp\/v2\/types\/product"}],"replies":[{"embeddable":true,"href":"https:\/\/littlevintage.pl\/en\/wp-json\/wp\/v2\/comments?post=6473"}],"version-history":[{"count":8,"href":"https:\/\/littlevintage.pl\/en\/wp-json\/wp\/v2\/product\/6473\/revisions"}],"predecessor-version":[{"id":7775,"href":"https:\/\/littlevintage.pl\/en\/wp-json\/wp\/v2\/product\/6473\/revisions\/7775"}],"wp:featuredmedia":[{"embeddable":true,"href":"https:\/\/littlevintage.pl\/en\/wp-json\/wp\/v2\/media\/6441"}],"wp:attachment":[{"href":"https:\/\/littlevintage.pl\/en\/wp-json\/wp\/v2\/media?parent=6473"}],"wp:term":[{"taxonomy":"product_cat","embeddable":true,"href":"https:\/\/littlevintage.pl\/en\/wp-json\/wp\/v2\/product_cat?post=6473"},{"taxonomy":"product_tag","embeddable":true,"href":"https:\/\/littlevintage.pl\/en\/wp-json\/wp\/v2\/product_tag?post=6473"}],"curies":[{"name":"wp","href":"https:\/\/api.w.org\/{rel}","templated":true}]}}