{"id":6362,"date":"2021-04-02T09:37:06","date_gmt":"2021-04-02T09:37:06","guid":{"rendered":"https:\/\/littlevintage.pl\/?post_type=product&#038;p=6362"},"modified":"2023-09-26T19:28:25","modified_gmt":"2023-09-26T19:28:25","slug":"culottes-krata-vichy-2","status":"publish","type":"product","link":"https:\/\/littlevintage.pl\/en\/product\/culottes-krata-vichy-2\/","title":{"rendered":"Culottes Krata Vichy"},"content":{"rendered":"<p><strong>Culottes<\/strong> w klasyczn\u0105 krat\u0119 vichy w rdzawym odcieniu. Lu\u017any kr\u00f3j i bezpieczna bawe\u0142na gwarantuj\u0105 wygod\u0119 noszenia. Gumka w pasie wszyta jest z ty\u0142u, a z przodu nasze culottes maj\u0105 estetyczne zaszewki, dzi\u0119ki temu dobrze prezentuj\u0105 si\u0119 r\u00f3wnie\u017c z kr\u00f3tkimi topami, czy swetrami. Dobierz do nich nasz top z kolekcji <strong>Basic<\/strong> lub <strong>Organic. <\/strong>Wszystkie b\u0119d\u0105 pasowa\u0107! Staramy si\u0119 \u0142\u0105czy\u0107 nasze produkty w <strong>kapsu\u0142owe zestawy<\/strong>, tak, aby mo\u017cna by\u0142o je jak najlepiej i jak najcz\u0119\u015bciej wykorzystywa\u0107.<\/p>\n<p>Poni\u017cej przybli\u017cone szeroko\u015bci w pasie, wybierz najlepszy rozmiar dla Twojego dziecka:<\/p>\n<p>18-24\u00a0 \u00a052cm<\/p>\n<p>2-3\u00a0 \u00a0 \u00a0 \u00a053 cm<\/p>\n<p>3-4\u00a0 \u00a0 \u00a0 54 cm<\/p>\n<p>4-5\u00a0 \u00a0 \u00a0 56 cm<\/p>\n<p>5-6\u00a0 \u00a0 \u00a0 58 cm<\/p>\n<p>6-7\u00a0 \u00a0 \u00a0 60 cm<\/p>\n<p><strong>Ka\u017cdy produkt szyjemy specjalnie dla Ciebie, dlatego czas realizacji wynosi 7-10 dni roboczych. Wiemy, \u017ce to niema\u0142o, ale na dobre rzeczy warto poczeka\u0107 \ud83d\ude09 Jednak, je\u015bli potrzebujesz czego\u015b na ju\u017c, napisz na <a href=\"mailto:kontakt@littlevintage.pl\">kontakt@littlevintage.pl<\/a> , zrobimy co si\u0119 da \u017ceby pom\u00f3c! <\/strong><\/p>\n<p>&nbsp;<\/p>","protected":false},"excerpt":{"rendered":"<p><strong>Culottes<\/strong> z bawe\u0142ny w klasyczn\u0105 krat\u0119 vichy.<\/p>\n<ul>\n<li>uszyte i zaprojektowane w Polsce<\/li>\n<li>czas realizacji wynosi <strong>7-10 dni<\/strong> roboczych.<br \/>\nWiemy, \u017ce to niema\u0142o, ale na dobre rzeczy warto poczeka\u0107 : )<\/li>\n<li>masz <strong>30 dni na zwrot\u00a0<\/strong><\/li>\n<li>dostawa do Polski za 14 z\u0142 kurierem DPD<\/li>\n<li>darmowa wysy\u0142ka powy\u017cej <strong>350 z\u0142<\/strong><\/li>\n<li>wysy\u0142amy za granic\u0119!<\/li>\n<li>zap\u0142a\u0107 bezpiecznie przez <strong>Przelewy24<\/strong> lub <strong>PayPal<\/strong><\/li>\n<\/ul>","protected":false},"featured_media":5276,"comment_status":"open","ping_status":"closed","template":"","meta":{"_exactmetrics_skip_tracking":false,"_exactmetrics_sitenote_active":false,"_exactmetrics_sitenote_note":"","_exactmetrics_sitenote_category":0},"product_cat":[20,144],"product_tag":[212,155,104,214,105,213],"_links":{"self":[{"href":"https:\/\/littlevintage.pl\/en\/wp-json\/wp\/v2\/product\/6362"}],"collection":[{"href":"https:\/\/littlevintage.pl\/en\/wp-json\/wp\/v2\/product"}],"about":[{"href":"https:\/\/littlevintage.pl\/en\/wp-json\/wp\/v2\/types\/product"}],"replies":[{"embeddable":true,"href":"https:\/\/littlevintage.pl\/en\/wp-json\/wp\/v2\/comments?post=6362"}],"version-history":[{"count":1,"href":"https:\/\/littlevintage.pl\/en\/wp-json\/wp\/v2\/product\/6362\/revisions"}],"predecessor-version":[{"id":6369,"href":"https:\/\/littlevintage.pl\/en\/wp-json\/wp\/v2\/product\/6362\/revisions\/6369"}],"wp:featuredmedia":[{"embeddable":true,"href":"https:\/\/littlevintage.pl\/en\/wp-json\/wp\/v2\/media\/5276"}],"wp:attachment":[{"href":"https:\/\/littlevintage.pl\/en\/wp-json\/wp\/v2\/media?parent=6362"}],"wp:term":[{"taxonomy":"product_cat","embeddable":true,"href":"https:\/\/littlevintage.pl\/en\/wp-json\/wp\/v2\/product_cat?post=6362"},{"taxonomy":"product_tag","embeddable":true,"href":"https:\/\/littlevintage.pl\/en\/wp-json\/wp\/v2\/product_tag?post=6362"}],"curies":[{"name":"wp","href":"https:\/\/api.w.org\/{rel}","templated":true}]}}