{"id":5860,"date":"2021-03-15T16:48:05","date_gmt":"2021-03-15T16:48:05","guid":{"rendered":"https:\/\/littlevintage.pl\/?post_type=product&#038;p=5860"},"modified":"2023-09-26T19:29:03","modified_gmt":"2023-09-26T19:29:03","slug":"welniany-plaszczyk-teddy","status":"publish","type":"product","link":"https:\/\/littlevintage.pl\/en\/product\/welniany-plaszczyk-teddy\/","title":{"rendered":"We\u0142niany P\u0142aszczyk Teddy"},"content":{"rendered":"<p>Jest we\u0142niany, ale nie gryzie dzi\u0119ki dzianinowej podszewce. Jest ciep\u0142y, ale nie zbyt ciep\u0142y, wi\u0119c idealny na przej\u015bciow\u0105 pogod\u0119, kt\u00f3ra u nas w Polsce utrzymuje si\u0119 chyba najd\u0142u\u017cej \ud83d\ude09 Jest unisexowy, sprawdzi si\u0119 i dla ch\u0142opca, i dla dziewczynki. Wreszcie jest supers\u0142odki, dzi\u0119ki misiowym uszkom.<\/p>\n<p>We\u0142na prawdziwie grzeje i przede wszystkim oddycha i jest to jej ogromny atut! Dlatego p\u0142aszczyk Teddy uszyli\u015bmy w\u0142a\u015bnie z we\u0142ny. P\u0142aszczyk ma barankow\u0105 &#8222;struktur\u0119&#8221;, nie mechaci si\u0119 i nie zaci\u0105ga.\u00a0 Jest zapinany na du\u017ce napy, to bardzo wygodne rozwi\u0105zanie. Dzi\u0119ki odwijanym r\u0119kawkom pos\u0142u\u017cy d\u0142u\u017cej ni\u017c my\u015blisz \ud83d\ude09<\/p>\n<p><strong>Ka\u017cdy produkt szyjemy specjalnie dla Ciebie, dlatego czas realizacji wynosi 14 dni roboczych. Wiemy, \u017ce to niema\u0142o, ale na dobre rzeczy warto poczeka\u0107 \ud83d\ude09 Jednak, je\u015bli potrzebujesz czego\u015b na ju\u017c, napisz na <a href=\"mailto:kontakt@littlevintage.pl\">kontakt@littlevintage.pl<\/a> , zrobimy co si\u0119 da \u017ceby pom\u00f3c!<\/strong><\/p>","protected":false},"excerpt":{"rendered":"<p>We\u0142niany P\u0142aszczyk Teddy<\/p>\n<ul>\n<li>uszyty i zaprojektowany w Polsce<\/li>\n<li>czas realizacji wynosi <strong>14 dni<\/strong> roboczych.<br \/>\nWiemy, \u017ce to niema\u0142o, ale na dobre rzeczy warto poczeka\u0107 : )<\/li>\n<li>masz <strong>30 dni na zwrot\u00a0<\/strong><\/li>\n<li>dostawa do Polski za 17 z\u0142 kurierem DPD<\/li>\n<li>darmowa wysy\u0142ka powy\u017cej <strong>350 z\u0142<\/strong><\/li>\n<li>wysy\u0142amy za granic\u0119!<\/li>\n<\/ul>","protected":false},"featured_media":5868,"comment_status":"open","ping_status":"closed","template":"","meta":{"_exactmetrics_skip_tracking":false,"_exactmetrics_sitenote_active":false,"_exactmetrics_sitenote_note":"","_exactmetrics_sitenote_category":0},"product_cat":[29,20,202,215],"product_tag":[139,155,156,157,152,153,154,158,159],"_links":{"self":[{"href":"https:\/\/littlevintage.pl\/en\/wp-json\/wp\/v2\/product\/5860"}],"collection":[{"href":"https:\/\/littlevintage.pl\/en\/wp-json\/wp\/v2\/product"}],"about":[{"href":"https:\/\/littlevintage.pl\/en\/wp-json\/wp\/v2\/types\/product"}],"replies":[{"embeddable":true,"href":"https:\/\/littlevintage.pl\/en\/wp-json\/wp\/v2\/comments?post=5860"}],"version-history":[{"count":7,"href":"https:\/\/littlevintage.pl\/en\/wp-json\/wp\/v2\/product\/5860\/revisions"}],"predecessor-version":[{"id":7776,"href":"https:\/\/littlevintage.pl\/en\/wp-json\/wp\/v2\/product\/5860\/revisions\/7776"}],"wp:featuredmedia":[{"embeddable":true,"href":"https:\/\/littlevintage.pl\/en\/wp-json\/wp\/v2\/media\/5868"}],"wp:attachment":[{"href":"https:\/\/littlevintage.pl\/en\/wp-json\/wp\/v2\/media?parent=5860"}],"wp:term":[{"taxonomy":"product_cat","embeddable":true,"href":"https:\/\/littlevintage.pl\/en\/wp-json\/wp\/v2\/product_cat?post=5860"},{"taxonomy":"product_tag","embeddable":true,"href":"https:\/\/littlevintage.pl\/en\/wp-json\/wp\/v2\/product_tag?post=5860"}],"curies":[{"name":"wp","href":"https:\/\/api.w.org\/{rel}","templated":true}]}}