{"id":5801,"date":"2021-02-17T08:36:20","date_gmt":"2021-02-17T08:36:20","guid":{"rendered":"https:\/\/littlevintage.pl\/?post_type=product&#038;p=5801"},"modified":"2022-04-28T14:32:07","modified_gmt":"2022-04-28T14:32:07","slug":"kolnierzyk-louise-plumeti-mama","status":"publish","type":"product","link":"https:\/\/littlevintage.pl\/en\/product\/kolnierzyk-louise-plumeti-mama\/","title":{"rendered":"Ko\u0142nierzyk Louise Plumeti &#8211; Mama"},"content":{"rendered":"<p>Totalnie w klimacie vintage, idealnie skrojony, ko\u0142nierzyk Louise dla kobiet.\u00a0 Za jego spraw\u0105 ze zwyk\u0142ego swetra, sukienki, koszulki a nawet bluzy, mo\u017cna wyczarowa\u0107 stylizacj\u0119 w klimacie vintage! Jest uszyty tak, \u017ce pi\u0119knie &#8222;wyk\u0142ada si\u0119&#8221; na ramiona, nie odstaj\u0105c ani troch\u0119.<\/p>\n<p>Uszyli\u015bmy go z delikatnej bawe\u0142ny plumeti w \u015bmietankowym kolorze, dodaj\u0105c warstw\u0119 wewn\u0119trzn\u0105, aby lepiej trzyma\u0142 form\u0119.<\/p>\n<p>Je\u015bli na codzie\u0144 nosisz klasyczne ubrania, ale kochasz vintage i chcia\u0142aby\u015b to czasem zaakcentowa\u0107, dodatek w postaci ko\u0142nierzyka to jest idealny wyb\u00f3r. A je\u015bli jeste\u015b typow\u0105 Vintage Girl, ten ko\u0142nierzyk to Twoje must have!<\/p>\n<p>Mo\u017cesz dobra\u0107 taki sam ko\u0142nierzyk dla swojej c\u00f3rki, szukaj w sklep &#8211; akcesoria!<\/p>\n<p><strong>Ka\u017cdy produkt szyjemy specjalnie dla Ciebie, dlatego czas realizacji wynosi 14 dni roboczych. Wiemy, \u017ce to niema\u0142o, ale na dobre rzeczy warto poczeka\u0107 \ud83d\ude09 Jednak, je\u015bli potrzebujesz czego\u015b na ju\u017c, napisz na <a href=\"mailto:kontakt@littlevintage.pl\">kontakt@littlevintage.pl<\/a> , zrobimy co si\u0119 da \u017ceby pom\u00f3c! <\/strong><\/p>","protected":false},"excerpt":{"rendered":"<p>Totalnie w klimacie vintage, idealnie skrojony, ko\u0142nierzyk Louise dla kobiet.<\/p>\n<ul>\n<li>uszyty i zaprojektowany w Polsce<\/li>\n<li>czas realizacji wynosi <strong>14 dni<\/strong> roboczych<br \/>\nWiemy, \u017ce to niema\u0142o, ale na dobre rzeczy warto poczeka\u0107 : )<\/li>\n<li>masz\u00a0<strong>30 dni na zwrot\u00a0<\/strong><\/li>\n<li>dostawa do Polski za 17 z\u0142 kurierem DPD<\/li>\n<li>darmowa wysy\u0142ka powy\u017cej\u00a0<strong>350 z\u0142<\/strong><\/li>\n<li>wysy\u0142amy za granic\u0119!<\/li>\n<\/ul>","protected":false},"featured_media":6228,"comment_status":"open","ping_status":"closed","template":"","meta":{"_exactmetrics_skip_tracking":false,"_exactmetrics_sitenote_active":false,"_exactmetrics_sitenote_note":"","_exactmetrics_sitenote_category":0},"product_cat":[90,205,123],"product_tag":[160,161,36],"_links":{"self":[{"href":"https:\/\/littlevintage.pl\/en\/wp-json\/wp\/v2\/product\/5801"}],"collection":[{"href":"https:\/\/littlevintage.pl\/en\/wp-json\/wp\/v2\/product"}],"about":[{"href":"https:\/\/littlevintage.pl\/en\/wp-json\/wp\/v2\/types\/product"}],"replies":[{"embeddable":true,"href":"https:\/\/littlevintage.pl\/en\/wp-json\/wp\/v2\/comments?post=5801"}],"version-history":[{"count":5,"href":"https:\/\/littlevintage.pl\/en\/wp-json\/wp\/v2\/product\/5801\/revisions"}],"predecessor-version":[{"id":7777,"href":"https:\/\/littlevintage.pl\/en\/wp-json\/wp\/v2\/product\/5801\/revisions\/7777"}],"wp:featuredmedia":[{"embeddable":true,"href":"https:\/\/littlevintage.pl\/en\/wp-json\/wp\/v2\/media\/6228"}],"wp:attachment":[{"href":"https:\/\/littlevintage.pl\/en\/wp-json\/wp\/v2\/media?parent=5801"}],"wp:term":[{"taxonomy":"product_cat","embeddable":true,"href":"https:\/\/littlevintage.pl\/en\/wp-json\/wp\/v2\/product_cat?post=5801"},{"taxonomy":"product_tag","embeddable":true,"href":"https:\/\/littlevintage.pl\/en\/wp-json\/wp\/v2\/product_tag?post=5801"}],"curies":[{"name":"wp","href":"https:\/\/api.w.org\/{rel}","templated":true}]}}