{"id":5755,"date":"2021-02-05T16:44:54","date_gmt":"2021-02-05T16:44:54","guid":{"rendered":"https:\/\/littlevintage.pl\/?post_type=product&#038;p=5755"},"modified":"2023-09-26T19:29:26","modified_gmt":"2023-09-26T19:29:26","slug":"spodnie-chlopiece-sztruks-teddy","status":"publish","type":"product","link":"https:\/\/littlevintage.pl\/en\/product\/spodnie-chlopiece-sztruks-teddy\/","title":{"rendered":"Spodnie Ch\u0142opi\u0119ce Sztruks Teddy"},"content":{"rendered":"<p><b>Sztruksowe spodnie <\/b>dla ch\u0142opca. Wygodne i uniwersalne, a przede wszystkim wytrzyma\u0142e. Sztruks ci\u0119\u017cko jest zniszczy\u0107, jego w\u0142\u00f3kna s\u0105 odporne na przecieranie, b\u0119d\u0105 wi\u0119c dobrym wyborem dla ma\u0142ego \u0141obuza, kt\u00f3ry wi\u0119kszo\u015b\u0107 dnia sp\u0119dza bawi\u0105c si\u0119 na kolanach, albo wdrapuj\u0105c si\u0119 tam, gdzie nie wolno ; ) Sztruks z kt\u00f3rego uszyte s\u0105 nasze spodnie ma dodatek elastanu, rozci\u0105ga si\u0119 wi\u0119c, jest komfortowy w noszeniu i na prawd\u0119 mi\u0119kki.<\/p>\n<p>Spodnie maj\u0105 boczne kieszenie na ch\u0142opackie skarby i urocz\u0105 kieszonk\u0119 z ty\u0142u. Nogawka wyko\u0144czona jest mankietem, \u015amia\u0142o wykorzystaj je na wszelkie formalne okazje i uroczysto\u015bci, albo za\u0142\u00f3\u017c na codzie\u0144.<\/p>\n<p>Sztruks z kt\u00f3rej powsta\u0142y spodnie ma certyfikat OEKO TEX 100 i jest produktem w pe\u0142ni bezpiecznym dla dzieci.<\/p>\n<p><strong>Ka\u017cdy produkt szyjemy specjalnie dla Ciebie, dlatego czas realizacji wynosi 14 dni roboczych. Wiemy, \u017ce to niema\u0142o, ale na dobre rzeczy warto poczeka\u0107 \ud83d\ude09 Jednak, je\u015bli potrzebujesz czego\u015b na ju\u017c, napisz na <a href=\"mailto:kontakt@littlevintage.pl\">kontakt@littlevintage.pl<\/a> , zrobimy co si\u0119 da \u017ceby pom\u00f3c!<\/strong><\/p>","protected":false},"excerpt":{"rendered":"<p><b>Sztruksowe spodnie <\/b>dla ch\u0142opca.<\/p>\n<ul>\n<li>uszyte i zaprojektowane w Polsce<\/li>\n<li>czas realizacji wynosi<strong>\u00a014 dni<\/strong> roboczych.<br \/>\nWiemy, \u017ce to niema\u0142o, ale na dobre rzeczy warto poczeka\u0107 : )<\/li>\n<li>masz <strong>30 dni na zwrot\u00a0<\/strong><\/li>\n<li>dostawa do Polski za 17 z\u0142 kurierem DPD<\/li>\n<li>darmowa wysy\u0142ka powy\u017cej <strong>350 z\u0142<\/strong><\/li>\n<li>wysy\u0142amy za granic\u0119!<\/li>\n<\/ul>","protected":false},"featured_media":5768,"comment_status":"open","ping_status":"closed","template":"","meta":{"_exactmetrics_skip_tracking":false,"_exactmetrics_sitenote_active":false,"_exactmetrics_sitenote_note":"","_exactmetrics_sitenote_category":0},"product_cat":[29,204],"product_tag":[139,47,63,163,165,164],"_links":{"self":[{"href":"https:\/\/littlevintage.pl\/en\/wp-json\/wp\/v2\/product\/5755"}],"collection":[{"href":"https:\/\/littlevintage.pl\/en\/wp-json\/wp\/v2\/product"}],"about":[{"href":"https:\/\/littlevintage.pl\/en\/wp-json\/wp\/v2\/types\/product"}],"replies":[{"embeddable":true,"href":"https:\/\/littlevintage.pl\/en\/wp-json\/wp\/v2\/comments?post=5755"}],"version-history":[{"count":4,"href":"https:\/\/littlevintage.pl\/en\/wp-json\/wp\/v2\/product\/5755\/revisions"}],"predecessor-version":[{"id":7778,"href":"https:\/\/littlevintage.pl\/en\/wp-json\/wp\/v2\/product\/5755\/revisions\/7778"}],"wp:featuredmedia":[{"embeddable":true,"href":"https:\/\/littlevintage.pl\/en\/wp-json\/wp\/v2\/media\/5768"}],"wp:attachment":[{"href":"https:\/\/littlevintage.pl\/en\/wp-json\/wp\/v2\/media?parent=5755"}],"wp:term":[{"taxonomy":"product_cat","embeddable":true,"href":"https:\/\/littlevintage.pl\/en\/wp-json\/wp\/v2\/product_cat?post=5755"},{"taxonomy":"product_tag","embeddable":true,"href":"https:\/\/littlevintage.pl\/en\/wp-json\/wp\/v2\/product_tag?post=5755"}],"curies":[{"name":"wp","href":"https:\/\/api.w.org\/{rel}","templated":true}]}}