{"id":5725,"date":"2021-01-31T16:03:18","date_gmt":"2021-01-31T16:03:18","guid":{"rendered":"https:\/\/littlevintage.pl\/?post_type=product&#038;p=5725"},"modified":"2022-05-20T00:05:09","modified_gmt":"2022-05-20T00:05:09","slug":"lniany-kardigan-oatmeal","status":"publish","type":"product","link":"https:\/\/littlevintage.pl\/en\/product\/lniany-kardigan-oatmeal\/","title":{"rendered":"Lniane Kimono Oatmeal"},"content":{"rendered":"<p>Nonszalancki i szlachetny len ma wiele zastosowa\u0144. My lubimy szy\u0107 z niego klasyczne, wielofunkcyjne ubrania. Wyobra\u017a sobie kimono, kt\u00f3re narzucisz w domu, podczas parzenia kawy, kiedy wstaniesz w niedzielny poranek. Albo wychodz\u0105c na miasto, za\u0142atwi\u0107 kilka spraw, spotka\u0107 si\u0119 z przyjaci\u00f3\u0142k\u0105. Albo mo\u017ce na spacer z dzie\u0107mi i psem. Ok, mo\u017ce by\u0107 bez psa \ud83d\ude09 A mo\u017ce wieczorem, \u00a0na kieliszek wina z partnerem. Albo&#8230; no w\u0142a\u015bnie. Ty wiesz najlepiej, kiedy potrzebujesz wygodnych, pi\u0119knych, wytrzyma\u0142ych i szlachetnych produkt\u00f3w, kt\u00f3re pos\u0142u\u017c\u0105 Ci przez wiele lat.<\/p>\n<p>Kardigan jest uszyty ze zmi\u0119kczanego, certyfikowanego lnu wyprodukowanego w Polsce. T\u0119 wersj\u0119 kolorystyczn\u0105 nazwali\u015bmy oatmeal, bo kojarzy nam si\u0119 najbardziej z delikatn\u0105 barw\u0105 zebranego na polach owsu ; ) Ale gdyby\u015bmy mieli wpisa\u0107 j\u0105 w jaki\u015b trend (cho\u0107 a trendami nie gonimy!) to na pewno by\u0142by to modny od wielu ju\u017c sezon\u00f3w nude\/natural\/beige\/total beige color trend.<\/p>\n<p>Lu\u017any, niezobowi\u0105zuj\u0105cy kr\u00f3j, wygodne kieszenie, pasek, to najwa\u017cniejsze cechy naszego kimono. Ale Ty pewnie dodasz troch\u0119 wi\u0119cej, kiedy ju\u017c zaczniesz nosi\u0107 go na sw\u00f3j spos\u00f3b \ud83d\ude09<\/p>\n<p>Sprawd\u017a tabel\u0119 w galerii produktu i wybierz odpowiedni rozmiar.<\/p>\n<p>Len z kt\u00f3rego uszyli\u015bmy kardigan jest wyprodukowany w Polsce, ma certyfikat OEKO TEX 100, jest zmi\u0119kczany i jest \u015bwietnej jako\u015bci!<\/p>\n<p><strong>Ka\u017cdy produkt szyjemy specjalnie dla Ciebie, dlatego czas realizacji wynosi 14 dni roboczych. Wiemy, \u017ce to niema\u0142o, ale na dobre rzeczy warto poczeka\u0107 \ud83d\ude09 Jednak, je\u015bli potrzebujesz czego\u015b na ju\u017c, napisz na <a href=\"mailto:kontakt@littlevintage.pl\">kontakt@littlevintage.pl<\/a> , zrobimy co si\u0119 da \u017ceby pom\u00f3c!<\/strong><\/p>","protected":false},"excerpt":{"rendered":"<p>Lniany Kardigan dla Mamy.<\/p>\n<ul>\n<li>uszyty i zaprojektowany w Polsce<\/li>\n<li>czas realizacji wynosi<strong>\u00a014 dni<\/strong> roboczych.<br \/>\nWiemy, \u017ce to niema\u0142o, ale na dobre rzeczy warto poczeka\u0107 : )<\/li>\n<li>masz <strong>30 dni na zwrot\u00a0<\/strong><\/li>\n<li>dostawa do Polski za 17 z\u0142 kurierem DPD<\/li>\n<li>darmowa wysy\u0142ka powy\u017cej <strong>350 z\u0142<\/strong><\/li>\n<li>wysy\u0142amy za granic\u0119!<\/li>\n<\/ul>\n<p><strong>\u00a0<\/strong><\/p>","protected":false},"featured_media":7845,"comment_status":"open","ping_status":"closed","template":"","meta":{"_exactmetrics_skip_tracking":false,"_exactmetrics_sitenote_active":false,"_exactmetrics_sitenote_note":"","_exactmetrics_sitenote_category":0},"product_cat":[200,123,225],"product_tag":[166,32,167,161],"_links":{"self":[{"href":"https:\/\/littlevintage.pl\/en\/wp-json\/wp\/v2\/product\/5725"}],"collection":[{"href":"https:\/\/littlevintage.pl\/en\/wp-json\/wp\/v2\/product"}],"about":[{"href":"https:\/\/littlevintage.pl\/en\/wp-json\/wp\/v2\/types\/product"}],"replies":[{"embeddable":true,"href":"https:\/\/littlevintage.pl\/en\/wp-json\/wp\/v2\/comments?post=5725"}],"version-history":[{"count":7,"href":"https:\/\/littlevintage.pl\/en\/wp-json\/wp\/v2\/product\/5725\/revisions"}],"predecessor-version":[{"id":7870,"href":"https:\/\/littlevintage.pl\/en\/wp-json\/wp\/v2\/product\/5725\/revisions\/7870"}],"wp:featuredmedia":[{"embeddable":true,"href":"https:\/\/littlevintage.pl\/en\/wp-json\/wp\/v2\/media\/7845"}],"wp:attachment":[{"href":"https:\/\/littlevintage.pl\/en\/wp-json\/wp\/v2\/media?parent=5725"}],"wp:term":[{"taxonomy":"product_cat","embeddable":true,"href":"https:\/\/littlevintage.pl\/en\/wp-json\/wp\/v2\/product_cat?post=5725"},{"taxonomy":"product_tag","embeddable":true,"href":"https:\/\/littlevintage.pl\/en\/wp-json\/wp\/v2\/product_tag?post=5725"}],"curies":[{"name":"wp","href":"https:\/\/api.w.org\/{rel}","templated":true}]}}