{"id":5709,"date":"2021-01-28T12:51:46","date_gmt":"2021-01-28T12:51:46","guid":{"rendered":"https:\/\/littlevintage.pl\/?post_type=product&#038;p=5709"},"modified":"2023-09-26T19:29:45","modified_gmt":"2023-09-26T19:29:45","slug":"narzuta-pled-vintage-poppies","status":"publish","type":"product","link":"https:\/\/littlevintage.pl\/en\/product\/narzuta-pled-vintage-poppies\/","title":{"rendered":"Narzuta\/Pled Vintage Poppies"},"content":{"rendered":"<p>Wielofunkcyjny pled lniany z autorskim wzorem Vintage Poppies. Sprawdzi si\u0119 \u015bwietnie w dzieci\u0119cym pokoiku, ale tez w sypialni, szczeg\u00f3lnie, je\u015bli lubisz \u015bcieli\u0107 \u0142\u00f3\u017cko w estetyczny spos\u00f3b. Mo\u017ce pe\u0142ni\u0107 funkcje narzuty, kocyka, ko\u0142derki, maty dla niemowlaka, koca na pla\u017c\u0119 albo piknik. Zwini\u0119ty zajmuje ma\u0142o miejsca, jest lekki i mi\u0142y w dotyku. Antyalergiczne wype\u0142nienie i \u015bwietne w\u0142a\u015bciwo\u015bci lnu sprawiaj\u0105, \u017ce nadaje si\u0119 r\u00f3wnie\u017c dla niemowl\u0105t (jako mata\/ko\u0142derka, czy ro\u017cek).<\/p>\n<p>Mamy przeczucie, \u017ce b\u0119dzie kr\u0105\u017cy\u0142 po Twoim domu i spe\u0142nia\u0142 przynajmniej po\u0142ow\u0119 swoich funkcji ; )<\/p>\n<p>Wybierz odpowiedni rozmiar, a je\u015bli nie mamy tego kt\u00f3ry potrzebujesz napisz do nas, uszyjemy \ud83d\ude09<\/p>\n<p>Zmi\u0119kczany len, z kt\u00f3rego powsta\u0142 <strong>Pled Vintage Poppies<\/strong>\u00a0ma certyfikat<strong>\u00a0OEKO TEX STANDARD 100<\/strong>. To certyfikat \u015bwiadcz\u0105cy o jako\u015bci produkt\u00f3w tekstylnych i w\u0142\u00f3kienniczych, kt\u00f3re maj\u0105 bezpo\u015bredni\u0105 styczno\u015b\u0107 ze sk\u00f3r\u0105 cz\u0142owieka. Dzi\u0119ki badaniom przeprowadzonych w laboratoriach na ca\u0142ym \u015bwiecie certyfikowane produkty s\u0105 wolne od \u015brodk\u00f3w wp\u0142ywaj\u0105cych niekorzystnie na zdrowie ludzi (m.in. formaldehyd\u00f3w, pestycyd\u00f3w czy substancji, kt\u00f3re mog\u0105 by\u0107 przyczyn\u0105 wywo\u0142ywania alergii). Po\u015bciel jest cudownie mi\u0119kka i gwarantuje najwy\u017cszy komfort snu. A przede wszystkim bezpieczna dla sk\u00f3ry Twojej i Twojego Dziecka: otuli j\u0105, pozwalaj\u0105c swobodnie oddycha\u0107 i nie podra\u017cni. Len ma w\u0142a\u015bciwo\u015bci higroskopijne, przeciwalergiczne i przeciwgrzybicze. To idealny wyb\u00f3r!<\/p>\n<p>Kwiatowy wz\u00f3r\u00a0<strong>Vintage Poppies<\/strong>\u00a0to nasz nowy, autorski pattern, do kt\u00f3rego stworzenia zaprosili\u015bmy polsk\u0105 artystk\u0119 i mam\u0119:\u00a0<strong>Mart\u0119 Chmieleck\u0105<\/strong>. Ka\u017cdy element wzoru by\u0142 pierwotnie namalowany r\u0119cznie, akwarelami, a my wydrukowali\u015bmy go na zmi\u0119kczanym, certyfikowanym lnie, wyprodukowanym w Polsce. Takie wsp\u00f3\u0142prace zawsze owocuj\u0105 czym\u015b pi\u0119knym, polskim i w jako\u015bci premium!<\/p>\n<p><strong>Ka\u017cdy produkt szyjemy specjalnie dla Ciebie, dlatego czas realizacji wynosi 7-10 dni roboczych. Wiemy, \u017ce to niema\u0142o, ale na dobre rzeczy warto poczeka\u0107 \ud83d\ude09 Jednak, je\u015bli potrzebujesz czego\u015b na ju\u017c, napisz na <a href=\"mailto:kontakt@littlevintage.pl\">kontakt@littlevintage.pl<\/a> , zrobimy co si\u0119 da \u017ceby pom\u00f3c!<\/strong><\/p>\n<p>&nbsp;<\/p>","protected":false},"excerpt":{"rendered":"<p>Narzuta\/Pled Vintage Poppies<\/p>\n<ul>\n<li>uszyta i zaprojektowana w Polsce<\/li>\n<li>czas realizacji wynosi <strong>7-10 dni<\/strong> roboczych.<br \/>\nWiemy, \u017ce to niema\u0142o, ale na dobre rzeczy warto poczeka\u0107 : )<\/li>\n<li>masz <strong>30 dni na zwrot\u00a0<\/strong><\/li>\n<li>dostawa do Polski za 14 z\u0142 kurierem DPD<\/li>\n<li>darmowa wysy\u0142ka powy\u017cej <strong>350 z\u0142<\/strong><\/li>\n<li>wysy\u0142amy za granic\u0119!<\/li>\n<li>zap\u0142a\u0107 bezpiecznie przez <strong>Przelewy24<\/strong> lub <strong>PayPal<\/strong><\/li>\n<\/ul>","protected":false},"featured_media":5715,"comment_status":"open","ping_status":"closed","template":"","meta":{"_exactmetrics_skip_tracking":false,"_exactmetrics_sitenote_active":false,"_exactmetrics_sitenote_note":"","_exactmetrics_sitenote_category":0},"product_cat":[150,132],"product_tag":[32,149,168,148],"_links":{"self":[{"href":"https:\/\/littlevintage.pl\/en\/wp-json\/wp\/v2\/product\/5709"}],"collection":[{"href":"https:\/\/littlevintage.pl\/en\/wp-json\/wp\/v2\/product"}],"about":[{"href":"https:\/\/littlevintage.pl\/en\/wp-json\/wp\/v2\/types\/product"}],"replies":[{"embeddable":true,"href":"https:\/\/littlevintage.pl\/en\/wp-json\/wp\/v2\/comments?post=5709"}],"version-history":[{"count":5,"href":"https:\/\/littlevintage.pl\/en\/wp-json\/wp\/v2\/product\/5709\/revisions"}],"predecessor-version":[{"id":5916,"href":"https:\/\/littlevintage.pl\/en\/wp-json\/wp\/v2\/product\/5709\/revisions\/5916"}],"wp:featuredmedia":[{"embeddable":true,"href":"https:\/\/littlevintage.pl\/en\/wp-json\/wp\/v2\/media\/5715"}],"wp:attachment":[{"href":"https:\/\/littlevintage.pl\/en\/wp-json\/wp\/v2\/media?parent=5709"}],"wp:term":[{"taxonomy":"product_cat","embeddable":true,"href":"https:\/\/littlevintage.pl\/en\/wp-json\/wp\/v2\/product_cat?post=5709"},{"taxonomy":"product_tag","embeddable":true,"href":"https:\/\/littlevintage.pl\/en\/wp-json\/wp\/v2\/product_tag?post=5709"}],"curies":[{"name":"wp","href":"https:\/\/api.w.org\/{rel}","templated":true}]}}