{"id":5472,"date":"2020-12-03T22:12:03","date_gmt":"2020-12-03T22:12:03","guid":{"rendered":"https:\/\/littlevintage.pl\/?post_type=product&#038;p=5472"},"modified":"2023-09-26T19:32:30","modified_gmt":"2023-09-26T19:32:30","slug":"lniany-kardigan-salty-caramel","status":"publish","type":"product","link":"https:\/\/littlevintage.pl\/en\/product\/lniany-kardigan-salty-caramel\/","title":{"rendered":"Lniany Kardigan Salty Caramel"},"content":{"rendered":"<p>Nonszalancki i szlachetny len ma wiele zastosowa\u0144. My lubimy szy\u0107 z niego klasyczne, wielofunkcyjne ubrania, r\u00f3wnie\u017c dla kobiet. Wyobra\u017a sobie kardigan, kt\u00f3ry narzucisz w domu, podczas parzenia kawy, kiedy wstaniesz w niedzielny poranek. Albo wychodz\u0105c na miasto, za\u0142atwi\u0107 kilka spraw, spotka\u0107 si\u0119 z przyjaci\u00f3\u0142k\u0105. Albo mo\u017ce na spacer z dzie\u0107mi i psem. Ok, mo\u017ce by\u0107 bez psa \ud83d\ude09 A mo\u017ce wieczorem, czytaj\u0105c ksi\u0105\u017ck\u0119 w ulubionym fotelu. Albo&#8230; no w\u0142a\u015bnie. Ty wiesz najlepiej, kiedy potrzebujesz wygodnych, pi\u0119knych, wytrzyma\u0142ych i szlachetnych produkt\u00f3w, kt\u00f3re pos\u0142u\u017c\u0105 Ci przez wiele lat.<\/p>\n<p>Kardigan jest uszyty ze zmi\u0119kczanego, certyfikowanego lnu wyprodukowanego w Polsce. Ciep\u0142y, karmelowy kolor, lu\u017any, niezobowi\u0105zuj\u0105cy kr\u00f3j, wygodne kieszenie, opcjonalnie pasek, to najwa\u017cniejsze cechy naszego kardiganu. Ale Ty pewnie dodasz troch\u0119 wi\u0119cej, kiedy ju\u017c zaczniesz nosi\u0107 go na sw\u00f3j spos\u00f3b \ud83d\ude09<\/p>\n<p>Sprawd\u017a tabel\u0119 w galerii produktu i wybierz odpowiedni rozmiar.<\/p>\n<p><strong>Ka\u017cdy produkt szyjemy specjalnie dla Ciebie, dlatego czas realizacji wynosi 14 dni roboczych. Wiemy, \u017ce to niema\u0142o, ale na dobre rzeczy warto poczeka\u0107 \ud83d\ude09 Jednak, je\u015bli potrzebujesz czego\u015b na ju\u017c, napisz na <a href=\"mailto:kontakt@littlevintage.pl\">kontakt@littlevintage.pl<\/a> , zrobimy co si\u0119 da \u017ceby pom\u00f3c! <\/strong><\/p>","protected":false},"excerpt":{"rendered":"<p>Lniany Kardigan dla Mamy.<\/p>\n<ul>\n<li>uszyty i zaprojektowany w Polsce<\/li>\n<li>czas realizacji wynosi <strong>14 dni<\/strong> roboczych.<br \/>\nWiemy, \u017ce to niema\u0142o, ale na dobre rzeczy warto poczeka\u0107 : )<\/li>\n<li>masz <strong>30 dni na zwrot\u00a0<\/strong><\/li>\n<li>dostawa do Polski za 17 z\u0142 kurierem DPD<\/li>\n<li>darmowa wysy\u0142ka powy\u017cej <strong>350 z\u0142<\/strong><\/li>\n<li>wysy\u0142amy za granic\u0119!<\/li>\n<\/ul>","protected":false},"featured_media":5481,"comment_status":"open","ping_status":"closed","template":"","meta":{"_exactmetrics_skip_tracking":false,"_exactmetrics_sitenote_active":false,"_exactmetrics_sitenote_note":"","_exactmetrics_sitenote_category":0},"product_cat":[200,123],"product_tag":[166,179,32,161],"_links":{"self":[{"href":"https:\/\/littlevintage.pl\/en\/wp-json\/wp\/v2\/product\/5472"}],"collection":[{"href":"https:\/\/littlevintage.pl\/en\/wp-json\/wp\/v2\/product"}],"about":[{"href":"https:\/\/littlevintage.pl\/en\/wp-json\/wp\/v2\/types\/product"}],"replies":[{"embeddable":true,"href":"https:\/\/littlevintage.pl\/en\/wp-json\/wp\/v2\/comments?post=5472"}],"version-history":[{"count":8,"href":"https:\/\/littlevintage.pl\/en\/wp-json\/wp\/v2\/product\/5472\/revisions"}],"predecessor-version":[{"id":7784,"href":"https:\/\/littlevintage.pl\/en\/wp-json\/wp\/v2\/product\/5472\/revisions\/7784"}],"wp:featuredmedia":[{"embeddable":true,"href":"https:\/\/littlevintage.pl\/en\/wp-json\/wp\/v2\/media\/5481"}],"wp:attachment":[{"href":"https:\/\/littlevintage.pl\/en\/wp-json\/wp\/v2\/media?parent=5472"}],"wp:term":[{"taxonomy":"product_cat","embeddable":true,"href":"https:\/\/littlevintage.pl\/en\/wp-json\/wp\/v2\/product_cat?post=5472"},{"taxonomy":"product_tag","embeddable":true,"href":"https:\/\/littlevintage.pl\/en\/wp-json\/wp\/v2\/product_tag?post=5472"}],"curies":[{"name":"wp","href":"https:\/\/api.w.org\/{rel}","templated":true}]}}