{"id":5396,"date":"2020-11-24T17:20:36","date_gmt":"2020-11-24T17:20:36","guid":{"rendered":"https:\/\/littlevintage.pl\/?post_type=product&#038;p=5396"},"modified":"2023-09-26T19:32:42","modified_gmt":"2023-09-26T19:32:42","slug":"longsleeve-mama-salty-caramel","status":"publish","type":"product","link":"https:\/\/littlevintage.pl\/en\/product\/longsleeve-mama-salty-caramel\/","title":{"rendered":"Longsleeve Mama &#8211; Salty Caramel"},"content":{"rendered":"<p>Longsleeve Salty Caramel dla Mamy. Basic to fundament ka\u017cdej garderoby, a mo\u017ce kobiecej przede wszystkim? Je\u015bli jeszcze nie masz w swojej szafie longsleeva, czas to zmieni\u0107! Mo\u017cna nosi\u0107 go solo, do jeans\u00f3w, cygaretek, ulubionej sp\u00f3dnicy. Do marynarki, ciep\u0142ego swetra, d\u0142ugiej kamizelki. Do obcas\u00f3w, sanda\u0142\u00f3w, sneakers\u00f3w, trampek i mokasyn\u00f3w! W domu &#8211; do dres\u00f3w i kapci ; )<\/p>\n<p>Nasz longsleeve ma lekko zw\u0119\u017cane r\u0119kawy, tak, aby dobrze le\u017ca\u0142 na wysoko\u015bci nadgarstka ( w ko\u0144cu cz\u0119sto nosimy zegarki i bu\u017cuteri\u0119!). Ma te\u017c delikatne wci\u0119cie w talii, kt\u00f3re sprawi, \u017ce b\u0119dzie przylega\u0142 i podkre\u015bla\u0142 j\u0105 subtelnie. D\u00f3\u0142 longsleeva jest delikatnie zaokr\u0105glony, mo\u017cesz wi\u0119c nosi\u0107 go r\u00f3wnie\u017c &#8222;na spodnie&#8221;.<\/p>\n<p>Mo\u017cesz zrobi\u0107 matchy matchy, w dziale dla dziecka znajdziesz longsleevy w tych samych kolorach!<\/p>\n<p>W galerii produktu znajdziesz tabel\u0119 z wymiarami. Pami\u0119taj, \u017ce pr\u0105\u017ckowana bawe\u0142na rozci\u0105ga si\u0119, co daje ca\u0142kiem spory zapas : )\u00a0 Je\u015bli wi\u0119c jeste\u015b na granicy rozmiar\u00f3w i zale\u017cy Ci aby ca\u0142kowicie przylega\u0142, we\u017a mniejszy rozmiar. Je\u015bli lubisz wi\u0119kszy luz, we\u017a rozmiar wy\u017cej.<\/p>\n<p><strong>Ka\u017cdy produkt szyjemy specjalnie dla Ciebie, dlatego czas realizacji wynosi 14 dni roboczych. Wiemy, \u017ce to niema\u0142o, ale na dobre rzeczy warto poczeka\u0107 \ud83d\ude09 Jednak, je\u015bli potrzebujesz czego\u015b na ju\u017c, napisz na <a href=\"mailto:kontakt@littlevintage.pl\">kontakt@littlevintage.pl<\/a> , zrobimy co si\u0119 da \u017ceby pom\u00f3c! <\/strong><\/p>","protected":false},"excerpt":{"rendered":"<p>Longsleeve Salty Caramel dla Mamy.<\/p>\n<ul>\n<li>uszyty i zaprojektowany w Polsce<\/li>\n<li>czas realizacji wynosi<strong>\u00a014 dni<\/strong>\u00a0roboczych<br \/>\nWiemy, \u017ce to niema\u0142o, ale na dobre rzeczy warto poczeka\u0107 : )<\/li>\n<li>masz <strong>30 dni na zwrot\u00a0<\/strong><\/li>\n<li>dostawa do Polski za 17 z\u0142 kurierem DPD<\/li>\n<li>darmowa wysy\u0142ka powy\u017cej <strong>350 z\u0142<\/strong><\/li>\n<li>wysy\u0142amy za granic\u0119!<\/li>\n<\/ul>\n<p><strong>\u00a0<\/strong><\/p>","protected":false},"featured_media":5427,"comment_status":"open","ping_status":"closed","template":"","meta":{"_exactmetrics_skip_tracking":false,"_exactmetrics_sitenote_active":false,"_exactmetrics_sitenote_note":"","_exactmetrics_sitenote_category":0},"product_cat":[209,151,123],"product_tag":[139,162,140,161],"_links":{"self":[{"href":"https:\/\/littlevintage.pl\/en\/wp-json\/wp\/v2\/product\/5396"}],"collection":[{"href":"https:\/\/littlevintage.pl\/en\/wp-json\/wp\/v2\/product"}],"about":[{"href":"https:\/\/littlevintage.pl\/en\/wp-json\/wp\/v2\/types\/product"}],"replies":[{"embeddable":true,"href":"https:\/\/littlevintage.pl\/en\/wp-json\/wp\/v2\/comments?post=5396"}],"version-history":[{"count":4,"href":"https:\/\/littlevintage.pl\/en\/wp-json\/wp\/v2\/product\/5396\/revisions"}],"predecessor-version":[{"id":7785,"href":"https:\/\/littlevintage.pl\/en\/wp-json\/wp\/v2\/product\/5396\/revisions\/7785"}],"wp:featuredmedia":[{"embeddable":true,"href":"https:\/\/littlevintage.pl\/en\/wp-json\/wp\/v2\/media\/5427"}],"wp:attachment":[{"href":"https:\/\/littlevintage.pl\/en\/wp-json\/wp\/v2\/media?parent=5396"}],"wp:term":[{"taxonomy":"product_cat","embeddable":true,"href":"https:\/\/littlevintage.pl\/en\/wp-json\/wp\/v2\/product_cat?post=5396"},{"taxonomy":"product_tag","embeddable":true,"href":"https:\/\/littlevintage.pl\/en\/wp-json\/wp\/v2\/product_tag?post=5396"}],"curies":[{"name":"wp","href":"https:\/\/api.w.org\/{rel}","templated":true}]}}