{"id":5248,"date":"2020-10-19T11:27:55","date_gmt":"2020-10-19T11:27:55","guid":{"rendered":"https:\/\/littlevintage.pl\/?post_type=product&#038;p=5248"},"modified":"2023-09-26T19:34:44","modified_gmt":"2023-09-26T19:34:44","slug":"rampers-astrid","status":"publish","type":"product","link":"https:\/\/littlevintage.pl\/en\/product\/rampers-astrid\/","title":{"rendered":"Rampers Astrid"},"content":{"rendered":"<p>Co to takiego ten rampers? To takie wdzianko w stylu kombinezonu, tylko bez nogawek : ) Najlepsza alternatywa dla sukienki. Szczeg\u00f3lnie dla tych dzieci, kt\u00f3re jeszcze raczkuj\u0105. Bo takim w\u0142a\u015bnie, najm\u0142odszym bobasom, r\u0105bek sukienki mocno przeszkadza w odkrywaniu \u015bwiata. \u017beby nie kr\u0119powa\u0107 ruch\u00f3w wybierz rampers w\u0142a\u015bnie. Uroczy jak sukienka. Mo\u017cna dobra\u0107 rajstopy i pos\u0142u\u017cy r\u00f3wnie\u017c w ch\u0142odniejsze dni. Spr\u00f3buj raz, a ju\u017c na zawsze zago\u015bci w Waszej szafie.<\/p>\n<p>Rampers Astrid uszyty jest z bezpiecznego dla sk\u00f3ry, zmi\u0119kczanego lnu w kolorze zgaszonego bordo. Na ko\u0142nierzyku wyhaftowali\u015bmy urocze r\u00f3\u017cyczki.<\/p>\n<p><strong>Ka\u017cdy produkt szyjemy specjalnie dla Ciebie, dlatego czas realizacji wynosi 14 dni roboczych. Wiemy, \u017ce to niema\u0142o, ale na dobre rzeczy warto poczeka\u0107 \ud83d\ude09 Jednak, je\u015bli potrzebujesz czego\u015b na ju\u017c, napisz na <a href=\"mailto:kontakt@littlevintage.pl\">kontakt@littlevintage.pl<\/a> , zrobimy co si\u0119 da \u017ceby pom\u00f3c! <\/strong><\/p>","protected":false},"excerpt":{"rendered":"<p>Rampers Astrid ze zmi\u0119kczanego lnu z haftowanym ko\u0142nierzykiem.<\/p>\n<ul>\n<li>uszyte i zaprojektowane w Polsce<\/li>\n<li>czas realizacji wynosi <strong>14 dni<\/strong> roboczych.<br \/>\nWiemy, \u017ce to niema\u0142o, ale na dobre rzeczy warto poczeka\u0107 : )<\/li>\n<li>masz <strong>30 dni na zwrot\u00a0<\/strong><\/li>\n<li>dostawa do Polski za 17 z\u0142 kurierem DPD<\/li>\n<li>darmowa wysy\u0142ka powy\u017cej <strong>350 z\u0142<\/strong><\/li>\n<li>wysy\u0142amy za granic\u0119!<\/li>\n<\/ul>\n<p>&nbsp;<\/p>","protected":false},"featured_media":5256,"comment_status":"open","ping_status":"closed","template":"","meta":{"_exactmetrics_skip_tracking":false,"_exactmetrics_sitenote_active":false,"_exactmetrics_sitenote_note":"","_exactmetrics_sitenote_category":0},"product_cat":[20,122,117,125],"product_tag":[97,98,32,181,59,66,180],"_links":{"self":[{"href":"https:\/\/littlevintage.pl\/en\/wp-json\/wp\/v2\/product\/5248"}],"collection":[{"href":"https:\/\/littlevintage.pl\/en\/wp-json\/wp\/v2\/product"}],"about":[{"href":"https:\/\/littlevintage.pl\/en\/wp-json\/wp\/v2\/types\/product"}],"replies":[{"embeddable":true,"href":"https:\/\/littlevintage.pl\/en\/wp-json\/wp\/v2\/comments?post=5248"}],"version-history":[{"count":5,"href":"https:\/\/littlevintage.pl\/en\/wp-json\/wp\/v2\/product\/5248\/revisions"}],"predecessor-version":[{"id":7789,"href":"https:\/\/littlevintage.pl\/en\/wp-json\/wp\/v2\/product\/5248\/revisions\/7789"}],"wp:featuredmedia":[{"embeddable":true,"href":"https:\/\/littlevintage.pl\/en\/wp-json\/wp\/v2\/media\/5256"}],"wp:attachment":[{"href":"https:\/\/littlevintage.pl\/en\/wp-json\/wp\/v2\/media?parent=5248"}],"wp:term":[{"taxonomy":"product_cat","embeddable":true,"href":"https:\/\/littlevintage.pl\/en\/wp-json\/wp\/v2\/product_cat?post=5248"},{"taxonomy":"product_tag","embeddable":true,"href":"https:\/\/littlevintage.pl\/en\/wp-json\/wp\/v2\/product_tag?post=5248"}],"curies":[{"name":"wp","href":"https:\/\/api.w.org\/{rel}","templated":true}]}}