{"id":5208,"date":"2020-10-14T13:30:43","date_gmt":"2020-10-14T13:30:43","guid":{"rendered":"https:\/\/littlevintage.pl\/?post_type=product&#038;p=5208"},"modified":"2022-12-14T10:02:04","modified_gmt":"2022-12-14T10:02:04","slug":"sukienka-francine","status":"publish","type":"product","link":"https:\/\/littlevintage.pl\/en\/product\/sukienka-francine\/","title":{"rendered":"Sukienka Francine"},"content":{"rendered":"<p>Sukienka <strong>Francine<\/strong> z najnowszej kolekcji, w klasyczn\u0105 krat\u0119 vichy w kolorze bordo. Ta urocza sukienka dla dziewczynki ma dwie kieszenie na dzieci\u0119ce skarby, wyko\u0144czone batystow\u0105 podszewk\u0105 w kolorze ecru. Zapinana z ty\u0142u na 4 guziczki z naturalnego kokosa, w r\u0119kawki wszyta jest delikatna gumka, kt\u00f3ra tworzy urocz\u0105 falbank\u0119. Gumka jest bardzo delikatna, nie b\u0119dzie uciska\u0107 ani ogranicza\u0107 swobody. Sukienka Francine uszyta jest w 100% z bawe\u0142ny, kt\u00f3ra posiada certyfikat OEKO TEX 100. To oznacza, \u017ce jest bezpieczna dla delikatnej sk\u00f3ry Twojego dziecka.<\/p>\n<p>Francine sprawdzi si\u0119 w wielu okoliczno\u015bciach. Doskonale wpisze si\u0119 w jesienn\u0105 czy \u015bwi\u0105teczn\u0105 atmosfer\u0119, doda klimatu na sesji zdj\u0119ciowej, mo\u017cna nosi\u0107 j\u0105 te\u017c na co dzie\u0144, bo jest z bawe\u0142ny i Twojemu dziecku na pewno b\u0119dzie w niej wygodnie.<\/p>","protected":false},"excerpt":{"rendered":"<p>Sukienka <strong>Francine<\/strong> z najnowszej kolekcji, w klasyczn\u0105 krat\u0119 vichy w kolorze bordo.<\/p>\n<ul>\n<li>uszyta i zaprojektowana w Polsce<\/li>\n<li>czas realizacji wynosi <strong>2-3 dni<\/strong> roboczych.<\/li>\n<li>masz <strong>30 dni na zwrot\u00a0<\/strong><\/li>\n<li>dostawa do Polski za <strong>17 z\u0142 kurierem DPD<\/strong><\/li>\n<li>darmowa wysy\u0142ka powy\u017cej <strong>350 z\u0142<\/strong><\/li>\n<li>wysy\u0142amy za granic\u0119!<\/li>\n<li>nied\u0142ugo dost\u0119pne b\u0119d\u0105 p\u0142atno\u015bci\u00a0<strong>Przelewy24, w tej chwili przyjmujemy p\u0142atno\u015bci przelewem tradycyjnym.<\/strong><\/li>\n<\/ul>","protected":false},"featured_media":7655,"comment_status":"open","ping_status":"closed","template":"","meta":{"_exactmetrics_skip_tracking":false,"_exactmetrics_sitenote_active":false,"_exactmetrics_sitenote_note":"","_exactmetrics_sitenote_category":0},"product_cat":[20,122,120,114,127,241,225],"product_tag":[96,95,182,183],"_links":{"self":[{"href":"https:\/\/littlevintage.pl\/en\/wp-json\/wp\/v2\/product\/5208"}],"collection":[{"href":"https:\/\/littlevintage.pl\/en\/wp-json\/wp\/v2\/product"}],"about":[{"href":"https:\/\/littlevintage.pl\/en\/wp-json\/wp\/v2\/types\/product"}],"replies":[{"embeddable":true,"href":"https:\/\/littlevintage.pl\/en\/wp-json\/wp\/v2\/comments?post=5208"}],"version-history":[{"count":6,"href":"https:\/\/littlevintage.pl\/en\/wp-json\/wp\/v2\/product\/5208\/revisions"}],"predecessor-version":[{"id":7664,"href":"https:\/\/littlevintage.pl\/en\/wp-json\/wp\/v2\/product\/5208\/revisions\/7664"}],"wp:featuredmedia":[{"embeddable":true,"href":"https:\/\/littlevintage.pl\/en\/wp-json\/wp\/v2\/media\/7655"}],"wp:attachment":[{"href":"https:\/\/littlevintage.pl\/en\/wp-json\/wp\/v2\/media?parent=5208"}],"wp:term":[{"taxonomy":"product_cat","embeddable":true,"href":"https:\/\/littlevintage.pl\/en\/wp-json\/wp\/v2\/product_cat?post=5208"},{"taxonomy":"product_tag","embeddable":true,"href":"https:\/\/littlevintage.pl\/en\/wp-json\/wp\/v2\/product_tag?post=5208"}],"curies":[{"name":"wp","href":"https:\/\/api.w.org\/{rel}","templated":true}]}}