{"id":5048,"date":"2020-10-06T14:20:58","date_gmt":"2020-10-06T14:20:58","guid":{"rendered":"https:\/\/littlevintage.pl\/?post_type=product&#038;p=5048"},"modified":"2023-09-26T19:35:08","modified_gmt":"2023-09-26T19:35:08","slug":"sukienka-vintage-poppies-z-falbanka-2","status":"publish","type":"product","link":"https:\/\/littlevintage.pl\/en\/product\/sukienka-vintage-poppies-z-falbanka-2\/","title":{"rendered":"Sukienka Vintage Poppies z Falbank\u0105"},"content":{"rendered":"<p>Sukienka z najnowszej kolekcji wyko\u0144czona urocz\u0105 falbank\u0105. Sukienka Vintage Poppies zosta\u0142a uszyta z najlepszej jako\u015bci, zmi\u0119kczanego lnu z naszym nowym, autorskim wzorem. Jest zapinana z ty\u0142u na guziczki z naturalnego kokosa. Wyko\u0144czenie z delikatnej falbanki nadaje dziewcz\u0119cego uroku.<\/p>\n<p>Zmi\u0119kczany len, z kt\u00f3rego powsta\u0142a <strong>Sukienka Vintage Poppies<\/strong> ma certyfikat<strong> OEKO TEX STANDARD 100<\/strong>. To certyfikat \u015bwiadcz\u0105cy o jako\u015bci produkt\u00f3w tekstylnych i w\u0142\u00f3kienniczych, kt\u00f3re maj\u0105 bezpo\u015bredni\u0105 styczno\u015b\u0107 ze sk\u00f3r\u0105 cz\u0142owieka. Dzi\u0119ki badaniom przeprowadzonych w laboratoriach na ca\u0142ym \u015bwiecie certyfikowane produkty s\u0105 wolne od \u015brodk\u00f3w wp\u0142ywaj\u0105cych niekorzystnie na zdrowie ludzi (m.in. formaldehyd\u00f3w, pestycyd\u00f3w czy substancji, kt\u00f3re mog\u0105 by\u0107 przyczyn\u0105 wywo\u0142ywania alergii). Sukienka jest cudownie mi\u0119kka i bardzo przyjemna w noszeniu. A przede wszystkim bezpieczna dla delikatnej sk\u00f3ry Twojego Dziecka: otuli j\u0105, pozwalaj\u0105c swobodnie oddycha\u0107 i nie podra\u017cni. Len ma w\u0142a\u015bciwo\u015bci higroskopijne, przeciwalergiczne i przeciwgrzybicze. To idealny wyb\u00f3r dla Twojego Dziecka!<\/p>\n<p>Kwiatowy wz\u00f3r <strong>Vintage Poppies<\/strong> to nasz nowy, autorski pattern, do kt\u00f3rego stworzenia zaprosili\u015bmy polsk\u0105 artystk\u0119 i mam\u0119: <strong>Mart\u0119 Chmieleck\u0105<\/strong>. Ka\u017cdy element wzoru by\u0142 pierwotnie namalowany r\u0119cznie, akwarelami, a my wydrukowali\u015bmy go na zmi\u0119kczanym, certyfikowanym lnie, wyprodukowanym w Polsce. Takie wsp\u00f3\u0142prace zawsze owocuj\u0105 czym\u015b pi\u0119knym, polskim i w jako\u015bci premium!<\/p>\n<p><strong>Ka\u017cdy produkt szyjemy specjalnie dla Ciebie, dlatego czas realizacji wynosi 7-10 dni roboczych. Wiemy, \u017ce to niema\u0142o, ale na dobre rzeczy warto poczeka\u0107 \ud83d\ude09 Jednak, je\u015bli potrzebujesz czego\u015b na ju\u017c, napisz na <a href=\"mailto:kontakt@littlevintage.pl\">kontakt@littlevintage.pl<\/a> , zrobimy co si\u0119 da \u017ceby pom\u00f3c!<\/strong><\/p>","protected":false},"excerpt":{"rendered":"<p>Sukienka z najnowszej kolekcji wyko\u0144czona urocz\u0105 falbank\u0105.<\/p>\n<ul>\n<li>uszyta i zaprojektowana w Polsce<\/li>\n<li>czas realizacji wynosi <strong>7-10 dni<\/strong> roboczych.<br \/>\nWiemy, \u017ce to niema\u0142o, ale na dobre rzeczy warto poczeka\u0107 : )<\/li>\n<li>masz <strong>30 dni na zwrot\u00a0<\/strong><\/li>\n<li>dostawa do Polski za 14 z\u0142 kurierem DPD<\/li>\n<li>darmowa wysy\u0142ka powy\u017cej <strong>350 z\u0142<\/strong><\/li>\n<li>wysy\u0142amy za granic\u0119!<\/li>\n<li>zap\u0142a\u0107 bezpiecznie przez <strong>Przelewy24<\/strong> lub <strong>PayPal<\/strong><\/li>\n<\/ul>","protected":false},"featured_media":4742,"comment_status":"open","ping_status":"closed","template":"","meta":{"_exactmetrics_skip_tracking":false,"_exactmetrics_sitenote_active":false,"_exactmetrics_sitenote_note":"","_exactmetrics_sitenote_category":0},"product_cat":[20,132,122,114,127],"product_tag":[96,95,32,184,42],"_links":{"self":[{"href":"https:\/\/littlevintage.pl\/en\/wp-json\/wp\/v2\/product\/5048"}],"collection":[{"href":"https:\/\/littlevintage.pl\/en\/wp-json\/wp\/v2\/product"}],"about":[{"href":"https:\/\/littlevintage.pl\/en\/wp-json\/wp\/v2\/types\/product"}],"replies":[{"embeddable":true,"href":"https:\/\/littlevintage.pl\/en\/wp-json\/wp\/v2\/comments?post=5048"}],"version-history":[{"count":5,"href":"https:\/\/littlevintage.pl\/en\/wp-json\/wp\/v2\/product\/5048\/revisions"}],"predecessor-version":[{"id":6403,"href":"https:\/\/littlevintage.pl\/en\/wp-json\/wp\/v2\/product\/5048\/revisions\/6403"}],"wp:featuredmedia":[{"embeddable":true,"href":"https:\/\/littlevintage.pl\/en\/wp-json\/wp\/v2\/media\/4742"}],"wp:attachment":[{"href":"https:\/\/littlevintage.pl\/en\/wp-json\/wp\/v2\/media?parent=5048"}],"wp:term":[{"taxonomy":"product_cat","embeddable":true,"href":"https:\/\/littlevintage.pl\/en\/wp-json\/wp\/v2\/product_cat?post=5048"},{"taxonomy":"product_tag","embeddable":true,"href":"https:\/\/littlevintage.pl\/en\/wp-json\/wp\/v2\/product_tag?post=5048"}],"curies":[{"name":"wp","href":"https:\/\/api.w.org\/{rel}","templated":true}]}}