{"id":5041,"date":"2020-10-06T14:17:08","date_gmt":"2020-10-06T14:17:08","guid":{"rendered":"https:\/\/littlevintage.pl\/?post_type=product&#038;p=5041"},"modified":"2023-09-26T19:35:34","modified_gmt":"2023-09-26T19:35:34","slug":"kocyk-vintage-poppies-2","status":"publish","type":"product","link":"https:\/\/littlevintage.pl\/en\/product\/kocyk-vintage-poppies-2\/","title":{"rendered":"Kocyk Vintage Poppies"},"content":{"rendered":"<p><strong>Kocyk Vintage Poppies <\/strong>uszyty z dw\u00f3ch warstw najwy\u017cszej jako\u015bci zmi\u0119kczanego lnu, ozdobiony uroczym chwostem. \u015awietnie sprawdzi si\u0119 w roli <strong>lekkiego kocyka<\/strong>, <strong>otulacza<\/strong>, <strong>os\u0142onki<\/strong> do w\u00f3zka, czy jako element <strong>wyprawki<\/strong> dla noworodka. Mo\u017cesz zabra\u0107 go ze sob\u0105 do szpitala, bo zajmuje ma\u0142o miejsca i b\u0119dzie idealny do otulenia malutkiego cia\u0142ka. Nie chowaj go kiedy nie u\u017cywasz, bo b\u0119dzie pi\u0119kn\u0105 ozdob\u0105 dzieci\u0119cego pokoiku, czy k\u0105cika dla noworodka. W wi\u0119kszym rozmiarze sprawdzi si\u0119 te\u017c dla starszego dziecka, kt\u00f3re miewa jeszcze drzemki. Kocyk jest ca\u0142oroczny, wykorzystasz go r\u00f3wnie\u017c jesieni\u0105 i zim\u0105.<\/p>\n<p>Len jako tkanina ma \u015bwietne w\u0142a\u015bciwo\u015bci termoregulacyjne, pomo\u017ce maluszkowi odprowadzi\u0107 ciep\u0142o i wilgo\u0107 i zapobiegnie przegrzaniu. Len nie alergizuje i daje najlepszy komfort snu, bo w ciep\u0142e dni odprowadza nadmiar ciep\u0142a, a w ch\u0142odniejsze grzeje. Dost\u0119pny w trzech rozmiarach: 80&#215;80 , 100&#215;100 i 120&#215;120.<\/p>\n<p>Zmi\u0119kczany len, z kt\u00f3rego powsta\u0142 <strong>Kocyk Vintage Poppies<\/strong> ma certyfikat<strong> OEKO TEX STANDARD 100<\/strong>. To certyfikat \u015bwiadcz\u0105cy o jako\u015bci produkt\u00f3w tekstylnych i w\u0142\u00f3kienniczych, kt\u00f3re maj\u0105 bezpo\u015bredni\u0105 styczno\u015b\u0107 ze sk\u00f3r\u0105 cz\u0142owieka. Dzi\u0119ki badaniom przeprowadzonym w laboratoriach na ca\u0142ym \u015bwiecie certyfikowane produkty s\u0105 wolne od \u015brodk\u00f3w wp\u0142ywaj\u0105cych niekorzystnie na zdrowie ludzi (m.in. formaldehyd\u00f3w, pestycyd\u00f3w czy substancji, kt\u00f3re mog\u0105 by\u0107 przyczyn\u0105 wywo\u0142ywania alergii). Kocyk jest bezpieczny dla delikatnej sk\u00f3ry Twojego Dziecka: otuli j\u0105, pozwalaj\u0105c swobodnie oddycha\u0107 i nie podra\u017cni. Len ma w\u0142a\u015bciwo\u015bci higroskopijne, przeciwalergiczne i przeciwgrzybicze. To idealny wyb\u00f3r dla Twojego Dziecka!<\/p>\n<p>Kwiatowy wz\u00f3r <strong>Vintage Poppies<\/strong> to nasz nowy, autorski pattern, do kt\u00f3rego stworzenia zaprosili\u015bmy polsk\u0105 artystk\u0119 i mam\u0119: <strong>Mart\u0119 Chmieleck\u0105<\/strong>. Ka\u017cdy element wzoru by\u0142 pierwotnie namalowany r\u0119cznie, akwarelami, a my wydrukowali\u015bmy go na zmi\u0119kczanym, certyfikowanym lnie, wyprodukowanym w Polsce. Takie wsp\u00f3\u0142prace zawsze owocuj\u0105 czym\u015b pi\u0119knym, polskim i w jako\u015bci premium!<\/p>\n<p><strong>Ka\u017cdy produkt szyjemy specjalnie dla Ciebie, dlatego czas realizacji wynosi 7-10 dni roboczych. Wiemy, \u017ce to niema\u0142o, ale na dobre rzeczy warto poczeka\u0107 \ud83d\ude09 Jednak, je\u015bli potrzebujesz czego\u015b na ju\u017c, napisz na <a href=\"mailto:kontakt@littlevintage.pl\">kontakt@littlevintage.pl<\/a> , zrobimy co si\u0119 da \u017ceby pom\u00f3c!<\/strong><\/p>\n<p>&nbsp;<\/p>","protected":false},"excerpt":{"rendered":"<p><strong>Kocyk Vintage Poppies <\/strong>uszyty z dw\u00f3ch warstw najwy\u017cszej jako\u015bci zmi\u0119kczanego lnu, ozdobiony uroczym chwostem.<\/p>\n<ul>\n<li>uszyty i zaprojektowany w Polsce<\/li>\n<li>czas realizacji wynosi <strong>7-10 dni<\/strong> roboczych.<br \/>\nWiemy, \u017ce to niema\u0142o, ale na dobre rzeczy warto poczeka\u0107 : )<\/li>\n<li>masz <strong>30 dni na zwrot\u00a0<\/strong><\/li>\n<li>dostawa do Polski za 14 z\u0142 kurierem DPD<\/li>\n<li>darmowa wysy\u0142ka powy\u017cej <strong>350 z\u0142<\/strong><\/li>\n<li>wysy\u0142amy za granic\u0119!<\/li>\n<li>zap\u0142a\u0107 bezpiecznie przez <strong>Przelewy24<\/strong> lub <strong>PayPal<\/strong><\/li>\n<\/ul>","protected":false},"featured_media":4703,"comment_status":"open","ping_status":"closed","template":"","meta":{"_exactmetrics_skip_tracking":false,"_exactmetrics_sitenote_active":false,"_exactmetrics_sitenote_note":"","_exactmetrics_sitenote_category":0},"product_cat":[121,128,132,122,129],"product_tag":[97,98,185,32,59,186,187],"_links":{"self":[{"href":"https:\/\/littlevintage.pl\/en\/wp-json\/wp\/v2\/product\/5041"}],"collection":[{"href":"https:\/\/littlevintage.pl\/en\/wp-json\/wp\/v2\/product"}],"about":[{"href":"https:\/\/littlevintage.pl\/en\/wp-json\/wp\/v2\/types\/product"}],"replies":[{"embeddable":true,"href":"https:\/\/littlevintage.pl\/en\/wp-json\/wp\/v2\/comments?post=5041"}],"version-history":[{"count":5,"href":"https:\/\/littlevintage.pl\/en\/wp-json\/wp\/v2\/product\/5041\/revisions"}],"predecessor-version":[{"id":5955,"href":"https:\/\/littlevintage.pl\/en\/wp-json\/wp\/v2\/product\/5041\/revisions\/5955"}],"wp:featuredmedia":[{"embeddable":true,"href":"https:\/\/littlevintage.pl\/en\/wp-json\/wp\/v2\/media\/4703"}],"wp:attachment":[{"href":"https:\/\/littlevintage.pl\/en\/wp-json\/wp\/v2\/media?parent=5041"}],"wp:term":[{"taxonomy":"product_cat","embeddable":true,"href":"https:\/\/littlevintage.pl\/en\/wp-json\/wp\/v2\/product_cat?post=5041"},{"taxonomy":"product_tag","embeddable":true,"href":"https:\/\/littlevintage.pl\/en\/wp-json\/wp\/v2\/product_tag?post=5041"}],"curies":[{"name":"wp","href":"https:\/\/api.w.org\/{rel}","templated":true}]}}