{"id":5015,"date":"2020-10-06T14:06:50","date_gmt":"2020-10-06T14:06:50","guid":{"rendered":"https:\/\/littlevintage.pl\/?post_type=product&#038;p=5015"},"modified":"2023-09-26T19:36:17","modified_gmt":"2023-09-26T19:36:17","slug":"culottes-salty-caramel-2","status":"publish","type":"product","link":"https:\/\/littlevintage.pl\/en\/product\/culottes-salty-caramel-2\/","title":{"rendered":"Culottes Salty Caramel"},"content":{"rendered":"<p><strong>Culottes<\/strong> w pi\u0119knym, ciep\u0142ym odcieniu <strong>Salty Caramel<\/strong>. Lu\u017any kr\u00f3j i naturalny len gwarantuje wygod\u0119 noszenia. Gumka w pasie wszyta jest z ty\u0142u, a z przodu nasze culottes maj\u0105 estetyczne zaszewki, dzi\u0119ki temu dobrze prezentuj\u0105 si\u0119 r\u00f3wnie\u017c z kr\u00f3tkimi topami, czy swetrami. Dobierz do nich nasz top z kolekcji <strong>Basic<\/strong>, <strong>Organic<\/strong> lub <strong>Vintage<\/strong> <strong>Poppies<\/strong>. Wszystkie b\u0119d\u0105 pasowa\u0107! Staramy si\u0119 \u0142\u0105czy\u0107 nasze produkty w <strong>kapsu\u0142owe zestawy<\/strong>, tak, aby mo\u017cna by\u0142o je jak najlepiej i jak najcz\u0119\u015bciej wykorzystywa\u0107.<\/p>\n<p>Poni\u017cej przybli\u017cone szeroko\u015bci w pasie, wybierz najlepszy rozmiar dla Twojego dziecka:<\/p>\n<p>18-24\u00a0 \u00a052cm<\/p>\n<p>2-3\u00a0 \u00a0 \u00a0 \u00a053 cm<\/p>\n<p>3-4\u00a0 \u00a0 \u00a0 54 cm<\/p>\n<p>4-5\u00a0 \u00a0 \u00a0 56 cm<\/p>\n<p>5-6\u00a0 \u00a0 \u00a0 58 cm<\/p>\n<p>6-7\u00a0 \u00a0 \u00a0 60 cm<\/p>\n<p>Zmi\u0119kczany len, z kt\u00f3rego powsta\u0142y culottes ma certyfikat<strong> OEKO TEX STANDARD 100<\/strong>. To certyfikat \u015bwiadcz\u0105cy o jako\u015bci produkt\u00f3w tekstylnych i w\u0142\u00f3kienniczych, kt\u00f3re maj\u0105 bezpo\u015bredni\u0105 styczno\u015b\u0107 ze sk\u00f3r\u0105 cz\u0142owieka. Dzi\u0119ki badaniom przeprowadzonych w laboratoriach na ca\u0142ym \u015bwiecie certyfikowane produkty s\u0105 wolne od \u015brodk\u00f3w wp\u0142ywaj\u0105cych niekorzystnie na zdrowie ludzi (m.in. formaldehyd\u00f3w, pestycyd\u00f3w czy substancji, kt\u00f3re mog\u0105 by\u0107 przyczyn\u0105 wywo\u0142ywania alergii).Jest cudownie mi\u0119kki i bardzo przyjemny w noszeniu. A przede wszystkim bezpieczny dla delikatnej sk\u00f3ry Twojego Dziecka: otuli j\u0105, pozwalaj\u0105c swobodnie oddycha\u0107 i nie podra\u017cni. Len ma w\u0142a\u015bciwo\u015bci higroskopijne, przeciwalergiczne i przeciwgrzybicze. To idealny wyb\u00f3r dla Twojego Dziecka!<\/p>\n<p><strong>Ka\u017cdy produkt szyjemy specjalnie dla Ciebie, dlatego czas realizacji wynosi 14 dni roboczych. Wiemy, \u017ce to niema\u0142o, ale na dobre rzeczy warto poczeka\u0107 \ud83d\ude09 Jednak, je\u015bli potrzebujesz czego\u015b na ju\u017c, napisz na <a href=\"mailto:kontakt@littlevintage.pl\">kontakt@littlevintage.pl<\/a> , zrobimy co si\u0119 da \u017ceby pom\u00f3c!<\/strong><\/p>\n<p>&nbsp;<\/p>","protected":false},"excerpt":{"rendered":"<p><strong>Culottes<\/strong> w pi\u0119knym, ciep\u0142ym odcieniu <strong>Salty Caramel<\/strong>.<\/p>\n<ul>\n<li>uszyte i zaprojektowane w Polsce<\/li>\n<li>czas realizacji wynosi <strong>14 dni<\/strong> roboczych.<\/li>\n<li>Wiemy, \u017ce to niema\u0142o, ale na dobre rzeczy warto poczeka\u0107 : )<\/li>\n<li>masz <strong>30 dni na zwrot\u00a0<\/strong><\/li>\n<li>dostawa do Polski za 17 z\u0142 kurierem DPD<\/li>\n<li>darmowa wysy\u0142ka powy\u017cej <strong>350 z\u0142<\/strong><\/li>\n<li>wysy\u0142amy za granic\u0119!<\/li>\n<\/ul>","protected":false},"featured_media":4975,"comment_status":"open","ping_status":"closed","template":"","meta":{"_exactmetrics_skip_tracking":false,"_exactmetrics_sitenote_active":false,"_exactmetrics_sitenote_note":"","_exactmetrics_sitenote_category":0},"product_cat":[20,145],"product_tag":[97,107,108,109,104,105,106,110],"_links":{"self":[{"href":"https:\/\/littlevintage.pl\/en\/wp-json\/wp\/v2\/product\/5015"}],"collection":[{"href":"https:\/\/littlevintage.pl\/en\/wp-json\/wp\/v2\/product"}],"about":[{"href":"https:\/\/littlevintage.pl\/en\/wp-json\/wp\/v2\/types\/product"}],"replies":[{"embeddable":true,"href":"https:\/\/littlevintage.pl\/en\/wp-json\/wp\/v2\/comments?post=5015"}],"version-history":[{"count":6,"href":"https:\/\/littlevintage.pl\/en\/wp-json\/wp\/v2\/product\/5015\/revisions"}],"predecessor-version":[{"id":7794,"href":"https:\/\/littlevintage.pl\/en\/wp-json\/wp\/v2\/product\/5015\/revisions\/7794"}],"wp:featuredmedia":[{"embeddable":true,"href":"https:\/\/littlevintage.pl\/en\/wp-json\/wp\/v2\/media\/4975"}],"wp:attachment":[{"href":"https:\/\/littlevintage.pl\/en\/wp-json\/wp\/v2\/media?parent=5015"}],"wp:term":[{"taxonomy":"product_cat","embeddable":true,"href":"https:\/\/littlevintage.pl\/en\/wp-json\/wp\/v2\/product_cat?post=5015"},{"taxonomy":"product_tag","embeddable":true,"href":"https:\/\/littlevintage.pl\/en\/wp-json\/wp\/v2\/product_tag?post=5015"}],"curies":[{"name":"wp","href":"https:\/\/api.w.org\/{rel}","templated":true}]}}