{"id":5001,"date":"2020-10-05T17:23:31","date_gmt":"2020-10-05T17:23:31","guid":{"rendered":"https:\/\/littlevintage.pl\/?post_type=product&#038;p=5001"},"modified":"2023-09-26T19:36:38","modified_gmt":"2023-09-26T19:36:38","slug":"sukienka-marie-vintage-poppies","status":"publish","type":"product","link":"https:\/\/littlevintage.pl\/en\/product\/sukienka-marie-vintage-poppies\/","title":{"rendered":"Sukienka Marie Vintage Poppies"},"content":{"rendered":"<p>Lniana <strong>Marie<\/strong> w naszym nowym autorskim wzorze <strong>Vintage Poppies<\/strong>, to sukienka typu wrap dress. Sprawdzi si\u0119 w pracy, a tak\u017ce przy mniej formalnych okazjach. To zale\u017cy, jakie dodatki do niej dobierzesz. Jesieni\u0105 \u015bwietnie wygl\u0105da w parze\u00a0 wysokimi kozakami i kardiganem, albo dwurz\u0119dow\u0105 marynark\u0105. Latem za\u0142\u00f3\u017c sanda\u0142ki na obcasie albo wygodne baleriny. Marie to sukienka ca\u0142oroczna! Na pewno nie warto chowa\u0107 jej g\u0142\u0119boko w szafie \ud83d\ude09 Je\u015bli Twoja baza kolorystyczna to: br\u0105z, karmel, krem, be\u017c, bordo, ziele\u0144, ochra, to ta sukienka jest dla Ciebie!<\/p>\n<p>Zmi\u0119kczany len, z kt\u00f3rego powsta\u0142a <strong>Sukienka Marie <\/strong>ma certyfikat<strong> OEKO TEX STANDARD 100<\/strong>. To certyfikat \u015bwiadcz\u0105cy o jako\u015bci produkt\u00f3w tekstylnych i w\u0142\u00f3kienniczych, kt\u00f3re maj\u0105 bezpo\u015bredni\u0105 styczno\u015b\u0107 ze sk\u00f3r\u0105 cz\u0142owieka. Dzi\u0119ki badaniom przeprowadzonym w laboratoriach na ca\u0142ym \u015bwiecie certyfikowane produkty s\u0105 wolne od \u015brodk\u00f3w wp\u0142ywaj\u0105cych niekorzystnie na zdrowie ludzi (m.in. formaldehyd\u00f3w, pestycyd\u00f3w czy substancji, kt\u00f3re mog\u0105 by\u0107 przyczyn\u0105 wywo\u0142ywania alergii). Sukienka jest cudownie mi\u0119kka i bardzo przyjemna w noszeniu.<\/p>\n<p><strong>Czas Realizacji 7-10 dni roboczych.\u00a0<\/strong><\/p>\n<p>Zmierz si\u0119 i por\u00f3wnaj swoje wymiary do tych poni\u017cej, aby dobra\u0107 odpowiedni rozmiar sukienki:<\/p>\n<p><strong>ROZMIAR 36<\/strong><\/p>\n<p>Obw\u00f3d biustu: 84<\/p>\n<p>Obw\u00f3d Talii: 66<\/p>\n<p>Obw\u00f3d Bioder: 90<\/p>\n<p><strong>ROZMIAR 38\u00a0<\/strong><\/p>\n<p>Obw\u00f3d biustu: 88<\/p>\n<p>Obw\u00f3d Talii: 70<\/p>\n<p>Obw\u00f3d Bioder: 94<\/p>\n<p><strong>ROZMIAR 40<\/strong><\/p>\n<p>Obw\u00f3d biustu: 92<\/p>\n<p>Obw\u00f3d Talii: 74<\/p>\n<p>Obw\u00f3d Bioder: 98<\/p>\n<p><strong>ROZMIAR 42<\/strong><\/p>\n<p>Obw\u00f3d biustu: 96<\/p>\n<p>Obw\u00f3d Talii: 78<\/p>\n<p>Obw\u00f3d Bioder: 102<\/p>\n<p><strong>Ka\u017cdy produkt szyjemy specjalnie dla Ciebie, dlatego czas realizacji wynosi 7-10 dni roboczych. Wiemy, \u017ce to niema\u0142o, ale na dobre rzeczy warto poczeka\u0107 \ud83d\ude09 Jednak, je\u015bli potrzebujesz czego\u015b na ju\u017c, napisz na <a href=\"mailto:kontakt@littlevintage.pl\">kontakt@littlevintage.pl<\/a> , zrobimy co si\u0119 da \u017ceby pom\u00f3c! <\/strong><\/p>","protected":false},"excerpt":{"rendered":"<p>Lniana <strong>Marie<\/strong> w naszym nowym autorskim wzorze <strong>Vintage Poppies,<\/strong><\/p>\n<ul>\n<li>uszyta i zaprojektowana w Polsce<\/li>\n<li>czas realizacji wynosi <strong>7-10 dni<\/strong> roboczych.<br \/>\nWiemy, \u017ce to niema\u0142o, ale na dobre rzeczy warto poczeka\u0107 : )<\/li>\n<li>masz <strong>30 dni na zwrot\u00a0<\/strong><\/li>\n<li>dostawa do Polski za 14 z\u0142 kurierem DPD<\/li>\n<li>darmowa wysy\u0142ka powy\u017cej <strong>350 z\u0142<\/strong><\/li>\n<li>wysy\u0142amy za granic\u0119!<\/li>\n<li>zap\u0142a\u0107 bezpiecznie przez <strong>Przelewy24<\/strong> lub <strong>PayPal<\/strong><\/li>\n<\/ul>","protected":false},"featured_media":5006,"comment_status":"open","ping_status":"closed","template":"","meta":{"_exactmetrics_skip_tracking":false,"_exactmetrics_sitenote_active":false,"_exactmetrics_sitenote_note":"","_exactmetrics_sitenote_category":0},"product_cat":[123,206],"product_tag":[32,33,161,191,190],"_links":{"self":[{"href":"https:\/\/littlevintage.pl\/en\/wp-json\/wp\/v2\/product\/5001"}],"collection":[{"href":"https:\/\/littlevintage.pl\/en\/wp-json\/wp\/v2\/product"}],"about":[{"href":"https:\/\/littlevintage.pl\/en\/wp-json\/wp\/v2\/types\/product"}],"replies":[{"embeddable":true,"href":"https:\/\/littlevintage.pl\/en\/wp-json\/wp\/v2\/comments?post=5001"}],"version-history":[{"count":5,"href":"https:\/\/littlevintage.pl\/en\/wp-json\/wp\/v2\/product\/5001\/revisions"}],"predecessor-version":[{"id":5961,"href":"https:\/\/littlevintage.pl\/en\/wp-json\/wp\/v2\/product\/5001\/revisions\/5961"}],"wp:featuredmedia":[{"embeddable":true,"href":"https:\/\/littlevintage.pl\/en\/wp-json\/wp\/v2\/media\/5006"}],"wp:attachment":[{"href":"https:\/\/littlevintage.pl\/en\/wp-json\/wp\/v2\/media?parent=5001"}],"wp:term":[{"taxonomy":"product_cat","embeddable":true,"href":"https:\/\/littlevintage.pl\/en\/wp-json\/wp\/v2\/product_cat?post=5001"},{"taxonomy":"product_tag","embeddable":true,"href":"https:\/\/littlevintage.pl\/en\/wp-json\/wp\/v2\/product_tag?post=5001"}],"curies":[{"name":"wp","href":"https:\/\/api.w.org\/{rel}","templated":true}]}}