{"id":4868,"date":"2020-09-19T09:00:25","date_gmt":"2020-09-19T09:00:25","guid":{"rendered":"https:\/\/littlevintage.pl\/?post_type=product&#038;p=4868"},"modified":"2023-09-26T19:37:48","modified_gmt":"2023-09-26T19:37:48","slug":"set-basic-no1-salty-caramel","status":"publish","type":"product","link":"https:\/\/littlevintage.pl\/en\/product\/set-basic-no1-salty-caramel\/","title":{"rendered":"Set Basic no\u00b01 Salty Caramel"},"content":{"rendered":"<p><strong>Set<\/strong> z kolekcji Basic Vintage w odcieniu <strong>Salty Caramel.<\/strong> Uszyty z najwy\u017cszej jako\u015bci bawe\u0142ny pr\u0105\u017ckowanej z dodatkiem elastanu, by jeszcze lepiej dopasowywa\u0107 si\u0119 do cia\u0142ka. Legginsy i Longsleeve s\u0105 superwygodne, mo\u017cna po\u0142\u0105czy\u0107 z innymi produktami Little Vintage: sukienkami, spodniami culotte, bloomersami, czy topami. Dla niemowl\u0105t do kompletu mo\u017cesz kupi\u0107 tak\u017ce bonetk\u0119. Jako zestaw stworz\u0105 super-wielofunkcyjne combo: jako dres do przedszkola, czy na d\u0142ug\u0105 podr\u00f3\u017c, jako pi\u017camka, jako domowy str\u00f3j niezniszczalny.<\/p>\n<p><strong>Kolekcja Basic Vintage<\/strong> to kolekcja kapsu\u0142owa, taki must have w szafie Twojego dziecka. To takie produkty, po kt\u00f3re si\u0119gniesz kiedy nie masz czasu zastanowi\u0107 si\u0119 co ubra\u0107 i chcesz, aby Twojemu dziecku by\u0142o wygodnie, a jednocze\u015bnie, \u017ceby \u015blicznie wygl\u0105da\u0142o &#8211; wiadomo \ud83d\ude09 Gwarantujemy: je\u015bli raz kupisz, ju\u017c zawsze b\u0119dziesz wraca\u0107, dobieraj\u0105c kolejne rozmiary!<\/p>\n<p><strong>Ka\u017cdy produkt szyjemy specjalnie dla Ciebie, dlatego czas realizacji wynosi 14 dni roboczych. Wiemy, \u017ce to niema\u0142o, ale na dobre rzeczy warto poczeka\u0107 \ud83d\ude09 Jednak, je\u015bli potrzebujesz czego\u015b na ju\u017c, napisz na <a href=\"mailto:kontakt@littlevintage.pl\">kontakt@littlevintage.pl<\/a> , zrobimy co si\u0119 da \u017ceby pom\u00f3c! <\/strong><\/p>","protected":false},"excerpt":{"rendered":"<p><strong>Set<\/strong> z kolekcji Basic Vintage w odcieniu \u00a0<strong>Salty Caramel<\/strong><strong>.<\/strong><\/p>\n<ul>\n<li>uszyty i zaprojektowany w Polsce<\/li>\n<li>czas realizacji wynosi <strong>14 dni<\/strong> roboczych.<br \/>\nWiemy, \u017ce to niema\u0142o, ale na dobre rzeczy warto poczeka\u0107 : )<\/li>\n<li>masz <strong>30 dni na zwrot\u00a0<\/strong><\/li>\n<li>dostawa do Polski za 17 z\u0142 kurierem DPD<\/li>\n<li>darmowa wysy\u0142ka powy\u017cej <strong>350 z\u0142<\/strong><\/li>\n<li>wysy\u0142amy za granic\u0119!<\/li>\n<\/ul>","protected":false},"featured_media":5508,"comment_status":"open","ping_status":"closed","template":"","meta":{"_exactmetrics_skip_tracking":false,"_exactmetrics_sitenote_active":false,"_exactmetrics_sitenote_note":"","_exactmetrics_sitenote_category":0},"product_cat":[29,199,208,20,151,122,145,131,129,146,147,207],"product_tag":[139,141,143,171,169,140,170,142],"_links":{"self":[{"href":"https:\/\/littlevintage.pl\/en\/wp-json\/wp\/v2\/product\/4868"}],"collection":[{"href":"https:\/\/littlevintage.pl\/en\/wp-json\/wp\/v2\/product"}],"about":[{"href":"https:\/\/littlevintage.pl\/en\/wp-json\/wp\/v2\/types\/product"}],"replies":[{"embeddable":true,"href":"https:\/\/littlevintage.pl\/en\/wp-json\/wp\/v2\/comments?post=4868"}],"version-history":[{"count":7,"href":"https:\/\/littlevintage.pl\/en\/wp-json\/wp\/v2\/product\/4868\/revisions"}],"predecessor-version":[{"id":7797,"href":"https:\/\/littlevintage.pl\/en\/wp-json\/wp\/v2\/product\/4868\/revisions\/7797"}],"wp:featuredmedia":[{"embeddable":true,"href":"https:\/\/littlevintage.pl\/en\/wp-json\/wp\/v2\/media\/5508"}],"wp:attachment":[{"href":"https:\/\/littlevintage.pl\/en\/wp-json\/wp\/v2\/media?parent=4868"}],"wp:term":[{"taxonomy":"product_cat","embeddable":true,"href":"https:\/\/littlevintage.pl\/en\/wp-json\/wp\/v2\/product_cat?post=4868"},{"taxonomy":"product_tag","embeddable":true,"href":"https:\/\/littlevintage.pl\/en\/wp-json\/wp\/v2\/product_tag?post=4868"}],"curies":[{"name":"wp","href":"https:\/\/api.w.org\/{rel}","templated":true}]}}