{"id":4690,"date":"2020-09-10T17:54:57","date_gmt":"2020-09-10T17:54:57","guid":{"rendered":"https:\/\/littlevintage.pl\/?post_type=product&#038;p=4690"},"modified":"2023-09-26T19:38:30","modified_gmt":"2023-09-26T19:38:30","slug":"sukienka-kimonowa-vintage-poppies","status":"publish","type":"product","link":"https:\/\/littlevintage.pl\/en\/product\/sukienka-kimonowa-vintage-poppies\/","title":{"rendered":"Sukienka Kimonowa Vintage Poppies"},"content":{"rendered":"<p>Sukienka Kimonowa dla mamy z najnowszej, autorskiej kolekcji <strong>Vintage Poppies<\/strong>. Uszyta z najlepszej jako\u015bci, polskiego, zmi\u0119kczanego lnu. Sukienka wi\u0105zana jest wewn\u0105trz na ma\u0142e sznureczki, dzi\u0119ki czemu nie przekr\u0119ca si\u0119, a dekolt si\u0119 nie rozchyla. Je\u015bli chcesz, aby by\u0142 wi\u0119kszy, poluzuj sznureczki. Je\u015bli potrzebujesz mniejszy, \u015bci\u0105gnij je mocniej! W tej sukience, dzi\u0119ki konstrukcji dekoltu, nakarmisz swobodnie swoj\u0105 Kruszynk\u0119, zmie\u015bcisz te\u017c ci\u0105\u017cowy brzuszek przez pierwszych kilkana\u015bcie tygodni. Zewn\u0119trzne paski r\u00f3wnie\u017c s\u0105 przyszyte do sukienki, wi\u0119c pozostaj\u0105 na miejscu nawet je\u015bli masz aktywny dzie\u0144: w pracy, czy z Maluszkiem.<\/p>\n<p>Ta sukienka spe\u0142ni wiele funkcji: za\u0142\u00f3\u017c buty na obcasie i wyjd\u017a na randk\u0119. Lub wygodne p\u0142askie buty i biegaj w niej ca\u0142y dzie\u0144. Mo\u017cesz zwi\u0105za\u0107 sznurki tak jak w trenczu i potraktowa\u0107 j\u0105 jak narzutk\u0119, b\u0119dzie \u015bwietna z jeansami i ulubion\u0105 par\u0105 wygodnych but\u00f3w. Je\u015bli lubisz zada\u0107 szyku w domowym zaciszu, no\u015b j\u0105 jak najwygodniejszy ciuch, a przy okazji zafunduj sobie domowe spa. Je\u015bli wybierasz si\u0119 na wakacje, za\u0142\u00f3\u017c jako pla\u017cowe kimono i dodaj s\u0142omkowy kapelusz. Je\u015bli chcesz stworzy\u0107 zestaw Mama-C\u00f3rka, zajrzyj do kategorii &#8222;Dziewczynka&#8221; i zobacz z czym mo\u017cesz j\u0105 po\u0142\u0105czy\u0107.<\/p>\n<p>Zmi\u0119kczany len, z kt\u00f3rego powsta\u0142a <strong>Sukienka Vintage Poppies<\/strong> ma certyfikat<strong> OEKO TEX STANDARD 100<\/strong>. To certyfikat \u015bwiadcz\u0105cy o jako\u015bci produkt\u00f3w tekstylnych i w\u0142\u00f3kienniczych, kt\u00f3re maj\u0105 bezpo\u015bredni\u0105 styczno\u015b\u0107 ze sk\u00f3r\u0105 cz\u0142owieka. Dzi\u0119ki badaniom przeprowadzonym w laboratoriach na ca\u0142ym \u015bwiecie certyfikowane produkty s\u0105 wolne od \u015brodk\u00f3w wp\u0142ywaj\u0105cych niekorzystnie na zdrowie ludzi (m.in. formaldehyd\u00f3w, pestycyd\u00f3w czy substancji, kt\u00f3re mog\u0105 by\u0107 przyczyn\u0105 wywo\u0142ywania alergii). Sukienka jest cudownie mi\u0119kka i bardzo przyjemna w noszeniu.<\/p>\n<p>Kwiatowy wz\u00f3r <strong>Vintage Poppies<\/strong> to nasz nowy, autorski pattern, do kt\u00f3rego stworzenia zaprosili\u015bmy polsk\u0105 artystk\u0119 i mam\u0119: <strong>Mart\u0119 Chmieleck\u0105<\/strong>. Ka\u017cdy element wzoru by\u0142 pierwotnie namalowany r\u0119cznie, akwarelami, a my wydrukowali\u015bmy go na zmi\u0119kczanym, certyfikowanym lnie, wyprodukowanym w Polsce. Takie wsp\u00f3\u0142prace zawsze owocuj\u0105 czym\u015b pi\u0119knym, polskim i w jako\u015bci premium!<\/p>\n<p>Zmierz si\u0119 i por\u00f3wnaj swoje wymiary do tych poni\u017cej, aby dobra\u0107 odpowiedni rozmiar sukienki:<\/p>\n<p><strong>ROZMIAR 36<\/strong><\/p>\n<p>Obw\u00f3d biustu: 84<\/p>\n<p>Obw\u00f3d Talii: 66<\/p>\n<p>Obw\u00f3d Bioder: 90<\/p>\n<p><strong>ROZMIAR 38\u00a0<\/strong><\/p>\n<p>Obw\u00f3d biustu: 88<\/p>\n<p>Obw\u00f3d Talii: 70<\/p>\n<p>Obw\u00f3d Bioder: 94<\/p>\n<p><strong>ROZMIAR 40<\/strong><\/p>\n<p>Obw\u00f3d biustu: 92<\/p>\n<p>Obw\u00f3d Talii: 74<\/p>\n<p>Obw\u00f3d Bioder: 98<\/p>\n<p><strong>ROZMIAR 42<\/strong><\/p>\n<p>Obw\u00f3d biustu: 96<\/p>\n<p>Obw\u00f3d Talii: 78<\/p>\n<p>Obw\u00f3d Bioder: 102<\/p>\n<p><strong>Ka\u017cdy produkt szyjemy specjalnie dla Ciebie, dlatego czas realizacji wynosi 7-10 dni roboczych. Wiemy, \u017ce to niema\u0142o, ale na dobre rzeczy warto poczeka\u0107 \ud83d\ude09 Jednak, je\u015bli potrzebujesz czego\u015b na ju\u017c, napisz na <a href=\"mailto:kontakt@littlevintage.pl\">kontakt@littlevintage.pl<\/a> , zrobimy co si\u0119 da \u017ceby pom\u00f3c!<\/strong><\/p>","protected":false},"excerpt":{"rendered":"<p>Sukienka Kimonowa dla mamy z najnowszej, autorskiej kolekcji <strong>Vintage Poppies<\/strong>.<\/p>\n<ul>\n<li>uszyta i zaprojektowana w Polsce<\/li>\n<li>czas realizacji wynosi<strong> 7-10 dni<\/strong> roboczych.<br \/>\nWiemy, \u017ce to niema\u0142o, ale na dobre rzeczy warto poczeka\u0107 : )<\/li>\n<li>masz <strong>30 dni na zwrot\u00a0<\/strong><\/li>\n<li>dostawa do Polski za 14 z\u0142 kurierem DPD<\/li>\n<li>darmowa wysy\u0142ka powy\u017cej <strong>350 z\u0142<\/strong><\/li>\n<li>wysy\u0142amy za granic\u0119!<\/li>\n<li>zap\u0142a\u0107 bezpiecznie przez <strong>Przelewy24<\/strong> lub <strong>PayPal<\/strong><\/li>\n<\/ul>","protected":false},"featured_media":4720,"comment_status":"open","ping_status":"closed","template":"","meta":{"_exactmetrics_skip_tracking":false,"_exactmetrics_sitenote_active":false,"_exactmetrics_sitenote_note":"","_exactmetrics_sitenote_category":0},"product_cat":[132,123,206],"product_tag":[33,161,193],"_links":{"self":[{"href":"https:\/\/littlevintage.pl\/en\/wp-json\/wp\/v2\/product\/4690"}],"collection":[{"href":"https:\/\/littlevintage.pl\/en\/wp-json\/wp\/v2\/product"}],"about":[{"href":"https:\/\/littlevintage.pl\/en\/wp-json\/wp\/v2\/types\/product"}],"replies":[{"embeddable":true,"href":"https:\/\/littlevintage.pl\/en\/wp-json\/wp\/v2\/comments?post=4690"}],"version-history":[{"count":6,"href":"https:\/\/littlevintage.pl\/en\/wp-json\/wp\/v2\/product\/4690\/revisions"}],"predecessor-version":[{"id":5982,"href":"https:\/\/littlevintage.pl\/en\/wp-json\/wp\/v2\/product\/4690\/revisions\/5982"}],"wp:featuredmedia":[{"embeddable":true,"href":"https:\/\/littlevintage.pl\/en\/wp-json\/wp\/v2\/media\/4720"}],"wp:attachment":[{"href":"https:\/\/littlevintage.pl\/en\/wp-json\/wp\/v2\/media?parent=4690"}],"wp:term":[{"taxonomy":"product_cat","embeddable":true,"href":"https:\/\/littlevintage.pl\/en\/wp-json\/wp\/v2\/product_cat?post=4690"},{"taxonomy":"product_tag","embeddable":true,"href":"https:\/\/littlevintage.pl\/en\/wp-json\/wp\/v2\/product_tag?post=4690"}],"curies":[{"name":"wp","href":"https:\/\/api.w.org\/{rel}","templated":true}]}}