{"id":4655,"date":"2020-09-04T21:00:51","date_gmt":"2020-09-04T21:00:51","guid":{"rendered":"https:\/\/littlevintage.pl\/?post_type=product&#038;p=4655"},"modified":"2024-03-17T07:40:31","modified_gmt":"2024-03-17T07:40:31","slug":"sukienka-vintage-poppies-klasyczna","status":"publish","type":"product","link":"https:\/\/littlevintage.pl\/en\/product\/sukienka-vintage-poppies-klasyczna\/","title":{"rendered":"Sukienka Vintage Poppies Klasyczna"},"content":{"rendered":"<p>Je\u015bli, Twoim zdaniem, sukienka dla dziewczynki musi by\u0107: wielozadaniowa, ale jednocze\u015bnie wygodna, naturalna, dobrej jako\u015bci w ponadczasowym stylu, jeste\u015b w dobrym miejscu : ) Sukienka Vintage Poppies zosta\u0142a uszyta z najlepszej jako\u015bci, zmi\u0119kczanego lnu z naszym nowym, autorskim wzorem. Klasyczny ko\u0142nierzyk &#8222;bebe&#8221; nadaje jej ponadczasowego charakteru a stonowane kolory pozwalaj\u0105 \u0142\u0105czy\u0107 w wiele zestaw\u00f3w w zale\u017cno\u015bci od potrzeb czy okazji. Sukienka jest zapinana z ty\u0142u na guziczki z naturalnego kokosa.<\/p>\n<p>Zmi\u0119kczany len, z kt\u00f3rego powsta\u0142a <strong>Sukienka Vintage Poppies<\/strong> ma certyfikat<strong> OEKO TEX STANDARD 100<\/strong>. To certyfikat \u015bwiadcz\u0105cy o jako\u015bci produkt\u00f3w tekstylnych i w\u0142\u00f3kienniczych, kt\u00f3re maj\u0105 bezpo\u015bredni\u0105 styczno\u015b\u0107 ze sk\u00f3r\u0105 cz\u0142owieka. Dzi\u0119ki badaniom przeprowadzonych w laboratoriach na ca\u0142ym \u015bwiecie certyfikowane produkty s\u0105 wolne od \u015brodk\u00f3w wp\u0142ywaj\u0105cych niekorzystnie na zdrowie ludzi (m.in. formaldehyd\u00f3w, pestycyd\u00f3w czy substancji, kt\u00f3re mog\u0105 by\u0107 przyczyn\u0105 wywo\u0142ywania alergii). Sukienka jest cudownie mi\u0119kka i bardzo przyjemna w noszeniu. A przede wszystkim bezpieczna dla delikatnej sk\u00f3ry Twojego Dziecka: otuli j\u0105, pozwalaj\u0105c swobodnie oddycha\u0107 i nie podra\u017cni. Len ma w\u0142a\u015bciwo\u015bci higroskopijne, przeciwalergiczne i przeciwgrzybicze. To idealny wyb\u00f3r dla Twojego Dziecka!<\/p>\n<p>Kwiatowy wz\u00f3r <strong>Vintage Poppies<\/strong> to nasz nowy, autorski pattern, do kt\u00f3rego stworzenia zaprosili\u015bmy polsk\u0105 artystk\u0119 i mam\u0119: <strong>Mart\u0119 Chmieleck\u0105<\/strong>. Ka\u017cdy element wzoru by\u0142 pierwotnie namalowany r\u0119cznie, akwarelami, a my wydrukowali\u015bmy go na zmi\u0119kczanym, certyfikowanym lnie, wyprodukowanym w Polsce. Takie wsp\u00f3\u0142prace zawsze owocuj\u0105 czym\u015b pi\u0119knym, polskim i w jako\u015bci premium!<\/p>\n<p>&nbsp;<\/p>\n<p>&nbsp;<\/p>\n<p>&nbsp;<\/p>\n<p>&nbsp;<\/p>","protected":false},"excerpt":{"rendered":"<p>Je\u015bli, Twoim zdaniem, sukienka dla dziewczynki musi by\u0107: wielozadaniowa, ale jednocze\u015bnie wygodna, naturalna, dobrej jako\u015bci w ponadczasowym stylu, jeste\u015b w dobrym miejscu : ) Sukienka Vintage Poppies zosta\u0142a uszyta z najlepszej jako\u015bci, zmi\u0119kczanego lnu z naszym nowym, autorskim wzorem. Klasyczny ko\u0142nierzyk &#8222;bebe&#8221; nadaje jej ponadczasowego charakteru a stonowane kolory pozwalaj\u0105 \u0142\u0105czy\u0107 w wiele zestaw\u00f3w w zale\u017cno\u015bci od potrzeb czy okazji. Sukienka jest zapinana z ty\u0142u na guziczki z naturalnego kokosa.<\/p>\n<p>Zmi\u0119kczany len, z kt\u00f3rego powsta\u0142a <strong>Sukienka Vintage Poppies<\/strong> ma certyfikat<strong> OEKO TEX STANDARD 100<\/strong>. To certyfikat \u015bwiadcz\u0105cy o jako\u015bci produkt\u00f3w tekstylnych i w\u0142\u00f3kienniczych, kt\u00f3re maj\u0105 bezpo\u015bredni\u0105 styczno\u015b\u0107 ze sk\u00f3r\u0105 cz\u0142owieka.<\/p>\n<p>Kwiatowy wz\u00f3r <strong>Vintage Poppies<\/strong> to nasz nowy, autorski pattern, do kt\u00f3rego stworzenia zaprosili\u015bmy polsk\u0105 artystk\u0119 i mam\u0119: <strong>Mart\u0119 Chmieleck\u0105<\/strong>. Ka\u017cdy element wzoru by\u0142 pierwotnie namalowany r\u0119cznie, akwarelami, a my wydrukowali\u015bmy go na zmi\u0119kczanym, certyfikowanym lnie, wyprodukowanym w Polsce. Takie wsp\u00f3\u0142prace zawsze owocuj\u0105 czym\u015b pi\u0119knym, polskim i w jako\u015bci premium!<\/p>\n<p>Sukienka z najnowszej, autorskiej kolekcji\u00a0<strong>Vintage Poppies<\/strong>.<\/p>\n<ul>\n<li>uszyta i zaprojektowana w Polsce<\/li>\n<li>czas realizacji wynosi<strong>\u00a07-10 dni<\/strong>\u00a0roboczych.<br \/>\nWiemy, \u017ce to niema\u0142o, ale na dobre rzeczy warto poczeka\u0107 : )<\/li>\n<li>masz\u00a0<strong>30 dni na zwrot\u00a0<\/strong><\/li>\n<li>dostawa do Polski za 14 z\u0142 kurierem DPD<\/li>\n<li>darmowa wysy\u0142ka powy\u017cej\u00a0<strong>350 z\u0142<\/strong><\/li>\n<li>wysy\u0142amy za granic\u0119!<\/li>\n<li>zap\u0142a\u0107 bezpiecznie przez\u00a0<strong>Przelewy24<\/strong>\u00a0lub\u00a0<strong>PayPal<\/strong><\/li>\n<\/ul>\n<p>&nbsp;<\/p>","protected":false},"featured_media":4737,"comment_status":"open","ping_status":"closed","template":"","meta":{"_exactmetrics_skip_tracking":false,"_exactmetrics_sitenote_active":false,"_exactmetrics_sitenote_note":"","_exactmetrics_sitenote_category":0},"product_cat":[20,132,122,114,127],"product_tag":[32,42,183],"_links":{"self":[{"href":"https:\/\/littlevintage.pl\/en\/wp-json\/wp\/v2\/product\/4655"}],"collection":[{"href":"https:\/\/littlevintage.pl\/en\/wp-json\/wp\/v2\/product"}],"about":[{"href":"https:\/\/littlevintage.pl\/en\/wp-json\/wp\/v2\/types\/product"}],"replies":[{"embeddable":true,"href":"https:\/\/littlevintage.pl\/en\/wp-json\/wp\/v2\/comments?post=4655"}],"version-history":[{"count":4,"href":"https:\/\/littlevintage.pl\/en\/wp-json\/wp\/v2\/product\/4655\/revisions"}],"predecessor-version":[{"id":6044,"href":"https:\/\/littlevintage.pl\/en\/wp-json\/wp\/v2\/product\/4655\/revisions\/6044"}],"wp:featuredmedia":[{"embeddable":true,"href":"https:\/\/littlevintage.pl\/en\/wp-json\/wp\/v2\/media\/4737"}],"wp:attachment":[{"href":"https:\/\/littlevintage.pl\/en\/wp-json\/wp\/v2\/media?parent=4655"}],"wp:term":[{"taxonomy":"product_cat","embeddable":true,"href":"https:\/\/littlevintage.pl\/en\/wp-json\/wp\/v2\/product_cat?post=4655"},{"taxonomy":"product_tag","embeddable":true,"href":"https:\/\/littlevintage.pl\/en\/wp-json\/wp\/v2\/product_tag?post=4655"}],"curies":[{"name":"wp","href":"https:\/\/api.w.org\/{rel}","templated":true}]}}