{"id":4594,"date":"2020-09-03T13:31:39","date_gmt":"2020-09-03T13:31:39","guid":{"rendered":"https:\/\/littlevintage.pl\/?post_type=product&#038;p=4594"},"modified":"2023-09-26T19:46:19","modified_gmt":"2023-09-26T19:46:19","slug":"rampers-vintage-poppies","status":"publish","type":"product","link":"https:\/\/littlevintage.pl\/en\/product\/rampers-vintage-poppies\/","title":{"rendered":"Rampers Vintage Poppies"},"content":{"rendered":"<p>Co to takiego ten rampers? To takie wdzianko w stylu kombinezonu, tylko bez nogawek : ) Najlepsza alternatywa dla sukienki. Szczeg\u00f3lnie dla tych dzieci, kt\u00f3re jeszcze raczkuj\u0105. Bo takim w\u0142a\u015bnie, najm\u0142odszym bobasom, r\u0105bek sukienki mocno przeszkadza w odkrywaniu \u015bwiata. \u017beby nie kr\u0119powa\u0107 ruch\u00f3w wybierz rampers w\u0142a\u015bnie. Uroczy jak sukienka. Mo\u017cna dobra\u0107 rajstopy i pos\u0142u\u017cy r\u00f3wnie\u017c w ch\u0142odniejsze dni. Spr\u00f3buj raz, a ju\u017c na zawsze zago\u015bci w Waszej szafie. Rampers jest rozpinany z ty\u0142u i w kroku, dla wygody przebierania i przewijania Maluszka.<\/p>\n<p>Zmi\u0119kczany len, z kt\u00f3rego powsta\u0142 <strong>Rampers Vintage Poppies<\/strong> ma certyfikat<strong> OEKO TEX STANDARD 100<\/strong>. To certyfikat \u015bwiadcz\u0105cy o jako\u015bci produkt\u00f3w tekstylnych i w\u0142\u00f3kienniczych, kt\u00f3re maj\u0105 bezpo\u015bredni\u0105 styczno\u015b\u0107 ze sk\u00f3r\u0105 cz\u0142owieka. Dzi\u0119ki badaniom przeprowadzonych w laboratoriach na ca\u0142ym \u015bwiecie certyfikowane produkty s\u0105 wolne od \u015brodk\u00f3w wp\u0142ywaj\u0105cych niekorzystnie na zdrowie ludzi (m.in. formaldehyd\u00f3w, pestycyd\u00f3w czy substancji, kt\u00f3re mog\u0105 by\u0107 przyczyn\u0105 wywo\u0142ywania alergii). Rampers jest cudownie mi\u0119kki i bardzo przyjemny w noszeniu. A przede wszystkim bezpieczny dla delikatnej sk\u00f3ry Twojego Dziecka: otuli j\u0105, pozwalaj\u0105c swobodnie oddycha\u0107 i nie podra\u017cni. Len ma w\u0142a\u015bciwo\u015bci higroskopijne, przeciwalergiczne i przeciwgrzybicze. To idealny wyb\u00f3r dla Twojego Dziecka!<\/p>\n<p>Kwiatowy wz\u00f3r <strong>Vintage Poppies<\/strong> to nasz nowy, autorski pattern, do kt\u00f3rego stworzenia zaprosili\u015bmy polsk\u0105 artystk\u0119 i mam\u0119: <strong>Mart\u0119 Chmieleck\u0105<\/strong>. Ka\u017cdy element wzoru by\u0142 pierwotnie namalowany r\u0119cznie, akwarelami, a my wydrukowali\u015bmy go na zmi\u0119kczanym, certyfikowanym lnie, wyprodukowanym w Polsce. Takie wsp\u00f3\u0142prace zawsze owocuj\u0105 czym\u015b pi\u0119knym, polskim i w jako\u015bci premium!<\/p>\n<p><strong>Ka\u017cdy produkt szyjemy specjalnie dla Ciebie, dlatego czas realizacji wynosi 7-10 dni roboczych. Wiemy, \u017ce to niema\u0142o, ale na dobre rzeczy warto poczeka\u0107 \ud83d\ude09 Jednak, je\u015bli potrzebujesz czego\u015b na ju\u017c, napisz na <a href=\"mailto:kontakt@littlevintage.pl\">kontakt@littlevintage.pl<\/a> , zrobimy co si\u0119 da \u017ceby pom\u00f3c!<\/strong><\/p>\n<p>&nbsp;<\/p>\n<p>&nbsp;<\/p>","protected":false},"excerpt":{"rendered":"<p>Rampers z najnowszej kolekcji Vintage Poppies.<\/p>\n<ul>\n<li>uszyty i zaprojektowany w Polsce<\/li>\n<li>czas realizacji wynosi <strong>7-10 dni<\/strong> roboczych.<br \/>\nWiemy, \u017ce to niema\u0142o, ale na dobre rzeczy warto poczeka\u0107 : )<\/li>\n<li>masz\u00a0<strong>30 dni na zwrot\u00a0<\/strong><\/li>\n<li>dostawa do Polski za 14 z\u0142 kurierem DPD<\/li>\n<li>darmowa wysy\u0142ka powy\u017cej\u00a0<strong>350 z\u0142<\/strong><\/li>\n<li>wysy\u0142amy za granic\u0119!<\/li>\n<li>zap\u0142a\u0107 bezpiecznie przez\u00a0<strong>Przelewy24<\/strong>\u00a0lub\u00a0<strong>PayPal<\/strong><\/li>\n<\/ul>","protected":false},"featured_media":4602,"comment_status":"open","ping_status":"closed","template":"","meta":{"_exactmetrics_skip_tracking":false,"_exactmetrics_sitenote_active":false,"_exactmetrics_sitenote_note":"","_exactmetrics_sitenote_category":0},"product_cat":[20,132,122,117,125],"product_tag":[32,181,66,106],"_links":{"self":[{"href":"https:\/\/littlevintage.pl\/en\/wp-json\/wp\/v2\/product\/4594"}],"collection":[{"href":"https:\/\/littlevintage.pl\/en\/wp-json\/wp\/v2\/product"}],"about":[{"href":"https:\/\/littlevintage.pl\/en\/wp-json\/wp\/v2\/types\/product"}],"replies":[{"embeddable":true,"href":"https:\/\/littlevintage.pl\/en\/wp-json\/wp\/v2\/comments?post=4594"}],"version-history":[{"count":5,"href":"https:\/\/littlevintage.pl\/en\/wp-json\/wp\/v2\/product\/4594\/revisions"}],"predecessor-version":[{"id":5997,"href":"https:\/\/littlevintage.pl\/en\/wp-json\/wp\/v2\/product\/4594\/revisions\/5997"}],"wp:featuredmedia":[{"embeddable":true,"href":"https:\/\/littlevintage.pl\/en\/wp-json\/wp\/v2\/media\/4602"}],"wp:attachment":[{"href":"https:\/\/littlevintage.pl\/en\/wp-json\/wp\/v2\/media?parent=4594"}],"wp:term":[{"taxonomy":"product_cat","embeddable":true,"href":"https:\/\/littlevintage.pl\/en\/wp-json\/wp\/v2\/product_cat?post=4594"},{"taxonomy":"product_tag","embeddable":true,"href":"https:\/\/littlevintage.pl\/en\/wp-json\/wp\/v2\/product_tag?post=4594"}],"curies":[{"name":"wp","href":"https:\/\/api.w.org\/{rel}","templated":true}]}}