{"id":4560,"date":"2020-09-03T08:58:04","date_gmt":"2020-09-03T08:58:04","guid":{"rendered":"https:\/\/littlevintage.pl\/?post_type=product&#038;p=4560"},"modified":"2024-03-17T14:52:34","modified_gmt":"2024-03-17T14:52:34","slug":"otulacz-organic-birch","status":"publish","type":"product","link":"https:\/\/littlevintage.pl\/en\/product\/otulacz-organic-birch\/","title":{"rendered":"Otulacz Organic Birch"},"content":{"rendered":"<p><strong>Otulacz<\/strong> <strong>Organic Birch <\/strong>wykonany z mu\u015blinu organicznego. B\u0119dzie \u015bwietny w roli <strong>lekkiego kocyka<\/strong>, <strong>otulacza<\/strong>, <strong>pieluszki<\/strong> do wycierania buzi lub odbijania, <strong>r\u0119cznika<\/strong>, <strong>os\u0142onki<\/strong> do w\u00f3zka, czy jako element <strong>wyprawki<\/strong> dla noworodka.\u00a0 Mo\u017cesz zabra\u0107 go ze sob\u0105 do szpitala, bo zajmuje ma\u0142o miejsca i b\u0119dzie idealny do otulenia malutkiego cia\u0142ka. Otulacz jest ca\u0142oroczny, wykorzystasz go r\u00f3wnie\u017c jesieni\u0105 i zim\u0105. Naturalna organiczna tkanina ma \u015bwietne w\u0142a\u015bciwo\u015bci termoregulacyjne, pomo\u017ce maluszkowi odprowadzi\u0107 ciep\u0142o i wilgo\u0107 i zapobiegnie przegrzaniu. Dost\u0119pny w trzech rozmiarach: 80&#215;80 , 100&#215;100 i 120&#215;120.<\/p>\n<p>Organiczny mu\u015blin z kt\u00f3rego powsta\u0142 <strong>Otulacz Organic Birch<\/strong> ma certyfikat<strong>\u00a0GOTS<\/strong>. Jest cudownie mi\u0119kki i bardzo przyjemny w u\u017cytkowaniu. A przede wszystkim bezpieczny dla delikatnej sk\u00f3ry Twojego Dziecka: otuli j\u0105, pozwalaj\u0105c swobodnie oddycha\u0107 i nie podra\u017cni. Mo\u017cesz u\u017cywa\u0107 go ju\u017c od pierwszych dni \u017cycia Twojego Bobasa.<\/p>\n<p><strong>Certyfikat GOTS:\u00a0<\/strong>jeden z najbardziej restrykcyjnych certyfikat\u00f3w gwarantuj\u0105cych bezpiecze\u0144stwo i poszanowanie \u015brodowiska naturalnego oraz praw pracownik\u00f3w zatrudnionych podczas produkcji. Produkty, w tym ubranka dla dzieci, s\u0105 bezpieczne, niealergizuj\u0105ce, biodegradowalne i pozbawione szkodliwych substancji.<\/p>\n<p><strong>Kolekcja Organic Vintage<\/strong>\u00a0to nasza nowa kolekcja premium, w kt\u00f3rej znajdziesz\u00a0<strong>naturalne ubranka<\/strong>\u00a0dla dzieci oraz dodatki i akcesoria dla dzieci i niemowl\u0105t z najlepszych, certyfikowanych tkanin. Wszystkie produkty posiadaj\u0105\u00a0<strong>certyfikat GOTS<\/strong>. Linia naturalnych ubranek dzieci\u0119cych to nasza odpowied\u017a na potrzeby naszych klient\u00f3w i marzenie, aby stworzy\u0107 lini\u0119 naturalnych ubranek spe\u0142niaj\u0105c\u0105 najwy\u017csze standardy \u015brodowiskowe oraz jako\u015bciowe.<\/p>\n<p>&nbsp;<\/p>","protected":false},"excerpt":{"rendered":"<p><strong>Otulacz<\/strong> <strong>Organic Birch<\/strong> wykonany z mu\u015blinu organicznego.<\/p>\n<ul>\n<li>uszyty i zaprojektowany w Polsce<\/li>\n<li>czas realizacji 7-10 dni roboczych<\/li>\n<li>masz\u00a0<strong>30 dni na zwrot\u00a0<\/strong><\/li>\n<li>dostawa do Polski za 14 z\u0142 kurierem DPD<\/li>\n<li>darmowa wysy\u0142ka powy\u017cej\u00a0<strong>350 z\u0142<\/strong><\/li>\n<li>wysy\u0142amy za granic\u0119!<\/li>\n<li>zap\u0142a\u0107 bezpiecznie przez\u00a0<strong>Przelewy24<\/strong>\u00a0lub\u00a0<strong>PayPal<\/strong><\/li>\n<\/ul>","protected":false},"featured_media":4564,"comment_status":"open","ping_status":"closed","template":"","meta":{"_exactmetrics_skip_tracking":false,"_exactmetrics_sitenote_active":false,"_exactmetrics_sitenote_note":"","_exactmetrics_sitenote_category":0},"product_cat":[121,128,113,122,120,129],"product_tag":[97,98,32],"_links":{"self":[{"href":"https:\/\/littlevintage.pl\/en\/wp-json\/wp\/v2\/product\/4560"}],"collection":[{"href":"https:\/\/littlevintage.pl\/en\/wp-json\/wp\/v2\/product"}],"about":[{"href":"https:\/\/littlevintage.pl\/en\/wp-json\/wp\/v2\/types\/product"}],"replies":[{"embeddable":true,"href":"https:\/\/littlevintage.pl\/en\/wp-json\/wp\/v2\/comments?post=4560"}],"version-history":[{"count":2,"href":"https:\/\/littlevintage.pl\/en\/wp-json\/wp\/v2\/product\/4560\/revisions"}],"predecessor-version":[{"id":5311,"href":"https:\/\/littlevintage.pl\/en\/wp-json\/wp\/v2\/product\/4560\/revisions\/5311"}],"wp:featuredmedia":[{"embeddable":true,"href":"https:\/\/littlevintage.pl\/en\/wp-json\/wp\/v2\/media\/4564"}],"wp:attachment":[{"href":"https:\/\/littlevintage.pl\/en\/wp-json\/wp\/v2\/media?parent=4560"}],"wp:term":[{"taxonomy":"product_cat","embeddable":true,"href":"https:\/\/littlevintage.pl\/en\/wp-json\/wp\/v2\/product_cat?post=4560"},{"taxonomy":"product_tag","embeddable":true,"href":"https:\/\/littlevintage.pl\/en\/wp-json\/wp\/v2\/product_tag?post=4560"}],"curies":[{"name":"wp","href":"https:\/\/api.w.org\/{rel}","templated":true}]}}