{"id":4418,"date":"2020-07-29T17:49:16","date_gmt":"2020-07-29T17:49:16","guid":{"rendered":"https:\/\/littlevintage.pl\/?post_type=product&#038;p=4418"},"modified":"2022-04-26T13:04:33","modified_gmt":"2022-04-26T13:04:33","slug":"rampers-organic-blush","status":"publish","type":"product","link":"https:\/\/littlevintage.pl\/en\/product\/rampers-organic-blush\/","title":{"rendered":"Rampers Organic Blush"},"content":{"rendered":"<p>Co to takiego ten rampers? To takie wdzianko w stylu kombinezonu, tylko bez nogawek : ) Najlepsza alternatywa dla sukienki. Szczeg\u00f3lnie dla tych dzieci, kt\u00f3re jeszcze raczkuj\u0105. Bo takim w\u0142a\u015bnie, najm\u0142odszym bobasom, r\u0105bek sukienki mocno przeszkadza w odkrywaniu \u015bwiata. \u017beby nie kr\u0119powa\u0107 ruch\u00f3w wybierz rampers w\u0142a\u015bnie. Uroczy jak sukienka. Mo\u017cna dobra\u0107 rajstopy i pos\u0142u\u017cy r\u00f3wnie\u017c w ch\u0142odniejsze dni. Spr\u00f3buj raz, a ju\u017c na zawsze zago\u015bci w Waszej szafie.<\/p>\n<p>Organiczny mu\u015blin z kt\u00f3rego powsta\u0142 rampers Organic Blush ma certyfikat<strong>\u00a0GOTS<\/strong>. Jest cudownie mi\u0119kki i bardzo przyjemny w noszeniu. A przede wszystkim bezpieczny dla delikatnej sk\u00f3ry Twojego Dziecka: otuli j\u0105, pozwalaj\u0105c swobodnie oddycha\u0107 i nie podra\u017cni.<\/p>\n<p><strong>Certyfikat GOTS:\u00a0<\/strong>jeden z najbardziej restrykcyjnych certyfikat\u00f3w gwarantuj\u0105cych bezpiecze\u0144stwo i poszanowanie \u015brodowiska naturalnego oraz praw pracownik\u00f3w zatrudnionych podczas produkcji. Produkty, w tym ubranka dla dzieci, s\u0105 bezpieczne, niealergizuj\u0105ce, biodegradowalne i pozbawione szkodliwych substancji.<\/p>\n<p><strong>Kolekcja Organic Vintage<\/strong>\u00a0to nasza nowa kolekcja premium, w kt\u00f3rej znajdziesz\u00a0<strong>naturalne ubranka<\/strong>\u00a0dla dzieci oraz dodatki i akcesoria dla dzieci i niemowl\u0105t z najlepszych, certyfikowanych tkanin. Wszystkie produkty posiadaj\u0105\u00a0<strong>certyfikat GOTS<\/strong>. Linia naturalnych ubranek dzieci\u0119cych to nasza odpowied\u017a na potrzeby naszych klient\u00f3w i marzenie, aby stworzy\u0107 lini\u0119 naturalnych ubranek spe\u0142niaj\u0105c\u0105 najwy\u017csze standardy \u015brodowiskowe oraz jako\u015bciowe.<\/p>\n<p><strong>Ka\u017cdy produkt szyjemy specjalnie dla Ciebie, dlatego czas realizacji wynosi 14 dni roboczych. Wiemy, \u017ce to niema\u0142o, ale na dobre rzeczy warto poczeka\u0107 \ud83d\ude09 Jednak, je\u015bli potrzebujesz czego\u015b na ju\u017c, napisz na <a href=\"mailto:kontakt@littlevintage.pl\">kontakt@littlevintage.pl<\/a> , zrobimy co si\u0119 da \u017ceby pom\u00f3c!<\/strong><\/p>\n<p>&nbsp;<\/p>","protected":false},"excerpt":{"rendered":"<p>Rampers Organic Blush uszyty z bawe\u0142ny organicznej.<\/p>\n<ul>\n<li>uszyty i zaprojektowany w Polsce<\/li>\n<li>czas realizacji wynosi <strong>14 dni<\/strong> roboczych.<br \/>\nWiemy, \u017ce to niema\u0142o, ale na dobre rzeczy warto poczeka\u0107 : )<\/li>\n<li>masz\u00a0<strong>30 dni na zwrot\u00a0<\/strong><\/li>\n<li>dostawa do Polski za 17 z\u0142 kurierem DPD<\/li>\n<li>darmowa wysy\u0142ka powy\u017cej\u00a0<strong>350 z\u0142<\/strong><\/li>\n<li>wysy\u0142amy za granic\u0119!<\/li>\n<\/ul>\n<p>&nbsp;<\/p>","protected":false},"featured_media":4426,"comment_status":"open","ping_status":"closed","template":"","meta":{"_exactmetrics_skip_tracking":false,"_exactmetrics_sitenote_active":false,"_exactmetrics_sitenote_note":"","_exactmetrics_sitenote_category":0},"product_cat":[15,20,113,122,117,125],"product_tag":[97,98,189,195,66],"_links":{"self":[{"href":"https:\/\/littlevintage.pl\/en\/wp-json\/wp\/v2\/product\/4418"}],"collection":[{"href":"https:\/\/littlevintage.pl\/en\/wp-json\/wp\/v2\/product"}],"about":[{"href":"https:\/\/littlevintage.pl\/en\/wp-json\/wp\/v2\/types\/product"}],"replies":[{"embeddable":true,"href":"https:\/\/littlevintage.pl\/en\/wp-json\/wp\/v2\/comments?post=4418"}],"version-history":[{"count":5,"href":"https:\/\/littlevintage.pl\/en\/wp-json\/wp\/v2\/product\/4418\/revisions"}],"predecessor-version":[{"id":7803,"href":"https:\/\/littlevintage.pl\/en\/wp-json\/wp\/v2\/product\/4418\/revisions\/7803"}],"wp:featuredmedia":[{"embeddable":true,"href":"https:\/\/littlevintage.pl\/en\/wp-json\/wp\/v2\/media\/4426"}],"wp:attachment":[{"href":"https:\/\/littlevintage.pl\/en\/wp-json\/wp\/v2\/media?parent=4418"}],"wp:term":[{"taxonomy":"product_cat","embeddable":true,"href":"https:\/\/littlevintage.pl\/en\/wp-json\/wp\/v2\/product_cat?post=4418"},{"taxonomy":"product_tag","embeddable":true,"href":"https:\/\/littlevintage.pl\/en\/wp-json\/wp\/v2\/product_tag?post=4418"}],"curies":[{"name":"wp","href":"https:\/\/api.w.org\/{rel}","templated":true}]}}