{"id":4371,"date":"2020-07-29T13:17:23","date_gmt":"2020-07-29T13:17:23","guid":{"rendered":"https:\/\/littlevintage.pl\/?post_type=product&#038;p=4371"},"modified":"2023-09-26T19:48:58","modified_gmt":"2023-09-26T19:48:58","slug":"bloomersy-birch","status":"publish","type":"product","link":"https:\/\/littlevintage.pl\/en\/product\/bloomersy-birch\/","title":{"rendered":"Bloomersy Birch"},"content":{"rendered":"<p>Bloomersy Birch z delikatnego <strong>organicznego mu\u015blinu<\/strong> z ro\u015blinnym nadrukiem z najnowszej kolekcji <strong>Organic Vintage<\/strong>. Bloomersy to ju\u017c must have w szafie ka\u017cdego dziecka! S\u0105 wygodne, nie kr\u0119puj\u0105 ruch\u00f3w, a nasze dodatkowo maj\u0105 urocz\u0105 falbank\u0119 : )<\/p>\n<p>Organiczny mu\u015blin z kt\u00f3rego powsta\u0142y ma certyfikat<strong> GOTS<\/strong>. Jest cudownie mi\u0119kki i bardzo przyjemny w noszeniu. A przede wszystkim bezpieczny dla delikatnej sk\u00f3ry Twojego Dziecka: otuli j\u0105, pozwalaj\u0105c swobodnie oddycha\u0107 i nie podra\u017cni.<\/p>\n<p><strong>Certyfikat GOTS:\u00a0<\/strong>jeden z najbardziej restrykcyjnych certyfikat\u00f3w gwarantuj\u0105cych bezpiecze\u0144stwo i poszanowanie \u015brodowiska naturalnego oraz praw pracownik\u00f3w zatrudnionych podczas produkcji. Produkty, w tym ubranka dla dzieci, s\u0105 bezpieczne, niealergizuj\u0105ce, biodegradowalne i pozbawione szkodliwych substancji.<\/p>\n<p><strong>Kolekcja Organic Vintage<\/strong>\u00a0to nasza nowa kolekcja premium, w kt\u00f3rej znajdziesz\u00a0<strong>naturalne ubranka<\/strong>\u00a0dla dzieci oraz dodatki i akcesoria dla dzieci i niemowl\u0105t z najlepszych, certyfikowanych tkanin. Wszystkie produkty posiadaj\u0105\u00a0<strong>certyfikat GOTS<\/strong>. Linia naturalnych ubranek dzieci\u0119cych to nasza odpowied\u017a na potrzeby naszych klient\u00f3w i marzenie, aby stworzy\u0107 lini\u0119 naturalnych ubranek spe\u0142niaj\u0105c\u0105 najwy\u017csze standardy \u015brodowiskowe oraz jako\u015bciowe.<\/p>\n<p>&nbsp;<\/p>","protected":false},"excerpt":{"rendered":"<p>Bloomersy Birch z delikatnego <strong>organicznego mu\u015blinu<\/strong> z ro\u015blinnym nadrukiem z najnowszej kolekcji <strong>Organic Vintage<\/strong>.<\/p>\n<ul>\n<li>uszyte i zaprojektowane w Polsce<\/li>\n<li>czas realizacji 7-10 dni roboczych<\/li>\n<li>masz\u00a0<strong>30 dni na zwrot\u00a0<\/strong><\/li>\n<li>dostawa do Polski za 14 z\u0142 kurierem DPD<\/li>\n<li>darmowa wysy\u0142ka powy\u017cej\u00a0<strong>350 z\u0142<\/strong><\/li>\n<li>wysy\u0142amy za granic\u0119!<\/li>\n<li>zap\u0142a\u0107 bezpiecznie przez\u00a0<strong>Przelewy24<\/strong>\u00a0lub\u00a0<strong>PayPal<\/strong><\/li>\n<\/ul>\n<p>&nbsp;<\/p>","protected":false},"featured_media":4352,"comment_status":"open","ping_status":"closed","template":"","meta":{"_exactmetrics_skip_tracking":false,"_exactmetrics_sitenote_active":false,"_exactmetrics_sitenote_note":"","_exactmetrics_sitenote_category":0},"product_cat":[119,130,20,113,122,120],"product_tag":[97,107,108,109,104,105,106,111,110],"_links":{"self":[{"href":"https:\/\/littlevintage.pl\/en\/wp-json\/wp\/v2\/product\/4371"}],"collection":[{"href":"https:\/\/littlevintage.pl\/en\/wp-json\/wp\/v2\/product"}],"about":[{"href":"https:\/\/littlevintage.pl\/en\/wp-json\/wp\/v2\/types\/product"}],"replies":[{"embeddable":true,"href":"https:\/\/littlevintage.pl\/en\/wp-json\/wp\/v2\/comments?post=4371"}],"version-history":[{"count":3,"href":"https:\/\/littlevintage.pl\/en\/wp-json\/wp\/v2\/product\/4371\/revisions"}],"predecessor-version":[{"id":6058,"href":"https:\/\/littlevintage.pl\/en\/wp-json\/wp\/v2\/product\/4371\/revisions\/6058"}],"wp:featuredmedia":[{"embeddable":true,"href":"https:\/\/littlevintage.pl\/en\/wp-json\/wp\/v2\/media\/4352"}],"wp:attachment":[{"href":"https:\/\/littlevintage.pl\/en\/wp-json\/wp\/v2\/media?parent=4371"}],"wp:term":[{"taxonomy":"product_cat","embeddable":true,"href":"https:\/\/littlevintage.pl\/en\/wp-json\/wp\/v2\/product_cat?post=4371"},{"taxonomy":"product_tag","embeddable":true,"href":"https:\/\/littlevintage.pl\/en\/wp-json\/wp\/v2\/product_tag?post=4371"}],"curies":[{"name":"wp","href":"https:\/\/api.w.org\/{rel}","templated":true}]}}