{"id":4320,"date":"2020-07-29T12:01:38","date_gmt":"2020-07-29T12:01:38","guid":{"rendered":"https:\/\/littlevintage.pl\/?post_type=product&#038;p=4320"},"modified":"2023-09-26T19:49:56","modified_gmt":"2023-09-26T19:49:56","slug":"sukienka-ida","status":"publish","type":"product","link":"https:\/\/littlevintage.pl\/en\/product\/sukienka-ida\/","title":{"rendered":"Sukienka Ida"},"content":{"rendered":"<p>Sukienka dla dziewczynki z bawe\u0142ny organicznej w delikatn\u0105 kwiatow\u0105 \u0142\u0105czk\u0119 z kolekcji <strong>Organic Vintage<\/strong>. Ida zosta\u0142a uszyta z bawe\u0142ny organicznej z certyfikatem <strong>GOTS. <\/strong>Zapinana z ty\u0142u na guziczki z naturalnego kokosa.<\/p>\n<p>Jest przeurocza, bardzo dziewcz\u0119ca, z nutk\u0105 vintage. Przypomina te, kt\u00f3re pewnie sama nosi\u0142a\u015b, kiedy by\u0142a\u015b ma\u0142a, prawda? Sprawdzi si\u0119 w ka\u017cdej sytuacji: zar\u00f3wno jako sukienka na uroczysto\u015b\u0107, jak i na co dzie\u0144. Bawe\u0142na w jako\u015bci premium zapewni komfort i uchroni delikatn\u0105 sk\u00f3r\u0119 Twojej C\u00f3reczki przed podra\u017cnieniami. Ida b\u0119dzie doskona\u0142ym wyborem r\u00f3wnie\u017c jako prezent na baby shower, roczek, chrzest, czy po prostu jako element wyprawki dla przysz\u0142ej mamy.<\/p>\n<p>Je\u015bli Twoim zdaniem, sukienka dla dziewczynki musi by\u0107: wielozadaniowa, ale jednocze\u015bnie wygodna, naturalna, dobrej jako\u015bci w ponadczasowym stylu, jeste\u015b w dobrym miejscu : )<\/p>\n<p><strong>Kolekcja Organic Vintage<\/strong> to nasza nowa kolekcja premium, w kt\u00f3rej znajdziesz <strong>naturalne ubranka<\/strong> dla dzieci oraz dodatki i akcesoria dla dzieci i niemowl\u0105t z najlepszych, certyfikowanych tkanin. Wszystkie produkty posiadaj\u0105 <strong>certyfikat GOTS<\/strong>. Linia naturalnych ubranek dzieci\u0119cych to nasza odpowied\u017a na potrzeby naszych klient\u00f3w i marzenie, aby stworzy\u0107 lini\u0119 naturalnych ubranek spe\u0142niaj\u0105c\u0105 najwy\u017csze standardy \u015brodowiskowe oraz jako\u015bciowe.<\/p>\n<p><strong>Certyfikat GOTS: <\/strong>jeden z najbardziej restrykcyjnych certyfikat\u00f3w gwarantuj\u0105cych bezpiecze\u0144stwo i poszanowanie \u015brodowiska naturalnego oraz praw pracownik\u00f3w zatrudnionych podczas produkcji. Produkty, w tym ubranka dla dzieci, s\u0105 bezpieczne, niealergizuj\u0105ce, biodegradowalne i pozbawione szkodliwych substancji.<\/p>\n<p><strong>Ka\u017cdy produkt szyjemy specjalnie dla Ciebie, dlatego czas realizacji wynosi 7-10 dni roboczych. Wiemy, \u017ce to niema\u0142o, ale na dobre rzeczy warto poczeka\u0107 \ud83d\ude09 Jednak, je\u015bli potrzebujesz czego\u015b na ju\u017c, napisz na <a href=\"mailto:kontakt@littlevintage.pl\">kontakt@littlevintage.pl<\/a> , zrobimy co si\u0119 da \u017ceby pom\u00f3c!<\/strong><\/p>","protected":false},"excerpt":{"rendered":"<p>Sukienka dla dziewczynki z bawe\u0142ny organicznej w delikatn\u0105 kwiatow\u0105 \u0142\u0105czk\u0119 z kolekcji <strong>Organic Vintage<\/strong>. Ida zosta\u0142a uszyta z bawe\u0142ny organicznej z certyfikatem <strong>GOTS. <\/strong>Zapinana z ty\u0142u na guziczki z naturalnego kokosa.<\/p>\n<p>Sukienka Ida,<\/p>\n<ul>\n<li>uszyta i zaprojektowana w Polsce<\/li>\n<li>czas realizacji wynosi<strong>\u00a07-10 dni<\/strong>\u00a0roboczych.<br \/>\nWiemy, \u017ce to niema\u0142o, ale na dobre rzeczy warto poczeka\u0107 : )<\/li>\n<li>masz\u00a0<strong>30 dni na zwrot\u00a0<\/strong><\/li>\n<li>dostawa do Polski za 14 z\u0142 kurierem DPD<\/li>\n<li>darmowa wysy\u0142ka powy\u017cej\u00a0<strong>350 z\u0142<\/strong><\/li>\n<li>wysy\u0142amy za granic\u0119!<\/li>\n<li>zap\u0142a\u0107 bezpiecznie przez\u00a0<strong>Przelewy24<\/strong>\u00a0lub\u00a0<strong>PayPal<\/strong><\/li>\n<\/ul>\n<p><strong>Je\u015bli dopiero nas odkry\u0142a\u015b a sukienki potrzebujesz na ju\u017c, teraz, zaraz, pisz na<\/strong> <a href=\"mailto:kontakt@littlevintage.pl\"><b>kontakt@littlevintage.pl<\/b><\/a>\u00a0 : )<\/p>","protected":false},"featured_media":4329,"comment_status":"closed","ping_status":"closed","template":"","meta":{"_exactmetrics_skip_tracking":false,"_exactmetrics_sitenote_active":false,"_exactmetrics_sitenote_note":"","_exactmetrics_sitenote_category":0},"product_cat":[20,113,122,114,127],"product_tag":[96,95,188],"_links":{"self":[{"href":"https:\/\/littlevintage.pl\/en\/wp-json\/wp\/v2\/product\/4320"}],"collection":[{"href":"https:\/\/littlevintage.pl\/en\/wp-json\/wp\/v2\/product"}],"about":[{"href":"https:\/\/littlevintage.pl\/en\/wp-json\/wp\/v2\/types\/product"}],"replies":[{"embeddable":true,"href":"https:\/\/littlevintage.pl\/en\/wp-json\/wp\/v2\/comments?post=4320"}],"version-history":[{"count":4,"href":"https:\/\/littlevintage.pl\/en\/wp-json\/wp\/v2\/product\/4320\/revisions"}],"predecessor-version":[{"id":6005,"href":"https:\/\/littlevintage.pl\/en\/wp-json\/wp\/v2\/product\/4320\/revisions\/6005"}],"wp:featuredmedia":[{"embeddable":true,"href":"https:\/\/littlevintage.pl\/en\/wp-json\/wp\/v2\/media\/4329"}],"wp:attachment":[{"href":"https:\/\/littlevintage.pl\/en\/wp-json\/wp\/v2\/media?parent=4320"}],"wp:term":[{"taxonomy":"product_cat","embeddable":true,"href":"https:\/\/littlevintage.pl\/en\/wp-json\/wp\/v2\/product_cat?post=4320"},{"taxonomy":"product_tag","embeddable":true,"href":"https:\/\/littlevintage.pl\/en\/wp-json\/wp\/v2\/product_tag?post=4320"}],"curies":[{"name":"wp","href":"https:\/\/api.w.org\/{rel}","templated":true}]}}