{"id":4196,"date":"2020-06-18T09:39:28","date_gmt":"2020-06-18T09:39:28","guid":{"rendered":"https:\/\/littlevintage.pl\/?post_type=product&#038;p=4196"},"modified":"2022-03-31T14:31:34","modified_gmt":"2022-03-31T14:31:34","slug":"voucher-prezentowy","status":"publish","type":"product","link":"https:\/\/littlevintage.pl\/en\/product\/voucher-prezentowy\/","title":{"rendered":"Voucher Prezentowy"},"content":{"rendered":"<p>Znamy te prezentowe dylematy: czasem nie wiesz co kupi\u0107, czasem wiesz ju\u017c co, ale nie wiesz jaki rozmiar ; ) A mo\u017ce kupujesz grupowy prezent i nie mo\u017cecie si\u0119 dogada\u0107? Wszystkie te problemy rozwi\u0105\u017ce nasz voucher prezentowy.<\/p>\n<p>Zaprojektowany w naszej unikalnej estetyce, zapakowany pi\u0119knie i ekologicznie (zero plastiku!) b\u0119dzie stylowym wyrazem Twojej wdzi\u0119czno\u015bci i mi\u0142o\u015bci. Wystarczy wr\u0119czy\u0107! A prezenty z dusz\u0105 i od polskiej marki to zawsze dobry wyb\u00f3r.<\/p>\n<p>Wybierz kwot\u0119 vouchera, a my wy\u015blemy go w ci\u0105gu 2 dni roboczych.<\/p>","protected":false},"excerpt":{"rendered":"<p>Znamy te prezentowe dylematy: czasem nie wiesz co kupi\u0107, czasem wiesz ju\u017c co, ale nie wiesz jaki rozmiar ; ) A mo\u017ce kupujesz grupowy prezent i nie mo\u017cecie si\u0119 dogada\u0107? Wszystkie te problemy rozwi\u0105\u017ce nasz voucher prezentowy.<\/p>\n<p><strong>Wysy\u0142ka: 2 dni robocze<\/strong><\/p>","protected":false},"featured_media":4198,"comment_status":"closed","ping_status":"closed","template":"","meta":{"_exactmetrics_skip_tracking":false,"_exactmetrics_sitenote_active":false,"_exactmetrics_sitenote_note":"","_exactmetrics_sitenote_category":0},"product_cat":[15,90,119,130,118,124,126,29,20,121,128,113,123,122,120,117,125,114,127,131,129],"product_tag":[],"_links":{"self":[{"href":"https:\/\/littlevintage.pl\/en\/wp-json\/wp\/v2\/product\/4196"}],"collection":[{"href":"https:\/\/littlevintage.pl\/en\/wp-json\/wp\/v2\/product"}],"about":[{"href":"https:\/\/littlevintage.pl\/en\/wp-json\/wp\/v2\/types\/product"}],"replies":[{"embeddable":true,"href":"https:\/\/littlevintage.pl\/en\/wp-json\/wp\/v2\/comments?post=4196"}],"version-history":[{"count":3,"href":"https:\/\/littlevintage.pl\/en\/wp-json\/wp\/v2\/product\/4196\/revisions"}],"predecessor-version":[{"id":4203,"href":"https:\/\/littlevintage.pl\/en\/wp-json\/wp\/v2\/product\/4196\/revisions\/4203"}],"wp:featuredmedia":[{"embeddable":true,"href":"https:\/\/littlevintage.pl\/en\/wp-json\/wp\/v2\/media\/4198"}],"wp:attachment":[{"href":"https:\/\/littlevintage.pl\/en\/wp-json\/wp\/v2\/media?parent=4196"}],"wp:term":[{"taxonomy":"product_cat","embeddable":true,"href":"https:\/\/littlevintage.pl\/en\/wp-json\/wp\/v2\/product_cat?post=4196"},{"taxonomy":"product_tag","embeddable":true,"href":"https:\/\/littlevintage.pl\/en\/wp-json\/wp\/v2\/product_tag?post=4196"}],"curies":[{"name":"wp","href":"https:\/\/api.w.org\/{rel}","templated":true}]}}