{"id":4008,"date":"2020-05-11T12:04:37","date_gmt":"2020-05-11T12:04:37","guid":{"rendered":"https:\/\/littlevintage.pl\/?post_type=product&#038;p=4008"},"modified":"2023-09-26T19:50:22","modified_gmt":"2023-09-26T19:50:22","slug":"sukienka-daisy-krotki-rekaw","status":"publish","type":"product","link":"https:\/\/littlevintage.pl\/en\/product\/sukienka-daisy-krotki-rekaw\/","title":{"rendered":"Sukienka Daisy Kr\u00f3tki R\u0119kaw"},"content":{"rendered":"<p>Sukienka Daisy, gdyby pachnia\u0142a, to na pewno s\u0142o\u0144cem. Rozgrzan\u0105 ziemi\u0105. Letni\u0105 \u0142\u0105k\u0105. I czym\u015b jeszcze, co tkwi tylko w twoich wspomnieniach i co wr\u00f3ci do Ciebie, kiedy tylko otworzysz przesy\u0142k\u0119. Skromna, a jednocze\u015bnie tak charakterystyczna. To pewnie przez perfekcyjne wyko\u0144czenie i ten uroczy haft. Tak, ten haft robi robot\u0119. Prawda?<\/p>","protected":false},"excerpt":{"rendered":"<p>Urocza Daisy. Lniana. Niezapomniana!<\/p>\n<p>Czas realizacji wynosi <strong>14 dni roboczych.<\/strong><\/p>\n<p><strong>Je\u015bli dopiero nas odkry\u0142a\u015b a sukienki potrzebujesz na ju\u017c, teraz, zaraz, pisz na<\/strong> <a href=\"mailto:kontakt@littlevintage.pl\"><b>kontakt@littlevintage.pl<\/b><\/a>\u00a0 : )<\/p>","protected":false},"featured_media":4016,"comment_status":"closed","ping_status":"closed","template":"","meta":{"_exactmetrics_skip_tracking":false,"_exactmetrics_sitenote_active":false,"_exactmetrics_sitenote_note":"","_exactmetrics_sitenote_category":0},"product_cat":[15,20,114],"product_tag":[107,103,102,33,101,104,105,34,112,106],"_links":{"self":[{"href":"https:\/\/littlevintage.pl\/en\/wp-json\/wp\/v2\/product\/4008"}],"collection":[{"href":"https:\/\/littlevintage.pl\/en\/wp-json\/wp\/v2\/product"}],"about":[{"href":"https:\/\/littlevintage.pl\/en\/wp-json\/wp\/v2\/types\/product"}],"replies":[{"embeddable":true,"href":"https:\/\/littlevintage.pl\/en\/wp-json\/wp\/v2\/comments?post=4008"}],"version-history":[{"count":3,"href":"https:\/\/littlevintage.pl\/en\/wp-json\/wp\/v2\/product\/4008\/revisions"}],"predecessor-version":[{"id":4258,"href":"https:\/\/littlevintage.pl\/en\/wp-json\/wp\/v2\/product\/4008\/revisions\/4258"}],"wp:featuredmedia":[{"embeddable":true,"href":"https:\/\/littlevintage.pl\/en\/wp-json\/wp\/v2\/media\/4016"}],"wp:attachment":[{"href":"https:\/\/littlevintage.pl\/en\/wp-json\/wp\/v2\/media?parent=4008"}],"wp:term":[{"taxonomy":"product_cat","embeddable":true,"href":"https:\/\/littlevintage.pl\/en\/wp-json\/wp\/v2\/product_cat?post=4008"},{"taxonomy":"product_tag","embeddable":true,"href":"https:\/\/littlevintage.pl\/en\/wp-json\/wp\/v2\/product_tag?post=4008"}],"curies":[{"name":"wp","href":"https:\/\/api.w.org\/{rel}","templated":true}]}}