{"id":3995,"date":"2020-05-11T11:58:15","date_gmt":"2020-05-11T11:58:15","guid":{"rendered":"https:\/\/littlevintage.pl\/?post_type=product&#038;p=3995"},"modified":"2023-09-26T19:50:46","modified_gmt":"2023-09-26T19:50:46","slug":"sukienka-bianca-premium-krotki-rekaw","status":"publish","type":"product","link":"https:\/\/littlevintage.pl\/en\/product\/sukienka-bianca-premium-krotki-rekaw\/","title":{"rendered":"Sukienka Bianca Premium Kr\u00f3tki R\u0119kaw"},"content":{"rendered":"<p>Bianca Premium to sukienka do zada\u0144 specjalnych. Je\u015bli czeka Ci\u0119 wa\u017cna uroczysto\u015b\u0107, jak chrzest, czy \u015blub, Bianca sprawdzi si\u0119 doskonale. Na prawd\u0119 jest premium: pi\u0119knie uszyta, z wyj\u0105tkowej \u017cakardowej bawe\u0142ny, wyt\u0142aczanej w delikatne listki. Ma pi\u0119kny, kremowy kolor i klasyczny fason. Je\u015bli szukasz czego\u015b pi\u0119knego, ale bez zb\u0119dnej przesady, to jeste\u015b w dobrym miejscu. Za ten wyb\u00f3r sobie podzi\u0119kujesz.<\/p>\n<p>W rozmiarach 62 i 68, ze wzgl\u0119du na wygod\u0119 maluszk\u00f3w, kokardka do\u0142\u0105czana jest osobno do zam\u00f3wienia.<\/p>","protected":false},"excerpt":{"rendered":"<p>Bianca Premium, czyli sukienka do zada\u0144 specjalnych.<\/p>\n<p>Czas realizacji wynosi <strong>do 14 dni roboczych.<\/strong><\/p>\n<p><b>Je\u015bli chcesz, aby\u015bmy wys\u0142ali ten produkt za granic\u0119, napisz na\u00a0<\/b><a href=\"mailto:kontakt@littlevintage.pl\"><b>kontakt@littlevintage.pl<\/b><\/a><\/p>\n<p><strong>Je\u015bli dopiero nas odkry\u0142a\u015b a sukienki potrzebujesz na ju\u017c, teraz, zaraz, pisz na<\/strong> <a href=\"mailto:kontakt@littlevintage.pl\"><b>kontakt@littlevintage.pl<\/b><\/a>\u00a0 : )<\/p>","protected":false},"featured_media":4003,"comment_status":"closed","ping_status":"closed","template":"","meta":{"_exactmetrics_skip_tracking":false,"_exactmetrics_sitenote_active":false,"_exactmetrics_sitenote_note":"","_exactmetrics_sitenote_category":0},"product_cat":[15,20,122,114,127],"product_tag":[96,95,48,94,93,23],"_links":{"self":[{"href":"https:\/\/littlevintage.pl\/en\/wp-json\/wp\/v2\/product\/3995"}],"collection":[{"href":"https:\/\/littlevintage.pl\/en\/wp-json\/wp\/v2\/product"}],"about":[{"href":"https:\/\/littlevintage.pl\/en\/wp-json\/wp\/v2\/types\/product"}],"replies":[{"embeddable":true,"href":"https:\/\/littlevintage.pl\/en\/wp-json\/wp\/v2\/comments?post=3995"}],"version-history":[{"count":3,"href":"https:\/\/littlevintage.pl\/en\/wp-json\/wp\/v2\/product\/3995\/revisions"}],"predecessor-version":[{"id":7806,"href":"https:\/\/littlevintage.pl\/en\/wp-json\/wp\/v2\/product\/3995\/revisions\/7806"}],"wp:featuredmedia":[{"embeddable":true,"href":"https:\/\/littlevintage.pl\/en\/wp-json\/wp\/v2\/media\/4003"}],"wp:attachment":[{"href":"https:\/\/littlevintage.pl\/en\/wp-json\/wp\/v2\/media?parent=3995"}],"wp:term":[{"taxonomy":"product_cat","embeddable":true,"href":"https:\/\/littlevintage.pl\/en\/wp-json\/wp\/v2\/product_cat?post=3995"},{"taxonomy":"product_tag","embeddable":true,"href":"https:\/\/littlevintage.pl\/en\/wp-json\/wp\/v2\/product_tag?post=3995"}],"curies":[{"name":"wp","href":"https:\/\/api.w.org\/{rel}","templated":true}]}}