{"id":3900,"date":"2020-03-10T23:06:06","date_gmt":"2020-03-10T23:06:06","guid":{"rendered":"https:\/\/littlevintage.pl\/?post_type=product&#038;p=3900"},"modified":"2022-04-29T08:01:18","modified_gmt":"2022-04-29T08:01:18","slug":"bonetka-dust-pink","status":"publish","type":"product","link":"https:\/\/littlevintage.pl\/en\/product\/bonetka-dust-pink\/","title":{"rendered":"Bonetka Dust Pink"},"content":{"rendered":"<p>Ur0cza bonetka z falbank\u0105 uszyta z lnu w kolorze brudnego r\u00f3\u017cu. B\u0119dzie idealnym dope\u0142nieniem sukienki Astrid Summer, rampersa lub bloomers\u00f3w Dust Pink. Jako duet do zada\u0144 specjalnych \u015bwietnie sprawdz\u0105 si\u0119 podczas wa\u017cnych uroczysto\u015bci, ale tak\u017ce na codzie\u0144.<\/p>","protected":false},"excerpt":{"rendered":"<p>Bonetka z falbank\u0105 z lnu w kolorze brudnego r\u00f3\u017cu.<\/p>\n<p>Czas realizacji wynosi <strong>14 dni roboczych.<\/strong><\/p>\n<p><strong>Je\u015bli dopiero nas odkry\u0142a\u015b a sukienki potrzebujesz na ju\u017c, teraz, zaraz, pisz na<\/strong> <a href=\"mailto:kontakt@littlevintage.pl\"><b>kontakt@littlevintage.pl<\/b><\/a>\u00a0 : )<\/p>","protected":false},"featured_media":3905,"comment_status":"closed","ping_status":"closed","template":"","meta":{"_exactmetrics_skip_tracking":false,"_exactmetrics_sitenote_active":false,"_exactmetrics_sitenote_note":"","_exactmetrics_sitenote_category":0},"product_cat":[90,124,126,20,122],"product_tag":[45,48,46,59,36],"_links":{"self":[{"href":"https:\/\/littlevintage.pl\/en\/wp-json\/wp\/v2\/product\/3900"}],"collection":[{"href":"https:\/\/littlevintage.pl\/en\/wp-json\/wp\/v2\/product"}],"about":[{"href":"https:\/\/littlevintage.pl\/en\/wp-json\/wp\/v2\/types\/product"}],"replies":[{"embeddable":true,"href":"https:\/\/littlevintage.pl\/en\/wp-json\/wp\/v2\/comments?post=3900"}],"version-history":[{"count":3,"href":"https:\/\/littlevintage.pl\/en\/wp-json\/wp\/v2\/product\/3900\/revisions"}],"predecessor-version":[{"id":6060,"href":"https:\/\/littlevintage.pl\/en\/wp-json\/wp\/v2\/product\/3900\/revisions\/6060"}],"wp:featuredmedia":[{"embeddable":true,"href":"https:\/\/littlevintage.pl\/en\/wp-json\/wp\/v2\/media\/3905"}],"wp:attachment":[{"href":"https:\/\/littlevintage.pl\/en\/wp-json\/wp\/v2\/media?parent=3900"}],"wp:term":[{"taxonomy":"product_cat","embeddable":true,"href":"https:\/\/littlevintage.pl\/en\/wp-json\/wp\/v2\/product_cat?post=3900"},{"taxonomy":"product_tag","embeddable":true,"href":"https:\/\/littlevintage.pl\/en\/wp-json\/wp\/v2\/product_tag?post=3900"}],"curies":[{"name":"wp","href":"https:\/\/api.w.org\/{rel}","templated":true}]}}