{"id":3892,"date":"2020-03-10T23:03:43","date_gmt":"2020-03-10T23:03:43","guid":{"rendered":"https:\/\/littlevintage.pl\/?post_type=product&#038;p=3892"},"modified":"2022-04-26T13:14:35","modified_gmt":"2022-04-26T13:14:35","slug":"bonetka-daisy","status":"publish","type":"product","link":"https:\/\/littlevintage.pl\/en\/product\/bonetka-daisy\/","title":{"rendered":"Bonetka Daisy"},"content":{"rendered":"<p>Urocza bonetka z falbank\u0105 uszyta z lnu w kolorze ochry. B\u0119dzie idealnym dope\u0142nieniem sukienki, rampersa lub bloomers\u00f3w Daisy. Jako duet do zada\u0144 specjalnych \u015bwietnie sprawdz\u0105 si\u0119 podczas wa\u017cnych uroczysto\u015bci, ale tak\u017ce na co dzie\u0144.<\/p>\n<p><strong>Ka\u017cdy produkt szyjemy specjalnie dla Ciebie, dlatego czas realizacji wynosi 14 dni roboczych. Wiemy, \u017ce to niema\u0142o, ale na dobre rzeczy warto poczeka\u0107 \ud83d\ude09 Jednak, je\u015bli potrzebujesz czego\u015b na ju\u017c, napisz na <a href=\"mailto:kontakt@littlevintage.pl\">kontakt@littlevintage.pl<\/a> , zrobimy co si\u0119 da \u017ceby pom\u00f3c!<\/strong><\/p>","protected":false},"excerpt":{"rendered":"<p>Bonetka z falbank\u0105 z lnu w kolorze ochry,<\/p>\n<ul>\n<li>uszyta i zaprojektowana w Polsce<\/li>\n<li>czas realizacji wynosi<strong>\u00a014 dni<\/strong>\u00a0roboczych.<br \/>\nWiemy, \u017ce to niema\u0142o, ale na dobre rzeczy warto poczeka\u0107 : )<\/li>\n<li>masz\u00a0<strong>30 dni na zwrot\u00a0<\/strong><\/li>\n<li>dostawa do Polski za 17 z\u0142 kurierem DPD<\/li>\n<li>darmowa wysy\u0142ka powy\u017cej\u00a0<strong>350 z\u0142<\/strong><\/li>\n<li>wysy\u0142amy za granic\u0119!<\/li>\n<\/ul>\n<p><strong>Je\u015bli dopiero nas odkry\u0142a\u015b a sukienki potrzebujesz na ju\u017c, teraz, zaraz, pisz na<\/strong> <a href=\"mailto:kontakt@littlevintage.pl\"><b>kontakt@littlevintage.pl<\/b><\/a>\u00a0 : )<\/p>","protected":false},"featured_media":3897,"comment_status":"closed","ping_status":"closed","template":"","meta":{"_exactmetrics_skip_tracking":false,"_exactmetrics_sitenote_active":false,"_exactmetrics_sitenote_note":"","_exactmetrics_sitenote_category":0},"product_cat":[15,90,124,126,20,122],"product_tag":[45,48,46,59,36],"_links":{"self":[{"href":"https:\/\/littlevintage.pl\/en\/wp-json\/wp\/v2\/product\/3892"}],"collection":[{"href":"https:\/\/littlevintage.pl\/en\/wp-json\/wp\/v2\/product"}],"about":[{"href":"https:\/\/littlevintage.pl\/en\/wp-json\/wp\/v2\/types\/product"}],"replies":[{"embeddable":true,"href":"https:\/\/littlevintage.pl\/en\/wp-json\/wp\/v2\/comments?post=3892"}],"version-history":[{"count":7,"href":"https:\/\/littlevintage.pl\/en\/wp-json\/wp\/v2\/product\/3892\/revisions"}],"predecessor-version":[{"id":7809,"href":"https:\/\/littlevintage.pl\/en\/wp-json\/wp\/v2\/product\/3892\/revisions\/7809"}],"wp:featuredmedia":[{"embeddable":true,"href":"https:\/\/littlevintage.pl\/en\/wp-json\/wp\/v2\/media\/3897"}],"wp:attachment":[{"href":"https:\/\/littlevintage.pl\/en\/wp-json\/wp\/v2\/media?parent=3892"}],"wp:term":[{"taxonomy":"product_cat","embeddable":true,"href":"https:\/\/littlevintage.pl\/en\/wp-json\/wp\/v2\/product_cat?post=3892"},{"taxonomy":"product_tag","embeddable":true,"href":"https:\/\/littlevintage.pl\/en\/wp-json\/wp\/v2\/product_tag?post=3892"}],"curies":[{"name":"wp","href":"https:\/\/api.w.org\/{rel}","templated":true}]}}