{"id":3884,"date":"2020-03-10T23:01:37","date_gmt":"2020-03-10T23:01:37","guid":{"rendered":"https:\/\/littlevintage.pl\/?post_type=product&#038;p=3884"},"modified":"2023-09-26T19:51:38","modified_gmt":"2023-09-26T19:51:38","slug":"bonetka-blue-poppy","status":"publish","type":"product","link":"https:\/\/littlevintage.pl\/en\/product\/bonetka-blue-poppy\/","title":{"rendered":"Bonetka Blue Poppy"},"content":{"rendered":"<p>Ur0cza bonetka z falbank\u0105 uszyta z bawe\u0142ny w delikatne r\u00f3\u017cyczki. B\u0119dzie idealnym dope\u0142nieniem sukienki Blue Poppy. Jako duet do zada\u0144 specjalnych \u015bwietnie sprawdz\u0105 si\u0119 podczas wa\u017cnych uroczysto\u015bci, ale tak\u017ce na co dzie\u0144.<\/p>\n<p><strong>Ka\u017cdy produkt szyjemy specjalnie dla Ciebie, dlatego czas realizacji wynosi 7-10 dni roboczych. Wiemy, \u017ce to niema\u0142o, ale na dobre rzeczy warto poczeka\u0107 \ud83d\ude09 Jednak, je\u015bli potrzebujesz czego\u015b na ju\u017c, napisz na <a href=\"mailto:kontakt@littlevintage.pl\">kontakt@littlevintage.pl<\/a> , zrobimy co si\u0119 da \u017ceby pom\u00f3c!<\/strong><\/p>","protected":false},"excerpt":{"rendered":"<p>Bonetka z falbank\u0105 z bawe\u0142ny w niebieskie kwiaty.<\/p>\n<ul>\n<li>uszyta i zaprojektowana w Polsce<\/li>\n<li>czas realizacji wynosi<strong>\u00a07-10 dni<\/strong>\u00a0roboczych.<br \/>\nWiemy, \u017ce to niema\u0142o, ale na dobre rzeczy warto poczeka\u0107 : )<\/li>\n<li>masz\u00a0<strong>30 dni na zwrot\u00a0<\/strong><\/li>\n<li>dostawa do Polski za 14 z\u0142 kurierem DPD<\/li>\n<li>darmowa wysy\u0142ka powy\u017cej\u00a0<strong>350 z\u0142<\/strong><\/li>\n<li>wysy\u0142amy za granic\u0119!<\/li>\n<li>zap\u0142a\u0107 bezpiecznie przez\u00a0<strong>Przelewy24<\/strong>\u00a0lub\u00a0<strong>PayPal<\/strong><\/li>\n<\/ul>","protected":false},"featured_media":3889,"comment_status":"closed","ping_status":"closed","template":"","meta":{"_exactmetrics_skip_tracking":false,"_exactmetrics_sitenote_active":false,"_exactmetrics_sitenote_note":"","_exactmetrics_sitenote_category":0},"product_cat":[15],"product_tag":[45,48,46,59,36],"_links":{"self":[{"href":"https:\/\/littlevintage.pl\/en\/wp-json\/wp\/v2\/product\/3884"}],"collection":[{"href":"https:\/\/littlevintage.pl\/en\/wp-json\/wp\/v2\/product"}],"about":[{"href":"https:\/\/littlevintage.pl\/en\/wp-json\/wp\/v2\/types\/product"}],"replies":[{"embeddable":true,"href":"https:\/\/littlevintage.pl\/en\/wp-json\/wp\/v2\/comments?post=3884"}],"version-history":[{"count":3,"href":"https:\/\/littlevintage.pl\/en\/wp-json\/wp\/v2\/product\/3884\/revisions"}],"predecessor-version":[{"id":6061,"href":"https:\/\/littlevintage.pl\/en\/wp-json\/wp\/v2\/product\/3884\/revisions\/6061"}],"wp:featuredmedia":[{"embeddable":true,"href":"https:\/\/littlevintage.pl\/en\/wp-json\/wp\/v2\/media\/3889"}],"wp:attachment":[{"href":"https:\/\/littlevintage.pl\/en\/wp-json\/wp\/v2\/media?parent=3884"}],"wp:term":[{"taxonomy":"product_cat","embeddable":true,"href":"https:\/\/littlevintage.pl\/en\/wp-json\/wp\/v2\/product_cat?post=3884"},{"taxonomy":"product_tag","embeddable":true,"href":"https:\/\/littlevintage.pl\/en\/wp-json\/wp\/v2\/product_tag?post=3884"}],"curies":[{"name":"wp","href":"https:\/\/api.w.org\/{rel}","templated":true}]}}