{"id":3876,"date":"2020-03-10T22:58:56","date_gmt":"2020-03-10T22:58:56","guid":{"rendered":"https:\/\/littlevintage.pl\/?post_type=product&#038;p=3876"},"modified":"2023-09-26T19:51:58","modified_gmt":"2023-09-26T19:51:58","slug":"bonetka-rosa","status":"publish","type":"product","link":"https:\/\/littlevintage.pl\/en\/product\/bonetka-rosa\/","title":{"rendered":"Bonetka Rosa"},"content":{"rendered":"<p>Ur0cza bonetka z falbank\u0105 uszyta z bawe\u0142ny w delikatne r\u00f3\u017cyczki. B\u0119dzie idealnym dope\u0142nieniem sukienki Rosa. Jako duet do zada\u0144 specjalnych \u015bwietnie sprawdz\u0105 si\u0119 podczas wa\u017cnych uroczysto\u015bci, ale tak\u017ce na codzie\u0144.<\/p>","protected":false},"excerpt":{"rendered":"<p>Bonetka z falbank\u0105 z bawe\u0142ny w r\u00f3\u017cyczki.<\/p>\n<p>Czas realizacji wynosi <strong>14 dni roboczych.<\/strong><\/p>\n<p><strong>Je\u015bli dopiero nas odkry\u0142a\u015b a sukienki potrzebujesz na ju\u017c, teraz, zaraz, pisz na<\/strong> <a href=\"mailto:kontakt@littlevintage.pl\"><b>kontakt@littlevintage.pl<\/b><\/a>\u00a0 : )<\/p>","protected":false},"featured_media":3881,"comment_status":"closed","ping_status":"closed","template":"","meta":{"_exactmetrics_skip_tracking":false,"_exactmetrics_sitenote_active":false,"_exactmetrics_sitenote_note":"","_exactmetrics_sitenote_category":0},"product_cat":[90],"product_tag":[45,48,46,59,36],"_links":{"self":[{"href":"https:\/\/littlevintage.pl\/en\/wp-json\/wp\/v2\/product\/3876"}],"collection":[{"href":"https:\/\/littlevintage.pl\/en\/wp-json\/wp\/v2\/product"}],"about":[{"href":"https:\/\/littlevintage.pl\/en\/wp-json\/wp\/v2\/types\/product"}],"replies":[{"embeddable":true,"href":"https:\/\/littlevintage.pl\/en\/wp-json\/wp\/v2\/comments?post=3876"}],"version-history":[{"count":2,"href":"https:\/\/littlevintage.pl\/en\/wp-json\/wp\/v2\/product\/3876\/revisions"}],"predecessor-version":[{"id":4300,"href":"https:\/\/littlevintage.pl\/en\/wp-json\/wp\/v2\/product\/3876\/revisions\/4300"}],"wp:featuredmedia":[{"embeddable":true,"href":"https:\/\/littlevintage.pl\/en\/wp-json\/wp\/v2\/media\/3881"}],"wp:attachment":[{"href":"https:\/\/littlevintage.pl\/en\/wp-json\/wp\/v2\/media?parent=3876"}],"wp:term":[{"taxonomy":"product_cat","embeddable":true,"href":"https:\/\/littlevintage.pl\/en\/wp-json\/wp\/v2\/product_cat?post=3876"},{"taxonomy":"product_tag","embeddable":true,"href":"https:\/\/littlevintage.pl\/en\/wp-json\/wp\/v2\/product_tag?post=3876"}],"curies":[{"name":"wp","href":"https:\/\/api.w.org\/{rel}","templated":true}]}}