{"id":3859,"date":"2020-03-10T22:50:13","date_gmt":"2020-03-10T22:50:13","guid":{"rendered":"https:\/\/littlevintage.pl\/?post_type=product&#038;p=3859"},"modified":"2023-09-26T19:52:21","modified_gmt":"2023-09-26T19:52:21","slug":"bonetka-bianca-premium-2","status":"publish","type":"product","link":"https:\/\/littlevintage.pl\/en\/product\/bonetka-bianca-premium-2\/","title":{"rendered":"Bonetka Bianca Premium"},"content":{"rendered":"<p>Kremowa bonetka z falbank\u0105 uszyta z \u017cakardowej bawe\u0142ny premium. B\u0119dzie idealnym dope\u0142nieniem sukienki Bianca Premium. Jako duet do zada\u0144 specjalnych \u015bwietnie sprawdz\u0105 si\u0119 podczas wa\u017cnych uroczysto\u015bci, takich jak chrzest czy \u015blub. Taki zestaw to uk\u0142on w stron\u0119 klasyki.<\/p>","protected":false},"excerpt":{"rendered":"<p>Bonetka z falbank\u0105 z tkaniny premium.<\/p>\n<p>Produkt szyty jest specjalnie dla Ciebie, dlatego czas realizacji wynosi<strong> do 10 dni roboczych<\/strong>.<\/p>\n<p><b>Je\u015bli chcesz, aby\u015bmy wys\u0142ali ten produkt za granic\u0119, napisz na\u00a0<\/b><a href=\"mailto:kontakt@littlevintage.pl\"><b>kontakt@littlevintage.pl<\/b><\/a><\/p>","protected":false},"featured_media":3864,"comment_status":"closed","ping_status":"closed","template":"","meta":{"_exactmetrics_skip_tracking":false,"_exactmetrics_sitenote_active":false,"_exactmetrics_sitenote_note":"","_exactmetrics_sitenote_category":0},"product_cat":[15,90],"product_tag":[45,48,46,59,36],"_links":{"self":[{"href":"https:\/\/littlevintage.pl\/en\/wp-json\/wp\/v2\/product\/3859"}],"collection":[{"href":"https:\/\/littlevintage.pl\/en\/wp-json\/wp\/v2\/product"}],"about":[{"href":"https:\/\/littlevintage.pl\/en\/wp-json\/wp\/v2\/types\/product"}],"replies":[{"embeddable":true,"href":"https:\/\/littlevintage.pl\/en\/wp-json\/wp\/v2\/comments?post=3859"}],"version-history":[{"count":1,"href":"https:\/\/littlevintage.pl\/en\/wp-json\/wp\/v2\/product\/3859\/revisions"}],"predecessor-version":[{"id":3865,"href":"https:\/\/littlevintage.pl\/en\/wp-json\/wp\/v2\/product\/3859\/revisions\/3865"}],"wp:featuredmedia":[{"embeddable":true,"href":"https:\/\/littlevintage.pl\/en\/wp-json\/wp\/v2\/media\/3864"}],"wp:attachment":[{"href":"https:\/\/littlevintage.pl\/en\/wp-json\/wp\/v2\/media?parent=3859"}],"wp:term":[{"taxonomy":"product_cat","embeddable":true,"href":"https:\/\/littlevintage.pl\/en\/wp-json\/wp\/v2\/product_cat?post=3859"},{"taxonomy":"product_tag","embeddable":true,"href":"https:\/\/littlevintage.pl\/en\/wp-json\/wp\/v2\/product_tag?post=3859"}],"curies":[{"name":"wp","href":"https:\/\/api.w.org\/{rel}","templated":true}]}}