{"id":3822,"date":"2020-03-10T22:40:16","date_gmt":"2020-03-10T22:40:16","guid":{"rendered":"https:\/\/littlevintage.pl\/?post_type=product&#038;p=3822"},"modified":"2023-09-26T19:53:16","modified_gmt":"2023-09-26T19:53:16","slug":"rampers-rosa","status":"publish","type":"product","link":"https:\/\/littlevintage.pl\/en\/product\/rampers-rosa\/","title":{"rendered":"Rampers Rosa"},"content":{"rendered":"<p>Co to takiego ten rampers? To takie wdzianko w stylu kombinezonu, tylko bez nogawek : ) Najlepsza alternatywa dla sukienki. Szczeg\u00f3lnie dla tych dzieci, kt\u00f3re jeszcze raczkuj\u0105. Bo takim w\u0142a\u015bnie, najm\u0142odszym bobasom, r\u0105bek sukienki mocno przeszkadza w odkrywaniu \u015bwiata. \u017beby nie kr\u0119powa\u0107 ruch\u00f3w wybierz rampers w\u0142a\u015bnie. Uroczy jak sukienka. Mo\u017cna dobra\u0107 rajstopy i pos\u0142u\u017cy r\u00f3wnie\u017c w ch\u0142odniejsze dni. Spr\u00f3buj raz, a ju\u017c na zawsze zago\u015bci w Waszej szafie.<\/p>","protected":false},"excerpt":{"rendered":"<p>Bawe\u0142niany Rampers Rosa.<\/p>\n<p>Czas realizacji wynosi <strong>14 dni roboczych.<\/strong><\/p>\n<p><strong>Je\u015bli dopiero nas odkry\u0142a\u015b a sukienki potrzebujesz na ju\u017c, teraz, zaraz, pisz na<\/strong> <a href=\"mailto:kontakt@littlevintage.pl\"><b>kontakt@littlevintage.pl<\/b><\/a>\u00a0 : )<\/p>","protected":false},"featured_media":3831,"comment_status":"closed","ping_status":"closed","template":"","meta":{"_exactmetrics_skip_tracking":false,"_exactmetrics_sitenote_active":false,"_exactmetrics_sitenote_note":"","_exactmetrics_sitenote_category":0},"product_cat":[20,117],"product_tag":[97,98,32],"_links":{"self":[{"href":"https:\/\/littlevintage.pl\/en\/wp-json\/wp\/v2\/product\/3822"}],"collection":[{"href":"https:\/\/littlevintage.pl\/en\/wp-json\/wp\/v2\/product"}],"about":[{"href":"https:\/\/littlevintage.pl\/en\/wp-json\/wp\/v2\/types\/product"}],"replies":[{"embeddable":true,"href":"https:\/\/littlevintage.pl\/en\/wp-json\/wp\/v2\/comments?post=3822"}],"version-history":[{"count":3,"href":"https:\/\/littlevintage.pl\/en\/wp-json\/wp\/v2\/product\/3822\/revisions"}],"predecessor-version":[{"id":4303,"href":"https:\/\/littlevintage.pl\/en\/wp-json\/wp\/v2\/product\/3822\/revisions\/4303"}],"wp:featuredmedia":[{"embeddable":true,"href":"https:\/\/littlevintage.pl\/en\/wp-json\/wp\/v2\/media\/3831"}],"wp:attachment":[{"href":"https:\/\/littlevintage.pl\/en\/wp-json\/wp\/v2\/media?parent=3822"}],"wp:term":[{"taxonomy":"product_cat","embeddable":true,"href":"https:\/\/littlevintage.pl\/en\/wp-json\/wp\/v2\/product_cat?post=3822"},{"taxonomy":"product_tag","embeddable":true,"href":"https:\/\/littlevintage.pl\/en\/wp-json\/wp\/v2\/product_tag?post=3822"}],"curies":[{"name":"wp","href":"https:\/\/api.w.org\/{rel}","templated":true}]}}