{"id":3744,"date":"2020-03-10T21:39:01","date_gmt":"2020-03-10T21:39:01","guid":{"rendered":"https:\/\/littlevintage.pl\/?post_type=product&#038;p=3744"},"modified":"2023-09-26T19:53:44","modified_gmt":"2023-09-26T19:53:44","slug":"bloomersy-rosa","status":"publish","type":"product","link":"https:\/\/littlevintage.pl\/en\/product\/bloomersy-rosa\/","title":{"rendered":"Bloomersy Rosa"},"content":{"rendered":"<p>Bloomersy to co\u015b, bez czego nie mo\u017cna obej\u015b\u0107 si\u0119 latem. M\u0142odszym dziewczynkom sprytnie schowaj\u0105 pieluszk\u0119 i dadz\u0105 swobod\u0119 w upalne dni. Starsze dziewczynki mog\u0105 nosi\u0107 je jako spodenki, a urocza falbanka na pewno si\u0119 im spodoba!<\/p>\n<p>Ch\u0142odny dzie\u0144 &#8211; nic straconego. Dobierz podkolan\u00f3wki lub rajstopy. Bloomersy Rosa \u015bwietnie wygl\u0105daj\u0105 z bluzk\u0105 Dottie &#8211; w wersji z d\u0142ugim r\u0119kawem lub na rami\u0105czkach.<\/p>","protected":false},"excerpt":{"rendered":"<p>Bawe\u0142niane bloomersy Rosa.<\/p>\n<p>Czas realizacji wynosi <strong>14 dni roboczych.<\/strong><\/p>\n<p><strong>Je\u015bli dopiero nas odkry\u0142a\u015b a sukienki potrzebujesz na ju\u017c, teraz, zaraz, pisz na<\/strong> <a href=\"mailto:kontakt@littlevintage.pl\"><b>kontakt@littlevintage.pl<\/b><\/a>\u00a0 : )<\/p>","protected":false},"featured_media":3755,"comment_status":"closed","ping_status":"closed","template":"","meta":{"_exactmetrics_skip_tracking":false,"_exactmetrics_sitenote_active":false,"_exactmetrics_sitenote_note":"","_exactmetrics_sitenote_category":0},"product_cat":[119,20],"product_tag":[97,98,32],"_links":{"self":[{"href":"https:\/\/littlevintage.pl\/en\/wp-json\/wp\/v2\/product\/3744"}],"collection":[{"href":"https:\/\/littlevintage.pl\/en\/wp-json\/wp\/v2\/product"}],"about":[{"href":"https:\/\/littlevintage.pl\/en\/wp-json\/wp\/v2\/types\/product"}],"replies":[{"embeddable":true,"href":"https:\/\/littlevintage.pl\/en\/wp-json\/wp\/v2\/comments?post=3744"}],"version-history":[{"count":3,"href":"https:\/\/littlevintage.pl\/en\/wp-json\/wp\/v2\/product\/3744\/revisions"}],"predecessor-version":[{"id":4306,"href":"https:\/\/littlevintage.pl\/en\/wp-json\/wp\/v2\/product\/3744\/revisions\/4306"}],"wp:featuredmedia":[{"embeddable":true,"href":"https:\/\/littlevintage.pl\/en\/wp-json\/wp\/v2\/media\/3755"}],"wp:attachment":[{"href":"https:\/\/littlevintage.pl\/en\/wp-json\/wp\/v2\/media?parent=3744"}],"wp:term":[{"taxonomy":"product_cat","embeddable":true,"href":"https:\/\/littlevintage.pl\/en\/wp-json\/wp\/v2\/product_cat?post=3744"},{"taxonomy":"product_tag","embeddable":true,"href":"https:\/\/littlevintage.pl\/en\/wp-json\/wp\/v2\/product_tag?post=3744"}],"curies":[{"name":"wp","href":"https:\/\/api.w.org\/{rel}","templated":true}]}}