{"id":3714,"date":"2020-03-11T09:05:38","date_gmt":"2020-03-11T09:05:38","guid":{"rendered":"https:\/\/littlevintage.pl\/?post_type=product&#038;p=3714"},"modified":"2023-09-26T19:51:07","modified_gmt":"2023-09-26T19:51:07","slug":"bloomersy-daisy","status":"publish","type":"product","link":"https:\/\/littlevintage.pl\/en\/product\/bloomersy-daisy\/","title":{"rendered":"Bloomersy Daisy"},"content":{"rendered":"<p>Bloomersy to co\u015b, bez czego nie mo\u017cna obej\u015b\u0107 si\u0119 latem. M\u0142odszym dziewczynkom sprytnie schowaj\u0105 pieluszk\u0119 i dadz\u0105 swobod\u0119 w upalne dni. Starsze dziewczynki mog\u0105 nosi\u0107 je jako spodenki, a urocza falbanka na pewno si\u0119 im spodoba!<\/p>\n<p>Ch\u0142odny dzie\u0144 &#8211; nic straconego. Dobierz podkolan\u00f3wki lub rajstopy. Bloomersy Daisy \u015bwietnie wygl\u0105daj\u0105 z bluzk\u0105 Dottie &#8211; w wersji z d\u0142ugim r\u0119kawem lub na rami\u0105czkach.<\/p>\n<p><strong>Ka\u017cdy produkt szyjemy specjalnie dla Ciebie, dlatego czas realizacji wynosi 14 dni roboczych. Wiemy, \u017ce to niema\u0142o, ale na dobre rzeczy warto poczeka\u0107 \ud83d\ude09 Jednak, je\u015bli potrzebujesz czego\u015b na ju\u017c, napisz na <a href=\"mailto:kontakt@littlevintage.pl\">kontakt@littlevintage.pl<\/a> , zrobimy co si\u0119 da \u017ceby pom\u00f3c!<\/strong><\/p>","protected":false},"excerpt":{"rendered":"<p>Lniane bloomersy Daisy.<\/p>\n<ul>\n<li>uszyte i zaprojektowane w Polsce<\/li>\n<li>czas realizacji wynosi<strong>\u00a014 dni<\/strong>\u00a0roboczych.<br \/>\nWiemy, \u017ce to niema\u0142o, ale na dobre rzeczy warto poczeka\u0107 : )<\/li>\n<li>masz\u00a0<strong>30 dni na zwrot\u00a0<\/strong><\/li>\n<li>dostawa do Polski za 17 z\u0142 kurierem DPD<\/li>\n<li>darmowa wysy\u0142ka powy\u017cej\u00a0<strong>350 z\u0142<\/strong><\/li>\n<li>wysy\u0142amy za granic\u0119!<\/li>\n<\/ul>\n<p><strong>Je\u015bli dopiero nas odkry\u0142a\u015b a sukienki potrzebujesz na ju\u017c, teraz, zaraz, pisz na<\/strong> <a href=\"mailto:kontakt@littlevintage.pl\"><b>kontakt@littlevintage.pl<\/b><\/a>\u00a0 : )<\/p>","protected":false},"featured_media":3725,"comment_status":"closed","ping_status":"closed","template":"","meta":{"_exactmetrics_skip_tracking":false,"_exactmetrics_sitenote_active":false,"_exactmetrics_sitenote_note":"","_exactmetrics_sitenote_category":0},"product_cat":[15,119,130,29,20,122],"product_tag":[97,107,108,109,104,105,106,111,110],"_links":{"self":[{"href":"https:\/\/littlevintage.pl\/en\/wp-json\/wp\/v2\/product\/3714"}],"collection":[{"href":"https:\/\/littlevintage.pl\/en\/wp-json\/wp\/v2\/product"}],"about":[{"href":"https:\/\/littlevintage.pl\/en\/wp-json\/wp\/v2\/types\/product"}],"replies":[{"embeddable":true,"href":"https:\/\/littlevintage.pl\/en\/wp-json\/wp\/v2\/comments?post=3714"}],"version-history":[{"count":6,"href":"https:\/\/littlevintage.pl\/en\/wp-json\/wp\/v2\/product\/3714\/revisions"}],"predecessor-version":[{"id":7807,"href":"https:\/\/littlevintage.pl\/en\/wp-json\/wp\/v2\/product\/3714\/revisions\/7807"}],"wp:featuredmedia":[{"embeddable":true,"href":"https:\/\/littlevintage.pl\/en\/wp-json\/wp\/v2\/media\/3725"}],"wp:attachment":[{"href":"https:\/\/littlevintage.pl\/en\/wp-json\/wp\/v2\/media?parent=3714"}],"wp:term":[{"taxonomy":"product_cat","embeddable":true,"href":"https:\/\/littlevintage.pl\/en\/wp-json\/wp\/v2\/product_cat?post=3714"},{"taxonomy":"product_tag","embeddable":true,"href":"https:\/\/littlevintage.pl\/en\/wp-json\/wp\/v2\/product_tag?post=3714"}],"curies":[{"name":"wp","href":"https:\/\/api.w.org\/{rel}","templated":true}]}}