{"id":3697,"date":"2020-03-10T21:14:32","date_gmt":"2020-03-10T21:14:32","guid":{"rendered":"https:\/\/littlevintage.pl\/?post_type=product&#038;p=3697"},"modified":"2023-09-26T19:54:23","modified_gmt":"2023-09-26T19:54:23","slug":"sukienka-grace","status":"publish","type":"product","link":"https:\/\/littlevintage.pl\/en\/product\/sukienka-grace\/","title":{"rendered":"Sukienka Grace"},"content":{"rendered":"<p>Grace jest subtelna. Pi\u0119knie podkre\u015bli urod\u0119 ka\u017cdej ma\u0142ej dziewczynki. Uszyta z batystu plumeti, z r\u0119kawem 3\/4 wyko\u0144czonym falbank\u0105. Wybierz j\u0105 jako sukienk\u0119 do chrztu, lub kup tak po prostu. Tak po prostu te\u017c jest ok.<\/p>\n<p><strong>Ka\u017cdy produkt szyjemy specjalnie dla Ciebie, dlatego czas realizacji wynosi 14 dni roboczych. Wiemy, \u017ce to niema\u0142o, ale na dobre rzeczy warto poczeka\u0107 \ud83d\ude09 Jednak, je\u015bli potrzebujesz czego\u015b na ju\u017c, napisz na <a href=\"mailto:kontakt@littlevintage.pl\">kontakt@littlevintage.pl<\/a> , zrobimy co si\u0119 da \u017ceby pom\u00f3c!<\/strong><\/p>","protected":false},"excerpt":{"rendered":"<p>Delikatna sukienka Grace z bawe\u0142ny plumeti.<\/p>\n<ul>\n<li>uszyta i zaprojektowana w Polsce<\/li>\n<li>czas realizacji wynosi <strong>14 dni<\/strong> roboczych.<br \/>\nWiemy, \u017ce to niema\u0142o, ale na dobre rzeczy warto poczeka\u0107 : )<\/li>\n<li>masz <strong>30 dni na zwrot\u00a0<\/strong><\/li>\n<li>dostawa do Polski za 17 z\u0142 kurierem DPD<\/li>\n<li>darmowa wysy\u0142ka powy\u017cej <strong>350 z\u0142<\/strong><\/li>\n<li>wysy\u0142amy za granic\u0119!<\/li>\n<\/ul>","protected":false},"featured_media":3705,"comment_status":"closed","ping_status":"closed","template":"","meta":{"_exactmetrics_skip_tracking":false,"_exactmetrics_sitenote_active":false,"_exactmetrics_sitenote_note":"","_exactmetrics_sitenote_category":0},"product_cat":[15,20,114,127],"product_tag":[96,95,48,94,93,23],"_links":{"self":[{"href":"https:\/\/littlevintage.pl\/en\/wp-json\/wp\/v2\/product\/3697"}],"collection":[{"href":"https:\/\/littlevintage.pl\/en\/wp-json\/wp\/v2\/product"}],"about":[{"href":"https:\/\/littlevintage.pl\/en\/wp-json\/wp\/v2\/types\/product"}],"replies":[{"embeddable":true,"href":"https:\/\/littlevintage.pl\/en\/wp-json\/wp\/v2\/comments?post=3697"}],"version-history":[{"count":6,"href":"https:\/\/littlevintage.pl\/en\/wp-json\/wp\/v2\/product\/3697\/revisions"}],"predecessor-version":[{"id":7814,"href":"https:\/\/littlevintage.pl\/en\/wp-json\/wp\/v2\/product\/3697\/revisions\/7814"}],"wp:featuredmedia":[{"embeddable":true,"href":"https:\/\/littlevintage.pl\/en\/wp-json\/wp\/v2\/media\/3705"}],"wp:attachment":[{"href":"https:\/\/littlevintage.pl\/en\/wp-json\/wp\/v2\/media?parent=3697"}],"wp:term":[{"taxonomy":"product_cat","embeddable":true,"href":"https:\/\/littlevintage.pl\/en\/wp-json\/wp\/v2\/product_cat?post=3697"},{"taxonomy":"product_tag","embeddable":true,"href":"https:\/\/littlevintage.pl\/en\/wp-json\/wp\/v2\/product_tag?post=3697"}],"curies":[{"name":"wp","href":"https:\/\/api.w.org\/{rel}","templated":true}]}}