{"id":3685,"date":"2020-03-10T21:12:16","date_gmt":"2020-03-10T21:12:16","guid":{"rendered":"https:\/\/littlevintage.pl\/?post_type=product&#038;p=3685"},"modified":"2022-04-29T07:49:57","modified_gmt":"2022-04-29T07:49:57","slug":"sukienka-hope-krotki-rekaw","status":"publish","type":"product","link":"https:\/\/littlevintage.pl\/en\/product\/sukienka-hope-krotki-rekaw\/","title":{"rendered":"Sukienka Hope Kr\u00f3tki R\u0119kaw"},"content":{"rendered":"<p>Hope ma kolor \u015bmietankowej bieli. Odcieni bieli jest&#8230; wiele. A ta to co\u015b pomi\u0119dzy \u015bnie\u017cn\u0105 biel\u0105, a kremowym. Jest lniana &#8211; to \u015bwietnie, bo len jest tkanin\u0105 o cudownych w\u0142a\u015bciwo\u015bciach. Pi\u0119knie wygl\u0105da, ale te\u017c reguluje temperatur\u0119 cia\u0142a, jest antyalergiczny i bardzo przyjemny w noszeniu. Hope ma lu\u017any fason i jest uniwersalna. Na chrzest &#8211; jak najbardziej! A p\u00f3\u017aniej: wystarczy, \u017ce zmienisz dodatki i zmieni si\u0119 w urocz\u0105, letni\u0105 sukienk\u0119.<\/p>\n<p><strong>Ka\u017cdy produkt szyjemy specjalnie dla Ciebie, dlatego czas realizacji wynosi 14 dni roboczych. Wiemy, \u017ce to niema\u0142o, ale na dobre rzeczy warto poczeka\u0107 \ud83d\ude09 Jednak, je\u015bli potrzebujesz czego\u015b na ju\u017c, napisz na <a href=\"mailto:kontakt@littlevintage.pl\">kontakt@littlevintage.pl<\/a> , zrobimy co si\u0119 da \u017ceby pom\u00f3c!<\/strong><\/p>","protected":false},"excerpt":{"rendered":"<p>Bia\u0142a lniana sukienka Hope.<\/p>\n<ul>\n<li>uszyta i zaprojektowana w Polsce<\/li>\n<li>czas realizacji wynosi <strong>14 dni<\/strong> roboczych.<br \/>\nWiemy, \u017ce to niema\u0142o, ale na dobre rzeczy warto poczeka\u0107 : )<\/li>\n<li>masz <strong>30 dni na zwrot\u00a0<\/strong><\/li>\n<li>dostawa do Polski za 17 z\u0142 kurierem DPD<\/li>\n<li>darmowa wysy\u0142ka powy\u017cej <strong>350 z\u0142<\/strong><\/li>\n<li>wysy\u0142amy za granic\u0119!<\/li>\n<\/ul>","protected":false},"featured_media":3693,"comment_status":"closed","ping_status":"closed","template":"","meta":{"_exactmetrics_skip_tracking":false,"_exactmetrics_sitenote_active":false,"_exactmetrics_sitenote_note":"","_exactmetrics_sitenote_category":0},"product_cat":[15,20,114,127],"product_tag":[96,95,48,94,93,23],"_links":{"self":[{"href":"https:\/\/littlevintage.pl\/en\/wp-json\/wp\/v2\/product\/3685"}],"collection":[{"href":"https:\/\/littlevintage.pl\/en\/wp-json\/wp\/v2\/product"}],"about":[{"href":"https:\/\/littlevintage.pl\/en\/wp-json\/wp\/v2\/types\/product"}],"replies":[{"embeddable":true,"href":"https:\/\/littlevintage.pl\/en\/wp-json\/wp\/v2\/comments?post=3685"}],"version-history":[{"count":6,"href":"https:\/\/littlevintage.pl\/en\/wp-json\/wp\/v2\/product\/3685\/revisions"}],"predecessor-version":[{"id":7815,"href":"https:\/\/littlevintage.pl\/en\/wp-json\/wp\/v2\/product\/3685\/revisions\/7815"}],"wp:featuredmedia":[{"embeddable":true,"href":"https:\/\/littlevintage.pl\/en\/wp-json\/wp\/v2\/media\/3693"}],"wp:attachment":[{"href":"https:\/\/littlevintage.pl\/en\/wp-json\/wp\/v2\/media?parent=3685"}],"wp:term":[{"taxonomy":"product_cat","embeddable":true,"href":"https:\/\/littlevintage.pl\/en\/wp-json\/wp\/v2\/product_cat?post=3685"},{"taxonomy":"product_tag","embeddable":true,"href":"https:\/\/littlevintage.pl\/en\/wp-json\/wp\/v2\/product_tag?post=3685"}],"curies":[{"name":"wp","href":"https:\/\/api.w.org\/{rel}","templated":true}]}}