{"id":3643,"date":"2020-03-10T20:37:36","date_gmt":"2020-03-10T20:37:36","guid":{"rendered":"https:\/\/littlevintage.pl\/?post_type=product&#038;p=3643"},"modified":"2023-09-26T19:54:56","modified_gmt":"2023-09-26T19:54:56","slug":"sukienka-rosa","status":"publish","type":"product","link":"https:\/\/littlevintage.pl\/en\/product\/sukienka-rosa\/","title":{"rendered":"Sukienka Rosa"},"content":{"rendered":"<p>Rosa to taka s\u0142odycz, kt\u00f3rej nigdy do\u015b\u0107. Jak \u017cadna inna pasuje do ma\u0142ych Ksi\u0119\u017cniczek. Wpisze si\u0119 zapewne w ich przyj\u0119cia &#8222;na niby&#8221; i strojenie si\u0119 przed lustrem. Zyska uznanie ka\u017cdej cioci i wujka na rodzinnych uroczysto\u015bciach. Z reszt\u0105 ona wszystkich zachwyci. Musisz mi uwierzy\u0107 na s\u0142owo, dop\u00f3ki nie znajdzie si\u0119 w szafie Twojej ksi\u0119\u017cniczki. A wtedy sama zobaczysz, jak ta klasyczna, skromna sukienka z delikatnym, r\u00f3\u017canym wzorem potrafi zaczarowa\u0107 rzeczywisto\u015b\u0107.<\/p>","protected":false},"excerpt":{"rendered":"<p>Rosa. Najs\u0142odsza sukienka ever. Tak nam si\u0119 przynajmniej wydaje!<\/p>\n<p>Czas realizacji wynosi <strong>14 dni roboczych.<\/strong><\/p>\n<p><strong>Je\u015bli dopiero nas odkry\u0142a\u015b a sukienki potrzebujesz na ju\u017c, teraz, zaraz, pisz na<\/strong> <a href=\"mailto:kontakt@littlevintage.pl\"><b>kontakt@littlevintage.pl<\/b><\/a>\u00a0 : )<\/p>","protected":false},"featured_media":3651,"comment_status":"closed","ping_status":"closed","template":"","meta":{"_exactmetrics_skip_tracking":false,"_exactmetrics_sitenote_active":false,"_exactmetrics_sitenote_note":"","_exactmetrics_sitenote_category":0},"product_cat":[15],"product_tag":[96,95,94,93,67],"_links":{"self":[{"href":"https:\/\/littlevintage.pl\/en\/wp-json\/wp\/v2\/product\/3643"}],"collection":[{"href":"https:\/\/littlevintage.pl\/en\/wp-json\/wp\/v2\/product"}],"about":[{"href":"https:\/\/littlevintage.pl\/en\/wp-json\/wp\/v2\/types\/product"}],"replies":[{"embeddable":true,"href":"https:\/\/littlevintage.pl\/en\/wp-json\/wp\/v2\/comments?post=3643"}],"version-history":[{"count":2,"href":"https:\/\/littlevintage.pl\/en\/wp-json\/wp\/v2\/product\/3643\/revisions"}],"predecessor-version":[{"id":4309,"href":"https:\/\/littlevintage.pl\/en\/wp-json\/wp\/v2\/product\/3643\/revisions\/4309"}],"wp:featuredmedia":[{"embeddable":true,"href":"https:\/\/littlevintage.pl\/en\/wp-json\/wp\/v2\/media\/3651"}],"wp:attachment":[{"href":"https:\/\/littlevintage.pl\/en\/wp-json\/wp\/v2\/media?parent=3643"}],"wp:term":[{"taxonomy":"product_cat","embeddable":true,"href":"https:\/\/littlevintage.pl\/en\/wp-json\/wp\/v2\/product_cat?post=3643"},{"taxonomy":"product_tag","embeddable":true,"href":"https:\/\/littlevintage.pl\/en\/wp-json\/wp\/v2\/product_tag?post=3643"}],"curies":[{"name":"wp","href":"https:\/\/api.w.org\/{rel}","templated":true}]}}