{"id":3616,"date":"2020-03-10T14:38:13","date_gmt":"2020-03-10T14:38:13","guid":{"rendered":"https:\/\/littlevintage.pl\/?post_type=product&#038;p=3616"},"modified":"2023-09-26T19:55:53","modified_gmt":"2023-09-26T19:55:53","slug":"sukienka-blue-poppy-krotki-rekaw","status":"publish","type":"product","link":"https:\/\/littlevintage.pl\/en\/product\/sukienka-blue-poppy-krotki-rekaw\/","title":{"rendered":"Sukienka Blue Poppy Kr\u00f3tki R\u0119kaw"},"content":{"rendered":"<p>Niebieskie kwiaty na bia\u0142ym tle.\u00a0 Lekka, subtelna sukienka na specjalne okazje. A kiedy sko\u0144czy si\u0119 wyj\u0105tkowy dzie\u0144, niech nie wisi w szafie! B\u0119dzie sprawdza\u0107 si\u0119 w ciep\u0142e wiosenne i letnie dni. Bawe\u0142na premium daje komfort noszenia, nie b\u00f3j si\u0119 wi\u0119c za\u0142o\u017cy\u0107 j\u0105 swojej C\u00f3rce nawet w najwi\u0119ksze upa\u0142y. Je\u015bli kochasz klasyk\u0119, ta sukienka z ko\u0142nierzykiem &#8222;bebe&#8221; na pewno przypadnie Ci do gustu.<\/p>\n<p><strong>Ka\u017cdy produkt szyjemy specjalnie dla Ciebie, dlatego czas realizacji wynosi 7-10 dni roboczych. Wiemy, \u017ce to niema\u0142o, ale na dobre rzeczy warto poczeka\u0107 \ud83d\ude09 Jednak, je\u015bli potrzebujesz czego\u015b na ju\u017c, napisz na <a href=\"mailto:kontakt@littlevintage.pl\">kontakt@littlevintage.pl<\/a> , zrobimy co si\u0119 da \u017ceby pom\u00f3c!<\/strong><\/p>","protected":false},"excerpt":{"rendered":"<p>Sukienka Blue Poppy z bawe\u0142ny premium.<\/p>\n<ul>\n<li>uszyta i zaprojektowana w Polsce<\/li>\n<li>czas realizacji wynosi<strong>\u00a07-10 dni<\/strong>\u00a0roboczych.<br \/>\nWiemy, \u017ce to niema\u0142o, ale na dobre rzeczy warto poczeka\u0107 : )<\/li>\n<li>masz\u00a0<strong>30 dni na zwrot\u00a0<\/strong><\/li>\n<li>dostawa do Polski za 14 z\u0142 kurierem DPD<\/li>\n<li>darmowa wysy\u0142ka powy\u017cej\u00a0<strong>350 z\u0142<\/strong><\/li>\n<li>wysy\u0142amy za granic\u0119!<\/li>\n<li>zap\u0142a\u0107 bezpiecznie przez\u00a0<strong>Przelewy24<\/strong>\u00a0lub\u00a0<strong>PayPal<\/strong><\/li>\n<\/ul>\n<p><strong>Je\u015bli dopiero nas odkry\u0142a\u015b a sukienki potrzebujesz na ju\u017c, teraz, zaraz, pisz na<\/strong> <a href=\"mailto:kontakt@littlevintage.pl\"><b>kontakt@littlevintage.pl<\/b><\/a>\u00a0 : )<\/p>","protected":false},"featured_media":3626,"comment_status":"closed","ping_status":"closed","template":"","meta":{"_exactmetrics_skip_tracking":false,"_exactmetrics_sitenote_active":false,"_exactmetrics_sitenote_note":"","_exactmetrics_sitenote_category":0},"product_cat":[127],"product_tag":[96,95,94,93,23],"_links":{"self":[{"href":"https:\/\/littlevintage.pl\/en\/wp-json\/wp\/v2\/product\/3616"}],"collection":[{"href":"https:\/\/littlevintage.pl\/en\/wp-json\/wp\/v2\/product"}],"about":[{"href":"https:\/\/littlevintage.pl\/en\/wp-json\/wp\/v2\/types\/product"}],"replies":[{"embeddable":true,"href":"https:\/\/littlevintage.pl\/en\/wp-json\/wp\/v2\/comments?post=3616"}],"version-history":[{"count":7,"href":"https:\/\/littlevintage.pl\/en\/wp-json\/wp\/v2\/product\/3616\/revisions"}],"predecessor-version":[{"id":6070,"href":"https:\/\/littlevintage.pl\/en\/wp-json\/wp\/v2\/product\/3616\/revisions\/6070"}],"wp:featuredmedia":[{"embeddable":true,"href":"https:\/\/littlevintage.pl\/en\/wp-json\/wp\/v2\/media\/3626"}],"wp:attachment":[{"href":"https:\/\/littlevintage.pl\/en\/wp-json\/wp\/v2\/media?parent=3616"}],"wp:term":[{"taxonomy":"product_cat","embeddable":true,"href":"https:\/\/littlevintage.pl\/en\/wp-json\/wp\/v2\/product_cat?post=3616"},{"taxonomy":"product_tag","embeddable":true,"href":"https:\/\/littlevintage.pl\/en\/wp-json\/wp\/v2\/product_tag?post=3616"}],"curies":[{"name":"wp","href":"https:\/\/api.w.org\/{rel}","templated":true}]}}