{"id":2960,"date":"2019-10-11T16:16:21","date_gmt":"2019-10-11T16:16:21","guid":{"rendered":"https:\/\/littlevintage.pl\/?post_type=product&#038;p=2960"},"modified":"2023-09-26T19:56:18","modified_gmt":"2023-09-26T19:56:18","slug":"sukienka-back-to-school","status":"publish","type":"product","link":"https:\/\/littlevintage.pl\/en\/product\/sukienka-back-to-school\/","title":{"rendered":"Sukienka Back to School"},"content":{"rendered":"<p>Klasyka w wydaniu dla dziewczynki. Sukienka Back to school z granatowego batystu w delikatne groszki i bia\u0142y ko\u0142nierzyk to duet idealny na wszystkie formalne okazje, uroczysto\u015bci i wyst\u0119py. Spe\u0142nia wymogi formalnego stroju, jest \u015bwietna jako\u015bciowo i na pewno b\u0119dzie s\u0142u\u017cy\u0107 niejednej ma\u0142ej dziewczynce.<\/p>","protected":false},"excerpt":{"rendered":"<p>Batystowa sukienka Back to School<\/p>\n<p>Czas realizacji wynosi <strong>do 14 dni roboczych.<\/strong><\/p>\n<p><b>Je\u015bli chcesz, aby\u015bmy wys\u0142ali ten produkt za granic\u0119, napisz na\u00a0<\/b><a href=\"mailto:kontakt@littlevintage.pl\"><b>kontakt@littlevintage.pl<\/b><\/a><\/p>","protected":false},"featured_media":2976,"comment_status":"closed","ping_status":"closed","template":"","meta":{"_exactmetrics_skip_tracking":false,"_exactmetrics_sitenote_active":false,"_exactmetrics_sitenote_note":"","_exactmetrics_sitenote_category":0},"product_cat":[15],"product_tag":[23],"_links":{"self":[{"href":"https:\/\/littlevintage.pl\/en\/wp-json\/wp\/v2\/product\/2960"}],"collection":[{"href":"https:\/\/littlevintage.pl\/en\/wp-json\/wp\/v2\/product"}],"about":[{"href":"https:\/\/littlevintage.pl\/en\/wp-json\/wp\/v2\/types\/product"}],"replies":[{"embeddable":true,"href":"https:\/\/littlevintage.pl\/en\/wp-json\/wp\/v2\/comments?post=2960"}],"version-history":[{"count":2,"href":"https:\/\/littlevintage.pl\/en\/wp-json\/wp\/v2\/product\/2960\/revisions"}],"predecessor-version":[{"id":3235,"href":"https:\/\/littlevintage.pl\/en\/wp-json\/wp\/v2\/product\/2960\/revisions\/3235"}],"wp:featuredmedia":[{"embeddable":true,"href":"https:\/\/littlevintage.pl\/en\/wp-json\/wp\/v2\/media\/2976"}],"wp:attachment":[{"href":"https:\/\/littlevintage.pl\/en\/wp-json\/wp\/v2\/media?parent=2960"}],"wp:term":[{"taxonomy":"product_cat","embeddable":true,"href":"https:\/\/littlevintage.pl\/en\/wp-json\/wp\/v2\/product_cat?post=2960"},{"taxonomy":"product_tag","embeddable":true,"href":"https:\/\/littlevintage.pl\/en\/wp-json\/wp\/v2\/product_tag?post=2960"}],"curies":[{"name":"wp","href":"https:\/\/api.w.org\/{rel}","templated":true}]}}